{"id":2788,"date":"2020-10-29T05:27:26","date_gmt":"2020-10-29T04:27:26","guid":{"rendered":"https:\/\/www.camping-pyrenees.com\/location-emplacements-pyrennees\/"},"modified":"2021-10-25T10:11:38","modified_gmt":"2021-10-25T08:11:38","slug":"rental-pitches-pyrennees","status":"publish","type":"page","link":"https:\/\/www.camping-pyrenees.com\/en\/rental-pitches-pyrennees\/","title":{"rendered":"H\u00e9bergements : Emplacements"},"content":{"rendered":"<section id=\"section-5f85acbd70cfe\"\" class=\"section bg-white p-b-0\" \/><div class=\"container extralarge\"><h1 class=\"element section-title center\">Pitches for rent in the Pyrenees<\/h1><\/div><\/section>\n\n<section id=\"section-5fb3f60ddf2e2\"\" class=\"section bg-white p-t-0\" \/><div class=\"container extralarge\"><div class=\"element bloc-text justify \">\n\t<p><script>\n    window.ctoutvert = {\n        id: 2481,\n        lang: 'auto',\n        url: 'https:\/\/bookingpremium.secureholiday.net\/widgets\/', \n    };\n    (function (w, d, s, ctv, r, js, fjs) {\n        r=new XMLHttpRequest();r.open('GET',w[ctv].url+'js\/src.json');\n        r.responseType='json';r.json=true;r.send();\n        r.onload=function(){w[ctv].src=r.responseType=='json'?r.response:JSON.parse(r.response);\n        js.src=w[ctv].src[0];fjs.parentNode.insertBefore(js, fjs);}\n        js=d.createElement(s),fjs=d.getElementsByTagName(s)[0];\n        js.id='ctvwidget';js.async=1;\n    }(window, document, 'script', 'ctoutvert'));\n<\/script><br \/>\n<ctv-availability data-product-type='pitch' data-month-year='04@2021'><\/ctv-availability><\/p>\n<\/div><\/div><\/section>\n\n<section id=\"section-5f85acbd710f2\"\" class=\"section bg-color3 p-t-0 p-b-0\" \/><div class=\"container full\"><div class=\"colonnes-wrap valign-middle \"><div class=\"element colonne p-x-10 p-y-4\"><h2 class=\"element section-title left\">Our spacious pitches in Aramits<\/h2><div class=\"element bloc-text justify \">\n\t<p>You want to get away from it all during your vacation? Discover new landscapes and territories?<\/p>\n<p>The <strong class=\"bold color2\">Comfort pitches<\/strong> from <a href=\"\/en\/\">Camping Bar\u00e9tous Pyr\u00e9n\u00e9es<\/a> in B\u00e9arn at the limit of the Basque Country will allow you to spend a pleasant, calm and restful stay in the middle of nature. Its proximity to the Basque Country will give you the opportunity to discover its typical houses, its local cuisine and the many cultural treasures it shelters.<\/p>\n<p>Whatever your equipment: tent, caravan, camper, you will find your place on our 32 vast flat, grassy and well delimited pitches, ranging from 90 to 130 m\u00b2. <\/p>\n<\/div><\/div><div class=\"element colonne mozaique-img p-0\"><div class=\"element images\"><div class=\"image\"><img decoding=\"async\" src=\"https:\/\/www.camping-pyrenees.com\/wp-content\/uploads\/2020\/11\/emplacement-camping-car-terrain-100x84.jpg\" data-src=\"https:\/\/www.camping-pyrenees.com\/wp-content\/uploads\/2020\/11\/emplacement-camping-car-terrain.jpg\" alt=\"emplacement camping car terrain\" class=\"images_image\" \/><\/div><div class=\"image\"><img decoding=\"async\" src=\"https:\/\/www.camping-pyrenees.com\/wp-content\/uploads\/2020\/11\/emplacement-tente-100x84.jpg\" data-src=\"https:\/\/www.camping-pyrenees.com\/wp-content\/uploads\/2020\/11\/emplacement-tente.jpg\" alt=\"emplacement tente\" class=\"images_image\" \/><\/div><\/div><div class=\"element images\"><div class=\"image\"><img decoding=\"async\" src=\"https:\/\/www.camping-pyrenees.com\/wp-content\/uploads\/2020\/11\/famille-camping-1-100x84.jpg\" data-src=\"https:\/\/www.camping-pyrenees.com\/wp-content\/uploads\/2020\/11\/famille-camping-1.jpg\" alt=\"camping famille\" class=\"images_image\" \/><\/div><div class=\"image\"><img decoding=\"async\" src=\"https:\/\/www.camping-pyrenees.com\/wp-content\/uploads\/2020\/11\/emplacements-camping-car-100x56.jpg\" data-src=\"https:\/\/www.camping-pyrenees.com\/wp-content\/uploads\/2020\/11\/emplacements-camping-car.jpg\" alt=\"emplacements camping car\" class=\"images_image\" \/><\/div><\/div><\/div><\/div><\/div><\/section>\n\n<section id=\"section-5f85a720bbf4a\"\" class=\"section bg-white p-t-0 p-b-0\" \/><div class=\"container full\"><div class=\"colonnes-wrap valign-middle \"><div class=\"element colonne mozaique-img p-0\"><div class=\"element images\"><div class=\"image\"><img decoding=\"async\" src=\"https:\/\/www.camping-pyrenees.com\/wp-content\/uploads\/2020\/11\/emplacement-camping-car-100x84.jpg\" data-src=\"https:\/\/www.camping-pyrenees.com\/wp-content\/uploads\/2020\/11\/emplacement-camping-car.jpg\" alt=\"emplacement camping car\" class=\"images_image\" \/><\/div><div class=\"image\"><img decoding=\"async\" src=\"https:\/\/www.camping-pyrenees.com\/wp-content\/uploads\/2020\/11\/camping-car-enfant-100x84.jpg\" data-src=\"https:\/\/www.camping-pyrenees.com\/wp-content\/uploads\/2020\/11\/camping-car-enfant.jpg\" alt=\"camping famille enfant\" class=\"images_image\" \/><\/div><\/div><div class=\"element images\"><div class=\"image\"><img decoding=\"async\" src=\"https:\/\/www.camping-pyrenees.com\/wp-content\/uploads\/2020\/11\/tente-amis-100x84.jpg\" data-src=\"https:\/\/www.camping-pyrenees.com\/wp-content\/uploads\/2020\/11\/tente-amis.jpg\" alt=\"tente amis\" class=\"images_image\" \/><\/div><div class=\"image\"><img decoding=\"async\" src=\"https:\/\/www.camping-pyrenees.com\/wp-content\/uploads\/2020\/11\/camping-car-emplacement-100x84.jpg\" data-src=\"https:\/\/www.camping-pyrenees.com\/wp-content\/uploads\/2020\/11\/camping-car-emplacement.jpg\" alt=\"camping car emplacement\" class=\"images_image\" \/><\/div><\/div><\/div><div class=\"element colonne p-x-10 p-y-4\"><h2 class=\"element section-title left\">Rental of pitches at the campsite<\/h2><div class=\"element bloc-text justify \">\n\t<p>Purists of camping, you are looking for a camping not expensive in the Pyrenees, you will find your pitch in the shade of big oaks or on <strong class=\"bold color2\">sunny pitches<\/strong>, for very affordable rates from 10 \u20ac per night. <\/p>\n<p>The services are never far from your pitch. 3 sanitary facilities are at your disposal, with toilets and hot showers at all times. <\/p>\n<p>The plantations are carefully maintained and enhance the natural aspect of the land.<\/p>\n<p><strong class=\"bold color2\">Practical information :<\/strong> If you wish to connect to the electrical connection, remember to bring an adapter to the European terminals and an extension cord of about 15 to 20 m (possibility of lending adapter and extension cord). <\/p>\n<p>For the greatest happiness of your whole family, you will stay in a <strong class=\"bold color2\">peaceful and natural setting<\/strong> by opting for the rental of a pitch. With free access to our services such as the swimming pool, our playground and our snack bar, you will live unforgettable moments. <\/p>\n<p>After a day discovering the pretty towns and villages nearby, you will enjoy our restaurant area for a family dinner. Then, return to your tent, caravan or camper in your quiet location surrounded by greenery. <\/p>\n<\/div><\/div><\/div><\/div><\/section>\n\n<section id=\"section-cta-bottom\"\" class=\"section bg-color3\" \/><div class=\"container extralarge\"><div class=\"element section-title center title-cta\">Discover our rentals<\/div><ul class=\"liste-de-page\"><li class=\"element call-to-action carre call-to-action--style-1 call-to-action--normal\"><a href=\"https:\/\/www.camping-pyrenees.com\/en\/cheap-camping-pyrenees\/\"  class=\"call-to-action_link\" title=\"Learn more about our rates\"><div class=\"call-to-action_image\"><img decoding=\"async\" src=\"https:\/\/www.camping-pyrenees.com\/wp-content\/uploads\/2020\/11\/village-chalet-camping-100x56.jpg\" data-src=\"https:\/\/www.camping-pyrenees.com\/wp-content\/uploads\/2020\/11\/village-chalet-camping.jpg\" alt=\"village chalet camping\" class=\"normal\" \/><\/div><div class=\"call-to-action_contenu\"><div class=\"call-to-action_titre\">Our rates<\/div><\/div><\/a><\/li><li class=\"element call-to-action carre call-to-action--style-1 call-to-action--normal call-to-action--style-1 call-to-action--normal\"><a href=\"https:\/\/www.camping-pyrenees.com\/en\/mobile-home-rental-pyrenees\/\"  class=\"call-to-action_link\" title=\"Learn more about our mobile homes\"><div class=\"call-to-action_image\"><img decoding=\"async\" src=\"https:\/\/www.camping-pyrenees.com\/wp-content\/uploads\/2021\/04\/MH14.2-1-100x56.jpg\" data-src=\"https:\/\/www.camping-pyrenees.com\/wp-content\/uploads\/2021\/04\/MH14.2-1.jpg\" alt=\"location mobile home camping baretous\" class=\"normal\" \/><\/div><div class=\"call-to-action_contenu\"><div class=\"call-to-action_titre\">Our mobile homes<\/div><\/div><\/a><\/li><li class=\"element call-to-action carre call-to-action--style-1 call-to-action--normal call-to-action--style-1 call-to-action--normal call-to-action--style-1 call-to-action--normal\"><a href=\"https:\/\/www.camping-pyrenees.com\/en\/rental-chalet-pyrenees\/\"  class=\"call-to-action_link\" title=\"Learn more about our cottages\"><div class=\"call-to-action_image\"><img decoding=\"async\" src=\"https:\/\/www.camping-pyrenees.com\/wp-content\/uploads\/2020\/11\/chalet-exterieur-100x56.jpg\" data-src=\"https:\/\/www.camping-pyrenees.com\/wp-content\/uploads\/2020\/11\/chalet-exterieur.jpg\" alt=\"chalet exterieur\" class=\"normal\" \/><\/div><div class=\"call-to-action_contenu\"><div class=\"call-to-action_titre\">Our cottages<\/div><\/div><\/a><\/li><\/ul><\/div><\/section>","protected":false},"excerpt":{"rendered":"","protected":false},"author":1,"featured_media":1222,"parent":0,"menu_order":0,"comment_status":"closed","ping_status":"closed","template":"","meta":{"_acf_changed":false,"footnotes":""},"class_list":["post-2788","page","type-page","status-publish","has-post-thumbnail","hentry"],"acf":[],"yoast_head":"<!-- This site is optimized with the Yoast SEO plugin v25.3 - https:\/\/yoast.com\/wordpress\/plugins\/seo\/ -->\n<title>Rent a pitch Pyrenees | Rent a pitch in Aramits (64)<\/title>\n<meta name=\"robots\" content=\"index, follow, max-snippet:-1, max-image-preview:large, max-video-preview:-1\" \/>\n<link rel=\"canonical\" href=\"https:\/\/www.camping-pyrenees.com\/en\/rental-pitches-pyrennees\/\" \/>\n<meta property=\"og:locale\" content=\"en_US\" \/>\n<meta property=\"og:type\" content=\"article\" \/>\n<meta property=\"og:title\" content=\"Rent a pitch Pyrenees | Rent a pitch in Aramits (64)\" \/>\n<meta property=\"og:url\" content=\"https:\/\/www.camping-pyrenees.com\/en\/rental-pitches-pyrennees\/\" \/>\n<meta property=\"og:site_name\" content=\"Camping Baretous PYRENEES\" \/>\n<meta property=\"article:modified_time\" content=\"2021-10-25T08:11:38+00:00\" \/>\n<meta property=\"og:image\" content=\"https:\/\/www.camping-pyrenees.com\/wp-content\/uploads\/2020\/11\/famille-tente.jpg\" \/>\n\t<meta property=\"og:image:width\" content=\"1902\" \/>\n\t<meta property=\"og:image:height\" content=\"450\" \/>\n\t<meta property=\"og:image:type\" content=\"image\/jpeg\" \/>\n<meta name=\"twitter:card\" content=\"summary_large_image\" \/>\n<script type=\"application\/ld+json\" class=\"yoast-schema-graph\">{\"@context\":\"https:\/\/schema.org\",\"@graph\":[{\"@type\":\"WebPage\",\"@id\":\"https:\/\/www.camping-pyrenees.com\/en\/rental-pitches-pyrennees\/\",\"url\":\"https:\/\/www.camping-pyrenees.com\/en\/rental-pitches-pyrennees\/\",\"name\":\"Rent a pitch Pyrenees | Rent a pitch in Aramits (64)\",\"isPartOf\":{\"@id\":\"https:\/\/www.camping-pyrenees.com\/en\/#website\"},\"primaryImageOfPage\":{\"@id\":\"https:\/\/www.camping-pyrenees.com\/en\/rental-pitches-pyrennees\/#primaryimage\"},\"image\":{\"@id\":\"https:\/\/www.camping-pyrenees.com\/en\/rental-pitches-pyrennees\/#primaryimage\"},\"thumbnailUrl\":\"https:\/\/www.camping-pyrenees.com\/wp-content\/uploads\/2020\/11\/famille-tente.jpg\",\"datePublished\":\"2020-10-29T04:27:26+00:00\",\"dateModified\":\"2021-10-25T08:11:38+00:00\",\"breadcrumb\":{\"@id\":\"https:\/\/www.camping-pyrenees.com\/en\/rental-pitches-pyrennees\/#breadcrumb\"},\"inLanguage\":\"en-US\",\"potentialAction\":[{\"@type\":\"ReadAction\",\"target\":[\"https:\/\/www.camping-pyrenees.com\/en\/rental-pitches-pyrennees\/\"]}]},{\"@type\":\"ImageObject\",\"inLanguage\":\"en-US\",\"@id\":\"https:\/\/www.camping-pyrenees.com\/en\/rental-pitches-pyrennees\/#primaryimage\",\"url\":\"https:\/\/www.camping-pyrenees.com\/wp-content\/uploads\/2020\/11\/famille-tente.jpg\",\"contentUrl\":\"https:\/\/www.camping-pyrenees.com\/wp-content\/uploads\/2020\/11\/famille-tente.jpg\",\"width\":1902,\"height\":450,\"caption\":\"1195384\"},{\"@type\":\"BreadcrumbList\",\"@id\":\"https:\/\/www.camping-pyrenees.com\/en\/rental-pitches-pyrennees\/#breadcrumb\",\"itemListElement\":[{\"@type\":\"ListItem\",\"position\":1,\"name\":\"Campsite Pyr\u00e9n\u00e9es\",\"item\":\"https:\/\/www.camping-pyrenees.com\/en\/\"},{\"@type\":\"ListItem\",\"position\":2,\"name\":\"Rent a pitch\"}]},{\"@type\":\"WebSite\",\"@id\":\"https:\/\/www.camping-pyrenees.com\/en\/#website\",\"url\":\"https:\/\/www.camping-pyrenees.com\/en\/\",\"name\":\"Camping Baretous PYRENEES\",\"description\":\"\",\"potentialAction\":[{\"@type\":\"SearchAction\",\"target\":{\"@type\":\"EntryPoint\",\"urlTemplate\":\"https:\/\/www.camping-pyrenees.com\/en\/?s={search_term_string}\"},\"query-input\":{\"@type\":\"PropertyValueSpecification\",\"valueRequired\":true,\"valueName\":\"search_term_string\"}}],\"inLanguage\":\"en-US\"}]}<\/script>\n<!-- \/ Yoast SEO plugin. -->","yoast_head_json":{"title":"Rent a pitch Pyrenees | Rent a pitch in Aramits (64)","robots":{"index":"index","follow":"follow","max-snippet":"max-snippet:-1","max-image-preview":"max-image-preview:large","max-video-preview":"max-video-preview:-1"},"canonical":"https:\/\/www.camping-pyrenees.com\/en\/rental-pitches-pyrennees\/","og_locale":"en_US","og_type":"article","og_title":"Rent a pitch Pyrenees | Rent a pitch in Aramits (64)","og_url":"https:\/\/www.camping-pyrenees.com\/en\/rental-pitches-pyrennees\/","og_site_name":"Camping Baretous PYRENEES","article_modified_time":"2021-10-25T08:11:38+00:00","og_image":[{"width":1902,"height":450,"url":"https:\/\/www.camping-pyrenees.com\/wp-content\/uploads\/2020\/11\/famille-tente.jpg","type":"image\/jpeg"}],"twitter_card":"summary_large_image","schema":{"@context":"https:\/\/schema.org","@graph":[{"@type":"WebPage","@id":"https:\/\/www.camping-pyrenees.com\/en\/rental-pitches-pyrennees\/","url":"https:\/\/www.camping-pyrenees.com\/en\/rental-pitches-pyrennees\/","name":"Rent a pitch Pyrenees | Rent a pitch in Aramits (64)","isPartOf":{"@id":"https:\/\/www.camping-pyrenees.com\/en\/#website"},"primaryImageOfPage":{"@id":"https:\/\/www.camping-pyrenees.com\/en\/rental-pitches-pyrennees\/#primaryimage"},"image":{"@id":"https:\/\/www.camping-pyrenees.com\/en\/rental-pitches-pyrennees\/#primaryimage"},"thumbnailUrl":"https:\/\/www.camping-pyrenees.com\/wp-content\/uploads\/2020\/11\/famille-tente.jpg","datePublished":"2020-10-29T04:27:26+00:00","dateModified":"2021-10-25T08:11:38+00:00","breadcrumb":{"@id":"https:\/\/www.camping-pyrenees.com\/en\/rental-pitches-pyrennees\/#breadcrumb"},"inLanguage":"en-US","potentialAction":[{"@type":"ReadAction","target":["https:\/\/www.camping-pyrenees.com\/en\/rental-pitches-pyrennees\/"]}]},{"@type":"ImageObject","inLanguage":"en-US","@id":"https:\/\/www.camping-pyrenees.com\/en\/rental-pitches-pyrennees\/#primaryimage","url":"https:\/\/www.camping-pyrenees.com\/wp-content\/uploads\/2020\/11\/famille-tente.jpg","contentUrl":"https:\/\/www.camping-pyrenees.com\/wp-content\/uploads\/2020\/11\/famille-tente.jpg","width":1902,"height":450,"caption":"1195384"},{"@type":"BreadcrumbList","@id":"https:\/\/www.camping-pyrenees.com\/en\/rental-pitches-pyrennees\/#breadcrumb","itemListElement":[{"@type":"ListItem","position":1,"name":"Campsite Pyr\u00e9n\u00e9es","item":"https:\/\/www.camping-pyrenees.com\/en\/"},{"@type":"ListItem","position":2,"name":"Rent a pitch"}]},{"@type":"WebSite","@id":"https:\/\/www.camping-pyrenees.com\/en\/#website","url":"https:\/\/www.camping-pyrenees.com\/en\/","name":"Camping Baretous PYRENEES","description":"","potentialAction":[{"@type":"SearchAction","target":{"@type":"EntryPoint","urlTemplate":"https:\/\/www.camping-pyrenees.com\/en\/?s={search_term_string}"},"query-input":{"@type":"PropertyValueSpecification","valueRequired":true,"valueName":"search_term_string"}}],"inLanguage":"en-US"}]}},"_links":{"self":[{"href":"https:\/\/www.camping-pyrenees.com\/en\/wp-json\/wp\/v2\/pages\/2788"}],"collection":[{"href":"https:\/\/www.camping-pyrenees.com\/en\/wp-json\/wp\/v2\/pages"}],"about":[{"href":"https:\/\/www.camping-pyrenees.com\/en\/wp-json\/wp\/v2\/types\/page"}],"author":[{"embeddable":true,"href":"https:\/\/www.camping-pyrenees.com\/en\/wp-json\/wp\/v2\/users\/1"}],"replies":[{"embeddable":true,"href":"https:\/\/www.camping-pyrenees.com\/en\/wp-json\/wp\/v2\/comments?post=2788"}],"version-history":[{"count":8,"href":"https:\/\/www.camping-pyrenees.com\/en\/wp-json\/wp\/v2\/pages\/2788\/revisions"}],"predecessor-version":[{"id":4048,"href":"https:\/\/www.camping-pyrenees.com\/en\/wp-json\/wp\/v2\/pages\/2788\/revisions\/4048"}],"wp:featuredmedia":[{"embeddable":true,"href":"https:\/\/www.camping-pyrenees.com\/en\/wp-json\/wp\/v2\/media\/1222"}],"wp:attachment":[{"href":"https:\/\/www.camping-pyrenees.com\/en\/wp-json\/wp\/v2\/media?parent=2788"}],"curies":[{"name":"wp","href":"https:\/\/api.w.org\/{rel}","templated":true}]}}