{"id":2797,"date":"2020-10-29T05:29:02","date_gmt":"2020-10-29T04:29:02","guid":{"rendered":"https:\/\/www.camping-pyrenees.com\/location-chalet-pyrenees\/"},"modified":"2020-12-14T10:55:09","modified_gmt":"2020-12-14T09:55:09","slug":"rental-chalet-pyrenees","status":"publish","type":"page","link":"https:\/\/www.camping-pyrenees.com\/en\/rental-chalet-pyrenees\/","title":{"rendered":"H\u00e9bergements : Chalets"},"content":{"rendered":"<section id=\"section-5f85acbd70cfe\"\" class=\"section bg-white p-b-0\" \/><div class=\"container extralarge\"><h1 class=\"element section-title center\">Cottage rentals in the Pyr\u00e9n\u00e9es-Atlantiques<\/h1><\/div><\/section>\n\n<section id=\"section-5fb29922b6973\"\" class=\"section bg-white p-t-0\" \/><div class=\"container extralarge\"><ul class=\"liste-de-page hebergements\"><div class=\"row scroll-x-mobile\"><li class=\"element hebergement call-to-action call-to-action--style-2   number-of-rooms-2 number-of-people-5 area-35 from-38\"><div class=\"hebergement_link\" id=\"2693\"><div class=\"call-to-action_image\"><img decoding=\"async\" src=\"https:\/\/www.camping-pyrenees.com\/wp-content\/uploads\/2020\/11\/chalet-baretous.jpg\" data-src=\"https:\/\/www.camping-pyrenees.com\/wp-content\/uploads\/2020\/11\/chalet-baretous.jpg\" alt=\"chalet baretous\" class=\"\" \/><\/div><div class=\"call-to-action_contenu\"><div class=\"call-to-action_titre\">Premium Chalet<\/div><\/div><div class=\"hebergement-attributs\"><span class=\"attribut number-of-rooms\">2 <\/span><span class=\"attribut number-of-people\">5 <\/span><span class=\"attribut area\">35m\u00b2<\/span><span class=\"attribut from\">From<br\/> 38\u20ac\/night<\/span><\/div><\/div><\/li><li class=\"element hebergement call-to-action call-to-action--style-2   number-of-rooms-2 number-of-people-4 area-35 from-42 animaux-interdits-span-classhide1span\"><div class=\"hebergement_link\" id=\"2713\"><div class=\"call-to-action_image\"><img decoding=\"async\" src=\"https:\/\/www.camping-pyrenees.com\/wp-content\/uploads\/2020\/11\/chalet-pmr-pyrennees.jpg\" data-src=\"https:\/\/www.camping-pyrenees.com\/wp-content\/uploads\/2020\/11\/chalet-pmr-pyrennees.jpg\" alt=\"chalet pmr Pyr\u00e9n\u00e9es\" class=\"\" \/><\/div><div class=\"call-to-action_contenu\"><div class=\"call-to-action_titre\">Cottage Premium PMR<\/div><\/div><div class=\"hebergement-attributs\"><span class=\"attribut number-of-rooms\">2 <\/span><span class=\"attribut number-of-people\">4 <\/span><span class=\"attribut area\">35m\u00b2<\/span><span class=\"attribut from\">From<br\/> 42\u20ac\/night<\/span><span class=\"attribut animaux-interdits\"><span class=\"hide\">1<\/span> <\/span><\/div><\/div><\/li><\/div><\/ul><\/div><\/section>\n\n<section id=\"section-5f85acbd710f2\"\" class=\"section bg-color3 p-t-0 p-b-0\" \/><div class=\"container full\"><div class=\"colonnes-wrap valign-middle \"><div class=\"element colonne p-x-10 p-y-4\"><h2 class=\"element section-title left\">The chalet village in Aramits<\/h2><div class=\"element bloc-text justify \">\n\t<p>Located in a village independent from the campsite, the <strong class=\"bold color2\">village Chalets<\/strong> is composed of 10 comfortable chalets on the riverside. With a surface area of 35 m\u00b2 and a 12 m\u00b2 covered terrace, you will stay in one of our chalets, well equipped and decorated with care. On a basis of reception of 5 persons, they can nevertheless accommodate up to 7 persons (supplement 6th and 7th person) with a good quality\/price ratio. <\/p>\n<p>The comfort of the chalet is maximum, with basic equipment for each one such as television and dishwasher. The <strong class=\"bold color2\">parental room<\/strong> is composed of 2 single beds of 80\u00d7190 cm with a door leading directly to the outside.<\/p>\n<p>The <strong class=\"bold color2\">second bedroom<\/strong> is equipped with 2 single bunk beds and a third retractable bed to leave space for children&#8217;s games or to place a cot.<\/p>\n<p>The <strong class=\"bold color2\">living room<\/strong> is composed of a sitting area with a sofa bed, coffee table and television, and a kitchen area equipped with refrigerator, water heater, sink, 4 burner hob, mini oven and microwave, dishwasher, crockery, coffee maker. Sanitary facilities with shower room with washbasin\/shower and separate WC. Sheets are provided for rent and a charcoal barbecue is at your disposal during your stay.<\/p>\n<p>In a <strong class=\"bold color2\">calm and natural environment<\/strong> away from the campsite, the chalets of the <strong class=\"bold color2\">&#8220;PREMIUM&#8221;<\/strong> range will give you the possibility to spend a quiet and disconnected vacation. Of course you have access to all the services of the structure: snack bar, swimming pool, playground&#8230;<\/p>\n<p>Ideally located to visit the tourist sites of B\u00e9arn and the Basque Country, you will enjoy a unique stay in the heart of the Pyrenees, in a natural and calm setting: it is the certainty of a successful vacation!!<\/p>\n<\/div><\/div><div class=\"element colonne mozaique-img p-0\"><div class=\"element images\"><div class=\"image\"><img decoding=\"async\" src=\"https:\/\/www.camping-pyrenees.com\/wp-content\/uploads\/2020\/11\/chalet-terrasse-100x84.jpg\" data-src=\"https:\/\/www.camping-pyrenees.com\/wp-content\/uploads\/2020\/11\/chalet-terrasse.jpg\" alt=\"chalet terrasse\" class=\"images_image\" \/><\/div><div class=\"image\"><img decoding=\"async\" src=\"https:\/\/www.camping-pyrenees.com\/wp-content\/uploads\/2020\/11\/chambre-parentale-chalet-100x84.jpg\" data-src=\"https:\/\/www.camping-pyrenees.com\/wp-content\/uploads\/2020\/11\/chambre-parentale-chalet.jpg\" alt=\"chambre parentale chalet\" class=\"images_image\" \/><\/div><\/div><div class=\"element images\"><div class=\"image\"><img decoding=\"async\" src=\"https:\/\/www.camping-pyrenees.com\/wp-content\/uploads\/2020\/12\/interieur-chalet-pyrennees-100x85.jpg\" data-src=\"https:\/\/www.camping-pyrenees.com\/wp-content\/uploads\/2020\/12\/interieur-chalet-pyrennees.jpg\" alt=\"salon chalet\" class=\"images_image\" \/><\/div><div class=\"image\"><img decoding=\"async\" src=\"https:\/\/www.camping-pyrenees.com\/wp-content\/uploads\/2020\/11\/exterieur-chalet-100x84.jpg\" data-src=\"https:\/\/www.camping-pyrenees.com\/wp-content\/uploads\/2020\/11\/exterieur-chalet.jpg\" alt=\"exterieur chalet\" class=\"images_image\" \/><\/div><\/div><\/div><\/div><\/div><\/section>\n\n<section id=\"section-5f85a720bbf4a\"\" class=\"section bg-white p-t-0 p-b-0\" \/><div class=\"container full\"><div class=\"colonnes-wrap valign-middle \"><div class=\"element colonne mozaique-img p-0\"><div class=\"element images\"><div class=\"image\"><img decoding=\"async\" src=\"https:\/\/www.camping-pyrenees.com\/wp-content\/uploads\/2020\/11\/chalet-pmr-100x84.jpg\" data-src=\"https:\/\/www.camping-pyrenees.com\/wp-content\/uploads\/2020\/11\/chalet-pmr.jpg\" alt=\"chalet pmr\" class=\"images_image\" \/><\/div><div class=\"image\"><img decoding=\"async\" src=\"https:\/\/www.camping-pyrenees.com\/wp-content\/uploads\/2020\/11\/salle-de-bain-chalet-100x84.jpg\" data-src=\"https:\/\/www.camping-pyrenees.com\/wp-content\/uploads\/2020\/11\/salle-de-bain-chalet.jpg\" alt=\"salle de bain chalet\" class=\"images_image\" \/><\/div><\/div><div class=\"element images\"><div class=\"image\"><img decoding=\"async\" src=\"https:\/\/www.camping-pyrenees.com\/wp-content\/uploads\/2020\/12\/salon-chalet-pyrennees-100x85.jpg\" data-src=\"https:\/\/www.camping-pyrenees.com\/wp-content\/uploads\/2020\/12\/salon-chalet-pyrennees.jpg\" alt=\"interieur salon chalet\" class=\"images_image\" \/><\/div><div class=\"image\"><img decoding=\"async\" src=\"https:\/\/www.camping-pyrenees.com\/wp-content\/uploads\/2020\/11\/chambre-enfants-chalet-100x84.jpg\" data-src=\"https:\/\/www.camping-pyrenees.com\/wp-content\/uploads\/2020\/11\/chambre-enfants-chalet.jpg\" alt=\"chambre enfants chalet\" class=\"images_image\" \/><\/div><\/div><\/div><div class=\"element colonne p-x-10 p-y-4\"><h2 class=\"element section-title left\">Chalets for people with reduced mobility<\/h2><div class=\"element bloc-text justify \">\n\t<p>The <strong class=\"bold color2\">Chalet PMR<\/strong> can accommodate up to 4 people, in Aramits in the Pyrenees and B\u00e9arn (Pyr\u00e9n\u00e9es-Atlantiques). Installed on a space close to the entrance of the <a href=\"\/en\/\">camping Baretous<\/a>, to facilitate access to the services of the structure: snack bar, swimming pool, games&#8230;<\/p>\n<p>The PMR chalet is designed to welcome people with reduced mobility but also all public. With a surface area of 35 m\u00b2 and a covered terrace of 12 m\u00b2, the comfort of the PMR chalet is maximum with 1 <strong class=\"bold color2\">parental room<\/strong> with 1 bed 140&#215;190 cm and 1 <strong class=\"bold color2\">children&#8217;s room<\/strong> with 2 beds 80&#215;190 cm, including 1 bunk bed. The <strong class=\"bold color2\">living room<\/strong> has for basic equipment in the kitchen area: television, dishwasher, refrigerator, sink, 2 burner hob, microwave\/grill, dishes, coffee maker, toaster. Sheets are provided for rent and a charcoal barbecue is at your disposal during your stay. A parking space is adjacent to the chalet. <\/p>\n<p>The ideal starting point for exploring the region, you will enjoy the tourist and cultural assets of B\u00e9arn and the Basque Country.<\/p>\n<\/div><\/div><\/div><\/div><\/section>\n\n<section id=\"section-cta-bottom\"\" class=\"section bg-color3\" \/><div class=\"container extralarge\"><div class=\"element section-title center title-cta\">Our rental accommodations<\/div><ul class=\"liste-de-page\"><li class=\"element call-to-action carre call-to-action--style-1 call-to-action--normal\"><a href=\"https:\/\/www.camping-pyrenees.com\/en\/cheap-camping-pyrenees\/\"  class=\"call-to-action_link\" title=\"Learn more about our rates\"><div class=\"call-to-action_image\"><img decoding=\"async\" src=\"https:\/\/www.camping-pyrenees.com\/wp-content\/uploads\/2020\/11\/village-chalet-camping-100x56.jpg\" data-src=\"https:\/\/www.camping-pyrenees.com\/wp-content\/uploads\/2020\/11\/village-chalet-camping.jpg\" alt=\"village chalet camping\" class=\"normal\" \/><\/div><div class=\"call-to-action_contenu\"><div class=\"call-to-action_titre\">Our rates<\/div><\/div><\/a><\/li><li class=\"element call-to-action carre call-to-action--style-1 call-to-action--normal call-to-action--style-1 call-to-action--normal\"><a href=\"https:\/\/www.camping-pyrenees.com\/en\/mobile-home-rental-pyrenees\/\"  class=\"call-to-action_link\" title=\"Learn more about our mobile homes\"><div class=\"call-to-action_image\"><img decoding=\"async\" src=\"https:\/\/www.camping-pyrenees.com\/wp-content\/uploads\/2021\/04\/MH14.2-1-100x56.jpg\" data-src=\"https:\/\/www.camping-pyrenees.com\/wp-content\/uploads\/2021\/04\/MH14.2-1.jpg\" alt=\"location mobile home camping baretous\" class=\"normal\" \/><\/div><div class=\"call-to-action_contenu\"><div class=\"call-to-action_titre\">Our mobile homes<\/div><\/div><\/a><\/li><li class=\"element call-to-action carre call-to-action--style-1 call-to-action--normal call-to-action--style-1 call-to-action--normal call-to-action--style-1 call-to-action--normal\"><a href=\"https:\/\/www.camping-pyrenees.com\/en\/rental-accommodations-pyrenees\/\"  class=\"call-to-action_link\" title=\"Learn more about our accommodations\"><div class=\"call-to-action_image\"><img decoding=\"async\" src=\"https:\/\/www.camping-pyrenees.com\/wp-content\/uploads\/2020\/11\/chalet-location-100x56.jpg\" data-src=\"https:\/\/www.camping-pyrenees.com\/wp-content\/uploads\/2020\/11\/chalet-location.jpg\" alt=\"chalet location\" class=\"normal\" \/><\/div><div class=\"call-to-action_contenu\"><div class=\"call-to-action_titre\">Our accommodations<\/div><\/div><\/a><\/li><\/ul><\/div><\/section>","protected":false},"excerpt":{"rendered":"","protected":false},"author":1,"featured_media":758,"parent":0,"menu_order":0,"comment_status":"closed","ping_status":"closed","template":"","meta":{"_acf_changed":false,"footnotes":""},"class_list":["post-2797","page","type-page","status-publish","has-post-thumbnail","hentry"],"acf":[],"yoast_head":"<!-- This site is optimized with the Yoast SEO plugin v25.3 - https:\/\/yoast.com\/wordpress\/plugins\/seo\/ -->\n<title>Chalet rental Pyr\u00e9n\u00e9es-Atlantiques | Rent a chalet in Aramits in 64<\/title>\n<meta name=\"robots\" content=\"index, follow, max-snippet:-1, max-image-preview:large, max-video-preview:-1\" \/>\n<link rel=\"canonical\" href=\"https:\/\/www.camping-pyrenees.com\/en\/rental-chalet-pyrenees\/\" \/>\n<meta property=\"og:locale\" content=\"en_US\" \/>\n<meta property=\"og:type\" content=\"article\" \/>\n<meta property=\"og:title\" content=\"Chalet rental Pyr\u00e9n\u00e9es-Atlantiques | Rent a chalet in Aramits in 64\" \/>\n<meta property=\"og:url\" content=\"https:\/\/www.camping-pyrenees.com\/en\/rental-chalet-pyrenees\/\" \/>\n<meta property=\"og:site_name\" content=\"Camping Baretous PYRENEES\" \/>\n<meta property=\"article:modified_time\" content=\"2020-12-14T09:55:09+00:00\" \/>\n<meta property=\"og:image\" content=\"https:\/\/www.camping-pyrenees.com\/wp-content\/uploads\/2020\/11\/village-chalets.jpg\" \/>\n\t<meta property=\"og:image:width\" content=\"1903\" \/>\n\t<meta property=\"og:image:height\" content=\"450\" \/>\n\t<meta property=\"og:image:type\" content=\"image\/jpeg\" \/>\n<meta name=\"twitter:card\" content=\"summary_large_image\" \/>\n<script type=\"application\/ld+json\" class=\"yoast-schema-graph\">{\"@context\":\"https:\/\/schema.org\",\"@graph\":[{\"@type\":\"WebPage\",\"@id\":\"https:\/\/www.camping-pyrenees.com\/en\/rental-chalet-pyrenees\/\",\"url\":\"https:\/\/www.camping-pyrenees.com\/en\/rental-chalet-pyrenees\/\",\"name\":\"Chalet rental Pyr\u00e9n\u00e9es-Atlantiques | Rent a chalet in Aramits in 64\",\"isPartOf\":{\"@id\":\"https:\/\/www.camping-pyrenees.com\/en\/#website\"},\"primaryImageOfPage\":{\"@id\":\"https:\/\/www.camping-pyrenees.com\/en\/rental-chalet-pyrenees\/#primaryimage\"},\"image\":{\"@id\":\"https:\/\/www.camping-pyrenees.com\/en\/rental-chalet-pyrenees\/#primaryimage\"},\"thumbnailUrl\":\"https:\/\/www.camping-pyrenees.com\/wp-content\/uploads\/2020\/11\/village-chalets.jpg\",\"datePublished\":\"2020-10-29T04:29:02+00:00\",\"dateModified\":\"2020-12-14T09:55:09+00:00\",\"breadcrumb\":{\"@id\":\"https:\/\/www.camping-pyrenees.com\/en\/rental-chalet-pyrenees\/#breadcrumb\"},\"inLanguage\":\"en-US\",\"potentialAction\":[{\"@type\":\"ReadAction\",\"target\":[\"https:\/\/www.camping-pyrenees.com\/en\/rental-chalet-pyrenees\/\"]}]},{\"@type\":\"ImageObject\",\"inLanguage\":\"en-US\",\"@id\":\"https:\/\/www.camping-pyrenees.com\/en\/rental-chalet-pyrenees\/#primaryimage\",\"url\":\"https:\/\/www.camping-pyrenees.com\/wp-content\/uploads\/2020\/11\/village-chalets.jpg\",\"contentUrl\":\"https:\/\/www.camping-pyrenees.com\/wp-content\/uploads\/2020\/11\/village-chalets.jpg\",\"width\":1903,\"height\":450,\"caption\":\"village chalets\"},{\"@type\":\"BreadcrumbList\",\"@id\":\"https:\/\/www.camping-pyrenees.com\/en\/rental-chalet-pyrenees\/#breadcrumb\",\"itemListElement\":[{\"@type\":\"ListItem\",\"position\":1,\"name\":\"Campsite Pyr\u00e9n\u00e9es\",\"item\":\"https:\/\/www.camping-pyrenees.com\/en\/\"},{\"@type\":\"ListItem\",\"position\":2,\"name\":\"Rent a chalet Pyrenees\"}]},{\"@type\":\"WebSite\",\"@id\":\"https:\/\/www.camping-pyrenees.com\/en\/#website\",\"url\":\"https:\/\/www.camping-pyrenees.com\/en\/\",\"name\":\"Camping Baretous PYRENEES\",\"description\":\"\",\"potentialAction\":[{\"@type\":\"SearchAction\",\"target\":{\"@type\":\"EntryPoint\",\"urlTemplate\":\"https:\/\/www.camping-pyrenees.com\/en\/?s={search_term_string}\"},\"query-input\":{\"@type\":\"PropertyValueSpecification\",\"valueRequired\":true,\"valueName\":\"search_term_string\"}}],\"inLanguage\":\"en-US\"}]}<\/script>\n<!-- \/ Yoast SEO plugin. -->","yoast_head_json":{"title":"Chalet rental Pyr\u00e9n\u00e9es-Atlantiques | Rent a chalet in Aramits in 64","robots":{"index":"index","follow":"follow","max-snippet":"max-snippet:-1","max-image-preview":"max-image-preview:large","max-video-preview":"max-video-preview:-1"},"canonical":"https:\/\/www.camping-pyrenees.com\/en\/rental-chalet-pyrenees\/","og_locale":"en_US","og_type":"article","og_title":"Chalet rental Pyr\u00e9n\u00e9es-Atlantiques | Rent a chalet in Aramits in 64","og_url":"https:\/\/www.camping-pyrenees.com\/en\/rental-chalet-pyrenees\/","og_site_name":"Camping Baretous PYRENEES","article_modified_time":"2020-12-14T09:55:09+00:00","og_image":[{"width":1903,"height":450,"url":"https:\/\/www.camping-pyrenees.com\/wp-content\/uploads\/2020\/11\/village-chalets.jpg","type":"image\/jpeg"}],"twitter_card":"summary_large_image","schema":{"@context":"https:\/\/schema.org","@graph":[{"@type":"WebPage","@id":"https:\/\/www.camping-pyrenees.com\/en\/rental-chalet-pyrenees\/","url":"https:\/\/www.camping-pyrenees.com\/en\/rental-chalet-pyrenees\/","name":"Chalet rental Pyr\u00e9n\u00e9es-Atlantiques | Rent a chalet in Aramits in 64","isPartOf":{"@id":"https:\/\/www.camping-pyrenees.com\/en\/#website"},"primaryImageOfPage":{"@id":"https:\/\/www.camping-pyrenees.com\/en\/rental-chalet-pyrenees\/#primaryimage"},"image":{"@id":"https:\/\/www.camping-pyrenees.com\/en\/rental-chalet-pyrenees\/#primaryimage"},"thumbnailUrl":"https:\/\/www.camping-pyrenees.com\/wp-content\/uploads\/2020\/11\/village-chalets.jpg","datePublished":"2020-10-29T04:29:02+00:00","dateModified":"2020-12-14T09:55:09+00:00","breadcrumb":{"@id":"https:\/\/www.camping-pyrenees.com\/en\/rental-chalet-pyrenees\/#breadcrumb"},"inLanguage":"en-US","potentialAction":[{"@type":"ReadAction","target":["https:\/\/www.camping-pyrenees.com\/en\/rental-chalet-pyrenees\/"]}]},{"@type":"ImageObject","inLanguage":"en-US","@id":"https:\/\/www.camping-pyrenees.com\/en\/rental-chalet-pyrenees\/#primaryimage","url":"https:\/\/www.camping-pyrenees.com\/wp-content\/uploads\/2020\/11\/village-chalets.jpg","contentUrl":"https:\/\/www.camping-pyrenees.com\/wp-content\/uploads\/2020\/11\/village-chalets.jpg","width":1903,"height":450,"caption":"village chalets"},{"@type":"BreadcrumbList","@id":"https:\/\/www.camping-pyrenees.com\/en\/rental-chalet-pyrenees\/#breadcrumb","itemListElement":[{"@type":"ListItem","position":1,"name":"Campsite Pyr\u00e9n\u00e9es","item":"https:\/\/www.camping-pyrenees.com\/en\/"},{"@type":"ListItem","position":2,"name":"Rent a chalet Pyrenees"}]},{"@type":"WebSite","@id":"https:\/\/www.camping-pyrenees.com\/en\/#website","url":"https:\/\/www.camping-pyrenees.com\/en\/","name":"Camping Baretous PYRENEES","description":"","potentialAction":[{"@type":"SearchAction","target":{"@type":"EntryPoint","urlTemplate":"https:\/\/www.camping-pyrenees.com\/en\/?s={search_term_string}"},"query-input":{"@type":"PropertyValueSpecification","valueRequired":true,"valueName":"search_term_string"}}],"inLanguage":"en-US"}]}},"_links":{"self":[{"href":"https:\/\/www.camping-pyrenees.com\/en\/wp-json\/wp\/v2\/pages\/2797"}],"collection":[{"href":"https:\/\/www.camping-pyrenees.com\/en\/wp-json\/wp\/v2\/pages"}],"about":[{"href":"https:\/\/www.camping-pyrenees.com\/en\/wp-json\/wp\/v2\/types\/page"}],"author":[{"embeddable":true,"href":"https:\/\/www.camping-pyrenees.com\/en\/wp-json\/wp\/v2\/users\/1"}],"replies":[{"embeddable":true,"href":"https:\/\/www.camping-pyrenees.com\/en\/wp-json\/wp\/v2\/comments?post=2797"}],"version-history":[{"count":4,"href":"https:\/\/www.camping-pyrenees.com\/en\/wp-json\/wp\/v2\/pages\/2797\/revisions"}],"predecessor-version":[{"id":3030,"href":"https:\/\/www.camping-pyrenees.com\/en\/wp-json\/wp\/v2\/pages\/2797\/revisions\/3030"}],"wp:featuredmedia":[{"embeddable":true,"href":"https:\/\/www.camping-pyrenees.com\/en\/wp-json\/wp\/v2\/media\/758"}],"wp:attachment":[{"href":"https:\/\/www.camping-pyrenees.com\/en\/wp-json\/wp\/v2\/media?parent=2797"}],"curies":[{"name":"wp","href":"https:\/\/api.w.org\/{rel}","templated":true}]}}