{"id":2837,"date":"2020-10-29T05:29:37","date_gmt":"2020-10-29T04:29:37","guid":{"rendered":"https:\/\/www.camping-pyrenees.com\/camping-piscine-pyrenees-atlantiques\/"},"modified":"2020-12-14T10:53:16","modified_gmt":"2020-12-14T09:53:16","slug":"camping-pool-pyrenees-atlantiques","status":"publish","type":"page","link":"https:\/\/www.camping-pyrenees.com\/en\/camping-pool-pyrenees-atlantiques\/","title":{"rendered":"Camping : Piscine\/Bien-\u00eatre"},"content":{"rendered":"<section id=\"section-5f85acbd70cfe\"\" class=\"section bg-white\" \/><div class=\"container extralarge\"><h1 class=\"element section-title center\">Campsite with swimming pool in the Pyrenees at Aramits<\/h1><\/div><\/section>\n\n<section id=\"section-5f85acbd710f2\"\" class=\"section bg-color3 p-t-0 p-b-0\" \/><div class=\"container full\"><div class=\"colonnes-wrap valign-middle \"><div class=\"element colonne p-x-10 p-y-4\"><h2 class=\"element section-title left\">Heated swimming pool in the Pyrenees <\/h2><div class=\"element bloc-text justify \">\n\t<p>The pool is open from <strong class=\"bold color2\">June to September<\/strong>, depending on the weather conditions. Every day, from 10:30 am to 7:30 pm, you can enjoy the pool (12x8m) and the adjoining paddling pool for the little ones.<\/p>\n<p>All summer long, the <strong class=\"bold color2\">swimming pool is heated to 28\u00b0C<\/strong>, around which you can relax on the sunbeds at your disposal. You can spend pleasant moments of relaxation and fun in the pool. Ideal to relax after a day of outdoor activities or hiking, come and enjoy the heated pool area.<\/p>\n<p><strong class=\"bold color2\">Important :<\/strong> In order to respect the safety rules, it is forbidden to run around the pool or to dive. For hygienic reasons and to respect the quality of the water, it is mandatory to wear a bathing suit, as well as a foot bath and a shower before entering the pool. It is of course forbidden to enter the aquatic area with cigarettes, drinks, food, inflatable games or balls. These common sense rules contribute to the smooth running of the pool and to the peace and quiet of each user.<\/p>\n<p class=\"center\"><strong class=\"bold color2\">And why not a spa ?<\/strong><\/p>\n<\/div><\/div><div class=\"element colonne mozaique-img p-0\"><div class=\"element images\"><div class=\"image\"><img decoding=\"async\" src=\"https:\/\/www.camping-pyrenees.com\/wp-content\/uploads\/2020\/11\/piscine-chauffee-pyrenees-100x58.jpg\" data-src=\"https:\/\/www.camping-pyrenees.com\/wp-content\/uploads\/2020\/11\/piscine-chauffee-pyrenees.jpg\" alt=\"piscine chauff\u00e9e Pyr\u00e9n\u00e9es\" class=\"images_image\" \/><\/div><div class=\"image\"><img decoding=\"async\" src=\"https:\/\/www.camping-pyrenees.com\/wp-content\/uploads\/2020\/12\/piscine-pyrennees-atlantiques-100x85.jpg\" data-src=\"https:\/\/www.camping-pyrenees.com\/wp-content\/uploads\/2020\/12\/piscine-pyrennees-atlantiques.jpg\" alt=\"pataugeoire Pyr\u00e9n\u00e9es\" class=\"images_image\" \/><\/div><\/div><div class=\"element images\"><div class=\"image\"><img decoding=\"async\" src=\"https:\/\/www.camping-pyrenees.com\/wp-content\/uploads\/2020\/11\/camping-piscine-chauffee-pyrenees-100x58.jpg\" data-src=\"https:\/\/www.camping-pyrenees.com\/wp-content\/uploads\/2020\/11\/camping-piscine-chauffee-pyrenees.jpg\" alt=\"camping piscine chauff\u00e9e pyr\u00e9n\u00e9es\" class=\"images_image\" \/><\/div><div class=\"image\"><img decoding=\"async\" src=\"https:\/\/www.camping-pyrenees.com\/wp-content\/uploads\/2020\/11\/camping-pataugeoire-pyrenees-100x58.jpg\" data-src=\"https:\/\/www.camping-pyrenees.com\/wp-content\/uploads\/2020\/11\/camping-pataugeoire-pyrenees.jpg\" alt=\"camping pataugeoire Pyr\u00e9n\u00e9es\" class=\"images_image\" \/><\/div><\/div><\/div><\/div><\/div><\/section>\n\n<section id=\"section-5f85a720bbf4a\"\" class=\"section bg-white p-t-0 p-b-0\" \/><div class=\"container full\"><div class=\"colonnes-wrap valign-middle \"><div class=\"element colonne mozaique-img p-0\"><div class=\"element images\"><div class=\"image\"><img decoding=\"async\" src=\"https:\/\/www.camping-pyrenees.com\/wp-content\/uploads\/2020\/11\/spa-bien-etre-pyrennees-100x84.jpg\" data-src=\"https:\/\/www.camping-pyrenees.com\/wp-content\/uploads\/2020\/11\/spa-bien-etre-pyrennees.jpg\" alt=\"spa bien \u00eatre Pyr\u00e9n\u00e9es\" class=\"images_image\" \/><\/div><div class=\"image\"><img decoding=\"async\" src=\"https:\/\/www.camping-pyrenees.com\/wp-content\/uploads\/2020\/11\/jacuzzi-pyrennees-100x84.jpg\" data-src=\"https:\/\/www.camping-pyrenees.com\/wp-content\/uploads\/2020\/11\/jacuzzi-pyrennees.jpg\" alt=\"jacuzzi Pyr\u00e9n\u00e9es\" class=\"images_image\" \/><\/div><\/div><div class=\"element images\"><div class=\"image\"><img decoding=\"async\" src=\"https:\/\/www.camping-pyrenees.com\/wp-content\/uploads\/2020\/11\/espace-bien-etre-pyrennees-100x84.jpg\" data-src=\"https:\/\/www.camping-pyrenees.com\/wp-content\/uploads\/2020\/11\/espace-bien-etre-pyrennees.jpg\" alt=\"espace bien-\u00eatre Pyr\u00e9n\u00e9es\" class=\"images_image\" \/><\/div><div class=\"image\"><img decoding=\"async\" src=\"https:\/\/www.camping-pyrenees.com\/wp-content\/uploads\/2020\/11\/chalet-bien-etre-pyrennees-100x84.jpg\" data-src=\"https:\/\/www.camping-pyrenees.com\/wp-content\/uploads\/2020\/11\/chalet-bien-etre-pyrennees.jpg\" alt=\"chalet bien-etre pyr\u00e9n\u00e9es\" class=\"images_image\" \/><\/div><\/div><\/div><div class=\"element colonne p-x-10 p-y-4\"><h2 class=\"element section-title left\">Pyrenees wellness area<\/h2><div class=\"element bloc-text justify \">\n\t<p>Come and enjoy the Chalet Bien-\u00catre in which you will be able to <strong class=\"bold color2\">relax in all serenity<\/strong>, for a duration that can go from 45 minutes to 1h30. The Chalet Bien-\u00catre is open all year round, it is the opportunity to enjoy a well deserved moment of relaxation after a day of skiing in winter at La Pierre Saint-Martin or a day of sports excursion in the B\u00e9arn or the Basque Country in all seasons.<\/p>\n<p>In this <strong class=\"bold color2\">private space<\/strong>, which can accommodate 4 people simultaneously, you will be able to spend a <strong class=\"bold color2\">relaxing moment<\/strong> in the sauna, then immerse yourself in the jacuzzi.<\/p>\n<p><strong class=\"bold color2\">Some recommendations<\/strong> : The wellness area is not recommended for pregnant women and people suffering from cardiovascular, circulatory and\/or respiratory problems.<\/p>\n<p>Forbidden for minors under 10 years of age and any minor over 10 years of age must be accompanied by an adult. Users must acknowledge that they are in good health and have no medical contraindications related to the practice of spa and sauna.<\/p>\n<p><strong class=\"bold color2\">WELLNESS AREA: <\/strong><\/p>\n<ul>\n<li><strong class=\"bold color2\">Session of 45 min<\/strong> : 10\u20ac \/ pers<\/li>\n<li><strong class=\"bold color2\">Session of 1h<\/strong>: 13,50\u20ac \/ pers<\/li>\n<li><strong class=\"bold color2\">Session of 1h15<\/strong>: 17\u20ac \/ pers<\/li>\n<li><strong class=\"bold color2\">Session of 1h30<\/strong>: 20\u20ac \/ pers<\/li>\n<li><strong class=\"bold color2\">Session from 2 to 4 people<\/strong> (on reservation)<\/li>\n<\/ul>\n<\/div><\/div><\/div><\/div><\/section>\n\n<section id=\"section-cta-bottom\"\" class=\"section bg-color3\" \/><div class=\"container extralarge\"><div class=\"element section-title center title-cta\">Our other services at the campsite<\/div><ul class=\"liste-de-page\"><li class=\"element call-to-action carre call-to-action--style-1 call-to-action--normal\"><a href=\"https:\/\/www.camping-pyrenees.com\/en\/mobile-home-rental-pyrenees\/\"  class=\"call-to-action_link\" title=\"Learn more about our mobile homes\"><div class=\"call-to-action_image\"><img decoding=\"async\" src=\"https:\/\/www.camping-pyrenees.com\/wp-content\/uploads\/2021\/04\/MH14.2-1-100x56.jpg\" data-src=\"https:\/\/www.camping-pyrenees.com\/wp-content\/uploads\/2021\/04\/MH14.2-1.jpg\" alt=\"location mobile home camping baretous\" class=\"normal\" \/><\/div><div class=\"call-to-action_contenu\"><div class=\"call-to-action_titre\">Our mobile homes<\/div><\/div><\/a><\/li><li class=\"element call-to-action carre call-to-action--style-1 call-to-action--normal call-to-action--style-1 call-to-action--normal\"><a href=\"https:\/\/www.camping-pyrenees.com\/en\/rental-accommodations-pyrenees\/\"  class=\"call-to-action_link\" title=\"Learn more about our accommodations\"><div class=\"call-to-action_image\"><img decoding=\"async\" src=\"https:\/\/www.camping-pyrenees.com\/wp-content\/uploads\/2020\/11\/chalet-location-100x56.jpg\" data-src=\"https:\/\/www.camping-pyrenees.com\/wp-content\/uploads\/2020\/11\/chalet-location.jpg\" alt=\"chalet location\" class=\"normal\" \/><\/div><div class=\"call-to-action_contenu\"><div class=\"call-to-action_titre\">Our accommodations<\/div><\/div><\/a><\/li><li class=\"element call-to-action carre call-to-action--style-1 call-to-action--normal call-to-action--style-1 call-to-action--normal call-to-action--style-1 call-to-action--normal\"><a href=\"https:\/\/www.camping-pyrenees.com\/en\/family-campsite-pyrennees\/\"  class=\"call-to-action_link\" title=\"Learn more about our services\"><div class=\"call-to-action_image\"><img decoding=\"async\" src=\"https:\/\/www.camping-pyrenees.com\/wp-content\/uploads\/2020\/11\/espace-bien-etre-camping-100x56.jpg\" data-src=\"https:\/\/www.camping-pyrenees.com\/wp-content\/uploads\/2020\/11\/espace-bien-etre-camping.jpg\" alt=\"espace bien etre camping\" class=\"normal\" \/><\/div><div class=\"call-to-action_contenu\"><div class=\"call-to-action_titre\">Our services<\/div><\/div><\/a><\/li><\/ul><\/div><\/section>","protected":false},"excerpt":{"rendered":"","protected":false},"author":1,"featured_media":1500,"parent":0,"menu_order":0,"comment_status":"closed","ping_status":"closed","template":"","meta":{"_acf_changed":false,"footnotes":""},"class_list":["post-2837","page","type-page","status-publish","has-post-thumbnail","hentry"],"acf":[],"yoast_head":"<!-- This site is optimized with the Yoast SEO plugin v25.3 - https:\/\/yoast.com\/wordpress\/plugins\/seo\/ -->\n<title>Campsite swimming pool Pyrenees | Swimming pool and wellness area<\/title>\n<meta name=\"robots\" content=\"index, follow, max-snippet:-1, max-image-preview:large, max-video-preview:-1\" \/>\n<link rel=\"canonical\" href=\"https:\/\/www.camping-pyrenees.com\/en\/camping-pool-pyrenees-atlantiques\/\" \/>\n<meta property=\"og:locale\" content=\"en_US\" \/>\n<meta property=\"og:type\" content=\"article\" \/>\n<meta property=\"og:title\" content=\"Campsite swimming pool Pyrenees | Swimming pool and wellness area\" \/>\n<meta property=\"og:url\" content=\"https:\/\/www.camping-pyrenees.com\/en\/camping-pool-pyrenees-atlantiques\/\" \/>\n<meta property=\"og:site_name\" content=\"Camping Baretous PYRENEES\" \/>\n<meta property=\"article:modified_time\" content=\"2020-12-14T09:53:16+00:00\" \/>\n<meta property=\"og:image\" content=\"https:\/\/www.camping-pyrenees.com\/wp-content\/uploads\/2020\/11\/enfant-piscine-1.jpg\" \/>\n\t<meta property=\"og:image:width\" content=\"1901\" \/>\n\t<meta property=\"og:image:height\" content=\"450\" \/>\n\t<meta property=\"og:image:type\" content=\"image\/jpeg\" \/>\n<meta name=\"twitter:card\" content=\"summary_large_image\" \/>\n<script type=\"application\/ld+json\" class=\"yoast-schema-graph\">{\"@context\":\"https:\/\/schema.org\",\"@graph\":[{\"@type\":\"WebPage\",\"@id\":\"https:\/\/www.camping-pyrenees.com\/en\/camping-pool-pyrenees-atlantiques\/\",\"url\":\"https:\/\/www.camping-pyrenees.com\/en\/camping-pool-pyrenees-atlantiques\/\",\"name\":\"Campsite swimming pool Pyrenees | Swimming pool and wellness area\",\"isPartOf\":{\"@id\":\"https:\/\/www.camping-pyrenees.com\/en\/#website\"},\"primaryImageOfPage\":{\"@id\":\"https:\/\/www.camping-pyrenees.com\/en\/camping-pool-pyrenees-atlantiques\/#primaryimage\"},\"image\":{\"@id\":\"https:\/\/www.camping-pyrenees.com\/en\/camping-pool-pyrenees-atlantiques\/#primaryimage\"},\"thumbnailUrl\":\"https:\/\/www.camping-pyrenees.com\/wp-content\/uploads\/2020\/11\/enfant-piscine-1.jpg\",\"datePublished\":\"2020-10-29T04:29:37+00:00\",\"dateModified\":\"2020-12-14T09:53:16+00:00\",\"breadcrumb\":{\"@id\":\"https:\/\/www.camping-pyrenees.com\/en\/camping-pool-pyrenees-atlantiques\/#breadcrumb\"},\"inLanguage\":\"en-US\",\"potentialAction\":[{\"@type\":\"ReadAction\",\"target\":[\"https:\/\/www.camping-pyrenees.com\/en\/camping-pool-pyrenees-atlantiques\/\"]}]},{\"@type\":\"ImageObject\",\"inLanguage\":\"en-US\",\"@id\":\"https:\/\/www.camping-pyrenees.com\/en\/camping-pool-pyrenees-atlantiques\/#primaryimage\",\"url\":\"https:\/\/www.camping-pyrenees.com\/wp-content\/uploads\/2020\/11\/enfant-piscine-1.jpg\",\"contentUrl\":\"https:\/\/www.camping-pyrenees.com\/wp-content\/uploads\/2020\/11\/enfant-piscine-1.jpg\",\"width\":1901,\"height\":450,\"caption\":\"enfant piscine\"},{\"@type\":\"BreadcrumbList\",\"@id\":\"https:\/\/www.camping-pyrenees.com\/en\/camping-pool-pyrenees-atlantiques\/#breadcrumb\",\"itemListElement\":[{\"@type\":\"ListItem\",\"position\":1,\"name\":\"Campsite Pyr\u00e9n\u00e9es\",\"item\":\"https:\/\/www.camping-pyrenees.com\/en\/\"},{\"@type\":\"ListItem\",\"position\":2,\"name\":\"Swimming pool & Wellness area Aramits\"}]},{\"@type\":\"WebSite\",\"@id\":\"https:\/\/www.camping-pyrenees.com\/en\/#website\",\"url\":\"https:\/\/www.camping-pyrenees.com\/en\/\",\"name\":\"Camping Baretous PYRENEES\",\"description\":\"\",\"potentialAction\":[{\"@type\":\"SearchAction\",\"target\":{\"@type\":\"EntryPoint\",\"urlTemplate\":\"https:\/\/www.camping-pyrenees.com\/en\/?s={search_term_string}\"},\"query-input\":{\"@type\":\"PropertyValueSpecification\",\"valueRequired\":true,\"valueName\":\"search_term_string\"}}],\"inLanguage\":\"en-US\"}]}<\/script>\n<!-- \/ Yoast SEO plugin. -->","yoast_head_json":{"title":"Campsite swimming pool Pyrenees | Swimming pool and wellness area","robots":{"index":"index","follow":"follow","max-snippet":"max-snippet:-1","max-image-preview":"max-image-preview:large","max-video-preview":"max-video-preview:-1"},"canonical":"https:\/\/www.camping-pyrenees.com\/en\/camping-pool-pyrenees-atlantiques\/","og_locale":"en_US","og_type":"article","og_title":"Campsite swimming pool Pyrenees | Swimming pool and wellness area","og_url":"https:\/\/www.camping-pyrenees.com\/en\/camping-pool-pyrenees-atlantiques\/","og_site_name":"Camping Baretous PYRENEES","article_modified_time":"2020-12-14T09:53:16+00:00","og_image":[{"width":1901,"height":450,"url":"https:\/\/www.camping-pyrenees.com\/wp-content\/uploads\/2020\/11\/enfant-piscine-1.jpg","type":"image\/jpeg"}],"twitter_card":"summary_large_image","schema":{"@context":"https:\/\/schema.org","@graph":[{"@type":"WebPage","@id":"https:\/\/www.camping-pyrenees.com\/en\/camping-pool-pyrenees-atlantiques\/","url":"https:\/\/www.camping-pyrenees.com\/en\/camping-pool-pyrenees-atlantiques\/","name":"Campsite swimming pool Pyrenees | Swimming pool and wellness area","isPartOf":{"@id":"https:\/\/www.camping-pyrenees.com\/en\/#website"},"primaryImageOfPage":{"@id":"https:\/\/www.camping-pyrenees.com\/en\/camping-pool-pyrenees-atlantiques\/#primaryimage"},"image":{"@id":"https:\/\/www.camping-pyrenees.com\/en\/camping-pool-pyrenees-atlantiques\/#primaryimage"},"thumbnailUrl":"https:\/\/www.camping-pyrenees.com\/wp-content\/uploads\/2020\/11\/enfant-piscine-1.jpg","datePublished":"2020-10-29T04:29:37+00:00","dateModified":"2020-12-14T09:53:16+00:00","breadcrumb":{"@id":"https:\/\/www.camping-pyrenees.com\/en\/camping-pool-pyrenees-atlantiques\/#breadcrumb"},"inLanguage":"en-US","potentialAction":[{"@type":"ReadAction","target":["https:\/\/www.camping-pyrenees.com\/en\/camping-pool-pyrenees-atlantiques\/"]}]},{"@type":"ImageObject","inLanguage":"en-US","@id":"https:\/\/www.camping-pyrenees.com\/en\/camping-pool-pyrenees-atlantiques\/#primaryimage","url":"https:\/\/www.camping-pyrenees.com\/wp-content\/uploads\/2020\/11\/enfant-piscine-1.jpg","contentUrl":"https:\/\/www.camping-pyrenees.com\/wp-content\/uploads\/2020\/11\/enfant-piscine-1.jpg","width":1901,"height":450,"caption":"enfant piscine"},{"@type":"BreadcrumbList","@id":"https:\/\/www.camping-pyrenees.com\/en\/camping-pool-pyrenees-atlantiques\/#breadcrumb","itemListElement":[{"@type":"ListItem","position":1,"name":"Campsite Pyr\u00e9n\u00e9es","item":"https:\/\/www.camping-pyrenees.com\/en\/"},{"@type":"ListItem","position":2,"name":"Swimming pool & Wellness area Aramits"}]},{"@type":"WebSite","@id":"https:\/\/www.camping-pyrenees.com\/en\/#website","url":"https:\/\/www.camping-pyrenees.com\/en\/","name":"Camping Baretous PYRENEES","description":"","potentialAction":[{"@type":"SearchAction","target":{"@type":"EntryPoint","urlTemplate":"https:\/\/www.camping-pyrenees.com\/en\/?s={search_term_string}"},"query-input":{"@type":"PropertyValueSpecification","valueRequired":true,"valueName":"search_term_string"}}],"inLanguage":"en-US"}]}},"_links":{"self":[{"href":"https:\/\/www.camping-pyrenees.com\/en\/wp-json\/wp\/v2\/pages\/2837"}],"collection":[{"href":"https:\/\/www.camping-pyrenees.com\/en\/wp-json\/wp\/v2\/pages"}],"about":[{"href":"https:\/\/www.camping-pyrenees.com\/en\/wp-json\/wp\/v2\/types\/page"}],"author":[{"embeddable":true,"href":"https:\/\/www.camping-pyrenees.com\/en\/wp-json\/wp\/v2\/users\/1"}],"replies":[{"embeddable":true,"href":"https:\/\/www.camping-pyrenees.com\/en\/wp-json\/wp\/v2\/comments?post=2837"}],"version-history":[{"count":4,"href":"https:\/\/www.camping-pyrenees.com\/en\/wp-json\/wp\/v2\/pages\/2837\/revisions"}],"predecessor-version":[{"id":3021,"href":"https:\/\/www.camping-pyrenees.com\/en\/wp-json\/wp\/v2\/pages\/2837\/revisions\/3021"}],"wp:featuredmedia":[{"embeddable":true,"href":"https:\/\/www.camping-pyrenees.com\/en\/wp-json\/wp\/v2\/media\/1500"}],"wp:attachment":[{"href":"https:\/\/www.camping-pyrenees.com\/en\/wp-json\/wp\/v2\/media?parent=2837"}],"curies":[{"name":"wp","href":"https:\/\/api.w.org\/{rel}","templated":true}]}}