{"id":2855,"date":"2020-10-29T05:30:07","date_gmt":"2020-10-29T04:30:07","guid":{"rendered":"https:\/\/www.camping-pyrenees.com\/gastronomie-basque-bearnaise\/"},"modified":"2020-12-14T10:51:38","modified_gmt":"2020-12-14T09:51:38","slug":"basque-bearnaise-gastronomy","status":"publish","type":"page","link":"https:\/\/www.camping-pyrenees.com\/en\/basque-bearnaise-gastronomy\/","title":{"rendered":"Alentours : La gastronomie Basco Bearnaise"},"content":{"rendered":"<section id=\"section-5f85acbd70cfe\"\" class=\"section bg-white\" \/><div class=\"container extralarge\"><h1 class=\"element section-title center\">Basco-Bearnaise gastronomy<\/h1><\/div><\/section>\n\n<section id=\"section-5f85acbd710f2\"\" class=\"section bg-color3 p-t-0 p-b-0\" \/><div class=\"container full\"><div class=\"colonnes-wrap valign-middle \"><div class=\"element colonne p-x-10 p-y-4\"><h2 class=\"element section-title left\">Culinary specialties <\/h2><div class=\"element bloc-text justify \">\n\t<p>The epicureans, as for them will also find their happiness with the <strong class=\"bold color2\">traditional Basco-B\u00e9arnaise <\/strong> gastronomy which abounds in culinary treasures such as Ossau Iraty ewe&#8217;s cheese, Bayonne ham, traditional garbure, Espelette chilli peppers, Juran\u00e7on wine, Basque cake &#8230;<\/p>\n<p>The advantage we have in the region is that we have a real culinary variety Basco-B\u00e9arnaise !! The traditional garbure, the Bayonne ham, the axoa, the ventresca, the Ossau Iraty sheep cheese accompanied by a glass of Juran\u00e7on, the piperade, the Espelette chilli peppers, the Basque cake&#8230; We only have the embarrassment of the choice.<\/p>\n<ul>\n<li><strong class=\"bold color2\">The cheese<\/strong> : ewe &#8211; Ossau Iraty<\/li>\n<li><strong class=\"bold color2\">Bayonne Ham<\/strong><\/li>\n<li><strong class=\"bold color2\">Espelette chilli peppers<\/strong><\/li>\n<li><strong class=\"bold color2\">The wines of Juran\u00e7on<\/strong><\/li>\n<li><strong class=\"bold color2\">Desserts<\/strong> : Basque cake and Russian<\/li>\n<li><strong class=\"bold color2\">Alcoholic beverages<\/strong> : Patxaran and Izarra<\/li>\n<li><strong class=\"bold color2\">Some traditional recipes<\/strong> : la garbure, la piperade, l&#8217;axoa de veau, le poulet basquaise, la poule au pot&#8230;<\/li>\n<\/ul>\n<p>What variety and gastronomic diversity in the department of Pyr\u00e9n\u00e9es-Atlantiques.<\/p>\n<\/div><\/div><div class=\"element colonne mozaique-img p-0\"><div class=\"element images\"><div class=\"image\"><img decoding=\"async\" src=\"https:\/\/www.camping-pyrenees.com\/wp-content\/uploads\/2020\/11\/verre-vin-100x90.jpg\" data-src=\"https:\/\/www.camping-pyrenees.com\/wp-content\/uploads\/2020\/11\/verre-vin.jpg\" alt=\"verre vin\" class=\"images_image\" \/><\/div><div class=\"image\"><img decoding=\"async\" src=\"https:\/\/www.camping-pyrenees.com\/wp-content\/uploads\/2020\/11\/decoupe-fromage-100x90.jpg\" data-src=\"https:\/\/www.camping-pyrenees.com\/wp-content\/uploads\/2020\/11\/decoupe-fromage.jpg\" alt=\"d\u00e9coupe fromage\" class=\"images_image\" \/><\/div><\/div><div class=\"element images\"><div class=\"image\"><img decoding=\"async\" src=\"https:\/\/www.camping-pyrenees.com\/wp-content\/uploads\/2020\/11\/planche-charcuterie-100x90.jpg\" data-src=\"https:\/\/www.camping-pyrenees.com\/wp-content\/uploads\/2020\/11\/planche-charcuterie.jpg\" alt=\"planche charcuterie\" class=\"images_image\" \/><\/div><div class=\"image\"><img decoding=\"async\" src=\"https:\/\/www.camping-pyrenees.com\/wp-content\/uploads\/2020\/11\/piment-espelette-basque-100x90.jpg\" data-src=\"https:\/\/www.camping-pyrenees.com\/wp-content\/uploads\/2020\/11\/piment-espelette-basque.jpg\" alt=\"piment espelette basque\" class=\"images_image\" \/><\/div><\/div><\/div><\/div><\/div><\/section>\n\n<section id=\"section-5f85a720bbf4a\"\" class=\"section bg-white p-t-0 p-b-0\" \/><div class=\"container full\"><div class=\"colonnes-wrap valign-middle \"><div class=\"element colonne mozaique-img p-0\"><div class=\"element images\"><div class=\"image\"><img decoding=\"async\" src=\"https:\/\/www.camping-pyrenees.com\/wp-content\/uploads\/2020\/11\/piment-espelette-100x95.jpg\" data-src=\"https:\/\/www.camping-pyrenees.com\/wp-content\/uploads\/2020\/11\/piment-espelette.jpg\" alt=\"piment espelette\" class=\"images_image\" \/><\/div><div class=\"image\"><img decoding=\"async\" src=\"https:\/\/www.camping-pyrenees.com\/wp-content\/uploads\/2020\/11\/plateau-fromage-100x95.jpg\" data-src=\"https:\/\/www.camping-pyrenees.com\/wp-content\/uploads\/2020\/11\/plateau-fromage.jpg\" alt=\"plateau fromage\" class=\"images_image\" \/><\/div><\/div><div class=\"element images\"><div class=\"image\"><img decoding=\"async\" src=\"https:\/\/www.camping-pyrenees.com\/wp-content\/uploads\/2020\/11\/vignobles-vin-100x95.jpg\" data-src=\"https:\/\/www.camping-pyrenees.com\/wp-content\/uploads\/2020\/11\/vignobles-vin.jpg\" alt=\"vignobles vin\" class=\"images_image\" \/><\/div><div class=\"image\"><img decoding=\"async\" src=\"https:\/\/www.camping-pyrenees.com\/wp-content\/uploads\/2020\/11\/jambon-bayonne-tranches-100x95.jpg\" data-src=\"https:\/\/www.camping-pyrenees.com\/wp-content\/uploads\/2020\/11\/jambon-bayonne-tranches.jpg\" alt=\"jambon bayonne tranches\" class=\"images_image\" \/><\/div><\/div><\/div><div class=\"element colonne p-x-10 p-y-4\"><div class=\"element bloc-text justify \">\n\t<p>In B\u00e9arn and the inner Basque Country, the <strong class=\"bold color2\">Ossau Iraty sheep cheese<\/strong> is the pride and the result of the well done work of the shepherds who lead their flocks during the long summer months.<\/p>\n<p>The <strong class=\"bold color2\">Bayonne ham<\/strong>, a south-western speciality from pig breeding, is the result of a skilful salting know-how. Served in thin slices, this dish is very much appreciated by lovers of charcuterie.<\/p>\n<p>To accompany your dishes, there is nothing like the <strong class=\"bold color2\">Espelette pepper<\/strong>, it is one of the emblems of the Basque Country. It will stimulate your taste buds and will perfume to delight your culinary preparations.<\/p>\n<p>Between Oloron-Sainte-Marie and Pau, the <strong class=\"bold color2\">Juran\u00e7on vineyard<\/strong> can be seen on the mountain slopes. This white wine with single grape varieties of &#8220;manseng&#8221;, is rich in aromas, either dry to accompany fish and shellfish, or more fruity as an aperitif ideal to accompany foie gras, smoked salmon or sheep cheese.<\/p>\n<p><a href=\"https:\/\/www.vigneronsdujurancon.fr\/histoire \"target=\"_blank\" rel=\"noopener\">The Juran\u00e7on Wine Route<\/a> is an excellent way for amateurs or the most initiated to travel through this exceptional territory. It is the perfect opportunity to meet these passionate winegrowers, in love with their Pyrenean vineyards.<\/p>\n<p>On the dessert side, there is of course the inevitable Basque cake, a round and soft cookie filled with either custard or black cherries. There is also the Russian, created in 1925 by the Artigarr\u00e8de family in Oloron-Sainte-Marie, a kind of almond-based mille-feuille.<\/p>\n<p>After a good meal, you can enjoy a glass of Patxaran made from wild sloe berries or Izarra made from several local plants.<\/p>\n<p>Here are some traditional local recipes: <a href=\"https:\/\/www.marmiton.org\/recettes\/recette_la-garbure_41669.aspx\"target=\"_blank\" rel=\"noopener\">la garbure<\/a>, <a href=\"https:\/\/www.marmiton.org\/recettes\/recette_piperade-basique_36243.aspx\"target=\"_blank\" rel=\"noopener\">la piperade<\/a>, <a href=\"https:\/\/www.marmiton.org\/recettes\/recette_axoa-de-veau-pays-basque_14140.aspx\"target=\"_blank\" rel=\"noopener\">l\u2019axoa de veau<\/a>, <a href=\"https:\/\/www.marmiton.org\/recettes\/recette_poulet-basquaise_16969.aspx\"target=\"_blank\" rel=\"noopener\">Basque chicken<\/a>, <a href=\"https:\/\/www.marmiton.org\/recettes\/recette_poule-au-pot-a-l-ancienne_21529.aspx\"target=\"_blank\" rel=\"noopener\"\">the hen in the pot<\/a>.<\/p>\n<\/div><\/div><\/div><\/div><\/section>\n\n<section id=\"section-groupe1\"\" class=\"section bg-color3 p-t-0 p-b-0\" \/><div class=\"container full\"><div class=\"colonnes-wrap valign-middle \"><div class=\"element colonne p-x-10 p-y-4\"><h2 class=\"element section-title left\">Good addresses<\/h2><div class=\"element bloc-text justify \">\n\t<p>Do you know a good restaurant?<br \/>\nWe are often asked this question. The interest for our holidaymakers is to discover or rediscover the local culinary specialties.<\/p>\n<p>The two good addresses near the <a href=\"\/en\/\">camping Bar\u00e9tous<\/a>, that we propose most often are :<\/p>\n<ul>\n<li><a href=\"https:\/\/barrestaurantgouaillardeu.wordpress.com\/\"target=\"_blank\" rel=\"noopener\">Gouillardeu<\/a> in Arette (3 km away &#8211; 05.59.88.90.94): traditional inn with a generous kitchen nicely decorated<\/li>\n<li><a href=\"https:\/\/www.lespyrenees.net\/restaurants\/RESAQU064V56J4RE\/detail\/ance-feas\/chez-zelie\"target=\"_blank\" rel=\"noopener\">Chez Z\u00e9lie<\/a> in F\u00e9as (5 km away &#8211; 05.24.35.55.62): restaurant offering local cuisine in a completely revamped establishment.<\/li>\n<\/ul>\n<p>It&#8217;s up to you to make your choice, the best is to try both !!!<\/p>\n<p>For lovers of &#8220;good food&#8221;, the <a href=\"https:\/\/boucherie-bearn.com\/\"target=\"_blank\" rel=\"noopener\">boucherie Bozom<\/a> (05.59.88.90.81) in Arette, works from father to son and offers local quality meat. Beef meat, cooked dishes, confits, foie gras, coffrets&#8230; You will undoubtedly find there your happiness.<\/p>\n<p>Then come and discover the <a href=\"https:\/\/www.ossau-iraty.fr\/etape\/fromagerie-du-pays-daramits \"target=\"_blank\" rel=\"noopener\">artisanal cheese dairy of Aramits<\/a> (05.59.34.63.03) and taste its delicious Ossau Iraty PDO cheeses with the authentic taste which are the pride of the local shepherds.<\/p>\n<\/div><\/div><div class=\"element colonne mozaique-img p-0\"><div class=\"element images\"><div class=\"image\"><img decoding=\"async\" src=\"https:\/\/www.camping-pyrenees.com\/wp-content\/uploads\/2020\/11\/coupe-jambon-bayonne-100x84.jpg\" data-src=\"https:\/\/www.camping-pyrenees.com\/wp-content\/uploads\/2020\/11\/coupe-jambon-bayonne.jpg\" alt=\"coupe jambon bayonne\" class=\"images_image\" \/><\/div><div class=\"image\"><img decoding=\"async\" src=\"https:\/\/www.camping-pyrenees.com\/wp-content\/uploads\/2020\/11\/foie-gras-1-100x84.jpg\" data-src=\"https:\/\/www.camping-pyrenees.com\/wp-content\/uploads\/2020\/11\/foie-gras-1.jpg\" alt=\"foie gras\" class=\"images_image\" \/><\/div><\/div><div class=\"element images\"><div class=\"image\"><img decoding=\"async\" src=\"https:\/\/www.camping-pyrenees.com\/wp-content\/uploads\/2020\/11\/plat-pate-boudin-100x84.jpg\" data-src=\"https:\/\/www.camping-pyrenees.com\/wp-content\/uploads\/2020\/11\/plat-pate-boudin.jpg\" alt=\"camping piscine chauff\u00e9e pyr\u00e9n\u00e9es\" class=\"images_image\" \/><\/div><div class=\"image\"><img decoding=\"async\" src=\"https:\/\/www.camping-pyrenees.com\/wp-content\/uploads\/2020\/11\/coupe-fromage-100x84.jpg\" data-src=\"https:\/\/www.camping-pyrenees.com\/wp-content\/uploads\/2020\/11\/coupe-fromage.jpg\" alt=\"coupe fromage\" class=\"images_image\" \/><\/div><\/div><\/div><\/div><\/div><\/section>\n\n<section id=\"section-cta-bottom\"\" class=\"section bg-white\" \/><div class=\"container extralarge\"><div class=\"element section-title center title-cta\">Our other services at the campsite<\/div><ul class=\"liste-de-page\"><li class=\"element call-to-action carre call-to-action--style-1 call-to-action--normal\"><a href=\"https:\/\/www.camping-pyrenees.com\/en\/sports-events-pyrenees\/\"  class=\"call-to-action_link\" title=\"Learn more about sporting events\"><div class=\"call-to-action_image\"><img decoding=\"async\" src=\"https:\/\/www.camping-pyrenees.com\/wp-content\/uploads\/2020\/10\/camping-baretous-cta-alentours-evenements-sportifs-100x57.jpg\" data-src=\"https:\/\/www.camping-pyrenees.com\/wp-content\/uploads\/2020\/10\/camping-baretous-cta-alentours-evenements-sportifs.jpg\" alt=\"\" class=\"normal\" \/><\/div><div class=\"call-to-action_contenu\"><div class=\"call-to-action_titre\">Sporting events<\/div><\/div><\/a><\/li><li class=\"element call-to-action carre call-to-action--style-1 call-to-action--normal call-to-action--style-1 call-to-action--normal\"><a href=\"https:\/\/www.camping-pyrenees.com\/en\/sports-activities-pyrenees\/\"  class=\"call-to-action_link\" title=\"Learn more about sporting activities\"><div class=\"call-to-action_image\"><img decoding=\"async\" src=\"https:\/\/www.camping-pyrenees.com\/wp-content\/uploads\/2020\/10\/camping-baretous-cta-alentours-activites-sportives-100x57.jpg\" data-src=\"https:\/\/www.camping-pyrenees.com\/wp-content\/uploads\/2020\/10\/camping-baretous-cta-alentours-activites-sportives.jpg\" alt=\"\" class=\"normal\" \/><\/div><div class=\"call-to-action_contenu\"><div class=\"call-to-action_titre\">Sporting activities<\/div><\/div><\/a><\/li><li class=\"element call-to-action carre call-to-action--style-1 call-to-action--normal call-to-action--style-1 call-to-action--normal call-to-action--style-1 call-to-action--normal\"><a href=\"https:\/\/www.camping-pyrenees.com\/en\/pyrenees-activities\/\"  class=\"call-to-action_link\" title=\"Learn more about playful activities\"><div class=\"call-to-action_image\"><img decoding=\"async\" src=\"https:\/\/www.camping-pyrenees.com\/wp-content\/uploads\/2020\/10\/camping-baretous-cta-alentours-activites-ludiques-100x57.jpg\" data-src=\"https:\/\/www.camping-pyrenees.com\/wp-content\/uploads\/2020\/10\/camping-baretous-cta-alentours-activites-ludiques.jpg\" alt=\"\" class=\"normal\" \/><\/div><div class=\"call-to-action_contenu\"><div class=\"call-to-action_titre\">Playful activities<\/div><\/div><\/a><\/li><\/ul><\/div><\/section>","protected":false},"excerpt":{"rendered":"","protected":false},"author":1,"featured_media":1924,"parent":0,"menu_order":0,"comment_status":"closed","ping_status":"closed","template":"","meta":{"_acf_changed":false,"footnotes":""},"class_list":["post-2855","page","type-page","status-publish","has-post-thumbnail","hentry"],"acf":[],"yoast_head":"<!-- This site is optimized with the Yoast SEO plugin v25.3 - https:\/\/yoast.com\/wordpress\/plugins\/seo\/ -->\n<title>Discover the Basque-B\u00e9arnaise gastronomy | Pyrenees culinary specialties<\/title>\n<meta name=\"robots\" content=\"index, follow, max-snippet:-1, max-image-preview:large, max-video-preview:-1\" \/>\n<link rel=\"canonical\" href=\"https:\/\/www.camping-pyrenees.com\/en\/basque-bearnaise-gastronomy\/\" \/>\n<meta property=\"og:locale\" content=\"en_US\" \/>\n<meta property=\"og:type\" content=\"article\" \/>\n<meta property=\"og:title\" content=\"Discover the Basque-B\u00e9arnaise gastronomy | Pyrenees culinary specialties\" \/>\n<meta property=\"og:url\" content=\"https:\/\/www.camping-pyrenees.com\/en\/basque-bearnaise-gastronomy\/\" \/>\n<meta property=\"og:site_name\" content=\"Camping Baretous PYRENEES\" \/>\n<meta property=\"article:modified_time\" content=\"2020-12-14T09:51:38+00:00\" \/>\n<meta property=\"og:image\" content=\"https:\/\/www.camping-pyrenees.com\/wp-content\/uploads\/2020\/11\/jambon-bayonne.jpg\" \/>\n\t<meta property=\"og:image:width\" content=\"1903\" \/>\n\t<meta property=\"og:image:height\" content=\"450\" \/>\n\t<meta property=\"og:image:type\" content=\"image\/jpeg\" \/>\n<meta name=\"twitter:card\" content=\"summary_large_image\" \/>\n<script type=\"application\/ld+json\" class=\"yoast-schema-graph\">{\"@context\":\"https:\/\/schema.org\",\"@graph\":[{\"@type\":\"WebPage\",\"@id\":\"https:\/\/www.camping-pyrenees.com\/en\/basque-bearnaise-gastronomy\/\",\"url\":\"https:\/\/www.camping-pyrenees.com\/en\/basque-bearnaise-gastronomy\/\",\"name\":\"Discover the Basque-B\u00e9arnaise gastronomy | Pyrenees culinary specialties\",\"isPartOf\":{\"@id\":\"https:\/\/www.camping-pyrenees.com\/en\/#website\"},\"primaryImageOfPage\":{\"@id\":\"https:\/\/www.camping-pyrenees.com\/en\/basque-bearnaise-gastronomy\/#primaryimage\"},\"image\":{\"@id\":\"https:\/\/www.camping-pyrenees.com\/en\/basque-bearnaise-gastronomy\/#primaryimage\"},\"thumbnailUrl\":\"https:\/\/www.camping-pyrenees.com\/wp-content\/uploads\/2020\/11\/jambon-bayonne.jpg\",\"datePublished\":\"2020-10-29T04:30:07+00:00\",\"dateModified\":\"2020-12-14T09:51:38+00:00\",\"breadcrumb\":{\"@id\":\"https:\/\/www.camping-pyrenees.com\/en\/basque-bearnaise-gastronomy\/#breadcrumb\"},\"inLanguage\":\"en-US\",\"potentialAction\":[{\"@type\":\"ReadAction\",\"target\":[\"https:\/\/www.camping-pyrenees.com\/en\/basque-bearnaise-gastronomy\/\"]}]},{\"@type\":\"ImageObject\",\"inLanguage\":\"en-US\",\"@id\":\"https:\/\/www.camping-pyrenees.com\/en\/basque-bearnaise-gastronomy\/#primaryimage\",\"url\":\"https:\/\/www.camping-pyrenees.com\/wp-content\/uploads\/2020\/11\/jambon-bayonne.jpg\",\"contentUrl\":\"https:\/\/www.camping-pyrenees.com\/wp-content\/uploads\/2020\/11\/jambon-bayonne.jpg\",\"width\":1903,\"height\":450,\"caption\":\"jambon bayonne\"},{\"@type\":\"BreadcrumbList\",\"@id\":\"https:\/\/www.camping-pyrenees.com\/en\/basque-bearnaise-gastronomy\/#breadcrumb\",\"itemListElement\":[{\"@type\":\"ListItem\",\"position\":1,\"name\":\"Campsite Pyr\u00e9n\u00e9es\",\"item\":\"https:\/\/www.camping-pyrenees.com\/en\/\"},{\"@type\":\"ListItem\",\"position\":2,\"name\":\"Culinary specialties\"}]},{\"@type\":\"WebSite\",\"@id\":\"https:\/\/www.camping-pyrenees.com\/en\/#website\",\"url\":\"https:\/\/www.camping-pyrenees.com\/en\/\",\"name\":\"Camping Baretous PYRENEES\",\"description\":\"\",\"potentialAction\":[{\"@type\":\"SearchAction\",\"target\":{\"@type\":\"EntryPoint\",\"urlTemplate\":\"https:\/\/www.camping-pyrenees.com\/en\/?s={search_term_string}\"},\"query-input\":{\"@type\":\"PropertyValueSpecification\",\"valueRequired\":true,\"valueName\":\"search_term_string\"}}],\"inLanguage\":\"en-US\"}]}<\/script>\n<!-- \/ Yoast SEO plugin. -->","yoast_head_json":{"title":"Discover the Basque-B\u00e9arnaise gastronomy | Pyrenees culinary specialties","robots":{"index":"index","follow":"follow","max-snippet":"max-snippet:-1","max-image-preview":"max-image-preview:large","max-video-preview":"max-video-preview:-1"},"canonical":"https:\/\/www.camping-pyrenees.com\/en\/basque-bearnaise-gastronomy\/","og_locale":"en_US","og_type":"article","og_title":"Discover the Basque-B\u00e9arnaise gastronomy | Pyrenees culinary specialties","og_url":"https:\/\/www.camping-pyrenees.com\/en\/basque-bearnaise-gastronomy\/","og_site_name":"Camping Baretous PYRENEES","article_modified_time":"2020-12-14T09:51:38+00:00","og_image":[{"width":1903,"height":450,"url":"https:\/\/www.camping-pyrenees.com\/wp-content\/uploads\/2020\/11\/jambon-bayonne.jpg","type":"image\/jpeg"}],"twitter_card":"summary_large_image","schema":{"@context":"https:\/\/schema.org","@graph":[{"@type":"WebPage","@id":"https:\/\/www.camping-pyrenees.com\/en\/basque-bearnaise-gastronomy\/","url":"https:\/\/www.camping-pyrenees.com\/en\/basque-bearnaise-gastronomy\/","name":"Discover the Basque-B\u00e9arnaise gastronomy | Pyrenees culinary specialties","isPartOf":{"@id":"https:\/\/www.camping-pyrenees.com\/en\/#website"},"primaryImageOfPage":{"@id":"https:\/\/www.camping-pyrenees.com\/en\/basque-bearnaise-gastronomy\/#primaryimage"},"image":{"@id":"https:\/\/www.camping-pyrenees.com\/en\/basque-bearnaise-gastronomy\/#primaryimage"},"thumbnailUrl":"https:\/\/www.camping-pyrenees.com\/wp-content\/uploads\/2020\/11\/jambon-bayonne.jpg","datePublished":"2020-10-29T04:30:07+00:00","dateModified":"2020-12-14T09:51:38+00:00","breadcrumb":{"@id":"https:\/\/www.camping-pyrenees.com\/en\/basque-bearnaise-gastronomy\/#breadcrumb"},"inLanguage":"en-US","potentialAction":[{"@type":"ReadAction","target":["https:\/\/www.camping-pyrenees.com\/en\/basque-bearnaise-gastronomy\/"]}]},{"@type":"ImageObject","inLanguage":"en-US","@id":"https:\/\/www.camping-pyrenees.com\/en\/basque-bearnaise-gastronomy\/#primaryimage","url":"https:\/\/www.camping-pyrenees.com\/wp-content\/uploads\/2020\/11\/jambon-bayonne.jpg","contentUrl":"https:\/\/www.camping-pyrenees.com\/wp-content\/uploads\/2020\/11\/jambon-bayonne.jpg","width":1903,"height":450,"caption":"jambon bayonne"},{"@type":"BreadcrumbList","@id":"https:\/\/www.camping-pyrenees.com\/en\/basque-bearnaise-gastronomy\/#breadcrumb","itemListElement":[{"@type":"ListItem","position":1,"name":"Campsite Pyr\u00e9n\u00e9es","item":"https:\/\/www.camping-pyrenees.com\/en\/"},{"@type":"ListItem","position":2,"name":"Culinary specialties"}]},{"@type":"WebSite","@id":"https:\/\/www.camping-pyrenees.com\/en\/#website","url":"https:\/\/www.camping-pyrenees.com\/en\/","name":"Camping Baretous PYRENEES","description":"","potentialAction":[{"@type":"SearchAction","target":{"@type":"EntryPoint","urlTemplate":"https:\/\/www.camping-pyrenees.com\/en\/?s={search_term_string}"},"query-input":{"@type":"PropertyValueSpecification","valueRequired":true,"valueName":"search_term_string"}}],"inLanguage":"en-US"}]}},"_links":{"self":[{"href":"https:\/\/www.camping-pyrenees.com\/en\/wp-json\/wp\/v2\/pages\/2855"}],"collection":[{"href":"https:\/\/www.camping-pyrenees.com\/en\/wp-json\/wp\/v2\/pages"}],"about":[{"href":"https:\/\/www.camping-pyrenees.com\/en\/wp-json\/wp\/v2\/types\/page"}],"author":[{"embeddable":true,"href":"https:\/\/www.camping-pyrenees.com\/en\/wp-json\/wp\/v2\/users\/1"}],"replies":[{"embeddable":true,"href":"https:\/\/www.camping-pyrenees.com\/en\/wp-json\/wp\/v2\/comments?post=2855"}],"version-history":[{"count":5,"href":"https:\/\/www.camping-pyrenees.com\/en\/wp-json\/wp\/v2\/pages\/2855\/revisions"}],"predecessor-version":[{"id":3010,"href":"https:\/\/www.camping-pyrenees.com\/en\/wp-json\/wp\/v2\/pages\/2855\/revisions\/3010"}],"wp:featuredmedia":[{"embeddable":true,"href":"https:\/\/www.camping-pyrenees.com\/en\/wp-json\/wp\/v2\/media\/1924"}],"wp:attachment":[{"href":"https:\/\/www.camping-pyrenees.com\/en\/wp-json\/wp\/v2\/media?parent=2855"}],"curies":[{"name":"wp","href":"https:\/\/api.w.org\/{rel}","templated":true}]}}