{"id":2859,"date":"2020-10-29T05:30:00","date_gmt":"2020-10-29T04:30:00","guid":{"rendered":"https:\/\/www.camping-pyrenees.com\/cite-de-caractere-pyrenees\/"},"modified":"2021-01-11T11:25:02","modified_gmt":"2021-01-11T10:25:02","slug":"pyrenees-character-city","status":"publish","type":"page","link":"https:\/\/www.camping-pyrenees.com\/en\/pyrenees-character-city\/","title":{"rendered":"Alentours : Des cit\u00e9s de caract\u00e8re"},"content":{"rendered":"<section id=\"section-5f85acbd70cfe\"\" class=\"section bg-white\" \/><div class=\"container extralarge\"><h1 class=\"element section-title center\">Cities of character in the Pyrenees<\/h1><\/div><\/section>\n\n<section id=\"section-5f85acbd710f2\"\" class=\"section bg-color3 p-t-0 p-b-0\" \/><div class=\"container full\"><div class=\"colonnes-wrap valign-middle \"><div class=\"element colonne p-x-10 p-y-4\"><h2 class=\"element section-title left\">Discover B\u00e9arn and the Basque Country<\/h2><div class=\"element bloc-text justify \">\n\t<p>Visit also these cities of character to the <strong class=\"bold color2\">rich heritage of history<\/strong> such as Oloron-Sainte-Marie and its cathedral Sainte-Marie, Pau and its castle, Saint-Jean-Pied-de-Port strategic crossroads of the ways of Saint-Jacques-de-Compostelle, Navarrenx and its ramparts, Sauveterre-de-B\u00e9arn and its medieval city. <\/p>\n<ul>\n<li>Oloron-Sainte-Marie<\/li>\n<li>Pau<\/li>\n<li>Sauveterre-de-B\u00e9arn<\/li>\n<li>Navarrenx<\/li>\n<li>Saint-Jean-Pied-de-Port<\/li>\n<\/ul>\n<p>Castles, churches, cathedrals, bastides, museums, you will be spoilt for choice to discover and visit these cities rich in history close to the <a href=\"\/en\/\">camping Bar\u00e9tous<\/a>.<\/p>\n<\/div><\/div><div class=\"element colonne mozaique-img p-0\"><div class=\"element images\"><div class=\"image\"><img decoding=\"async\" src=\"https:\/\/www.camping-pyrenees.com\/wp-content\/uploads\/2020\/11\/vue-saint-jean-pied-de-port-100x84.jpg\" data-src=\"https:\/\/www.camping-pyrenees.com\/wp-content\/uploads\/2020\/11\/vue-saint-jean-pied-de-port.jpg\" alt=\"vue saint jean pied de port\" class=\"images_image\" \/><\/div><div class=\"image\"><img decoding=\"async\" src=\"https:\/\/www.camping-pyrenees.com\/wp-content\/uploads\/2020\/11\/ville-pau-100x84.jpg\" data-src=\"https:\/\/www.camping-pyrenees.com\/wp-content\/uploads\/2020\/11\/ville-pau.jpg\" alt=\"ville pau\" class=\"images_image\" \/><\/div><\/div><div class=\"element images\"><div class=\"image\"><img decoding=\"async\" src=\"https:\/\/www.camping-pyrenees.com\/wp-content\/uploads\/2020\/11\/ville-navarrenx-100x84.jpg\" data-src=\"https:\/\/www.camping-pyrenees.com\/wp-content\/uploads\/2020\/11\/ville-navarrenx.jpg\" alt=\"ville navarrenx\" class=\"images_image\" \/><\/div><div class=\"image\"><img decoding=\"async\" src=\"https:\/\/www.camping-pyrenees.com\/wp-content\/uploads\/2020\/11\/saint-jean-pied-de-port-pont-romain-100x84.jpg\" data-src=\"https:\/\/www.camping-pyrenees.com\/wp-content\/uploads\/2020\/11\/saint-jean-pied-de-port-pont-romain.jpg\" alt=\"saint jean pied de port pont romain\" class=\"images_image\" \/><\/div><\/div><\/div><\/div><\/div><\/section>\n\n<section id=\"section-5f85a720bbf4a\"\" class=\"section bg-white p-t-0 p-b-0\" \/><div class=\"container full\"><div class=\"colonnes-wrap valign-middle \"><div class=\"element colonne mozaique-img p-0\"><div class=\"element images\"><div class=\"image\"><img decoding=\"async\" src=\"https:\/\/www.camping-pyrenees.com\/wp-content\/uploads\/2020\/11\/batiment-pau-100x84.jpg\" data-src=\"https:\/\/www.camping-pyrenees.com\/wp-content\/uploads\/2020\/11\/batiment-pau.jpg\" alt=\"batiment pau\" class=\"images_image\" \/><\/div><div class=\"image\"><img decoding=\"async\" src=\"https:\/\/www.camping-pyrenees.com\/wp-content\/uploads\/2020\/11\/oloron-sainte-marie-cathedrale-sainte-marie-100x84.jpg\" data-src=\"https:\/\/www.camping-pyrenees.com\/wp-content\/uploads\/2020\/11\/oloron-sainte-marie-cathedrale-sainte-marie.jpg\" alt=\"oloron sainte marie cath\u00e9drale sainte marie\" class=\"images_image\" \/><\/div><\/div><div class=\"element images\"><div class=\"image\"><img decoding=\"async\" src=\"https:\/\/www.camping-pyrenees.com\/wp-content\/uploads\/2020\/11\/eglisepau-100x84.jpg\" data-src=\"https:\/\/www.camping-pyrenees.com\/wp-content\/uploads\/2020\/11\/eglisepau.jpg\" alt=\"\u00e9glise pau\" class=\"images_image\" \/><\/div><div class=\"image\"><img decoding=\"async\" src=\"https:\/\/www.camping-pyrenees.com\/wp-content\/uploads\/2020\/11\/chateau-de-pau-100x84.jpg\" data-src=\"https:\/\/www.camping-pyrenees.com\/wp-content\/uploads\/2020\/11\/chateau-de-pau.jpg\" alt=\"chateau de pau\" class=\"images_image\" \/><\/div><\/div><\/div><div class=\"element colonne p-x-10 p-y-4\"><h2 class=\"element section-title left\">The most beautiful places to visit<\/h2><div class=\"element bloc-text justify \">\n\t<ul>\n<li><strong class=\"bold color2\">Oloron-Sainte-Marie: a city rich in history<\/strong><\/li>\n<\/ul>\n<p>At the confluence of the Aspe and Ossau gaves, <a href=\"http:\/\/www.oloron-ste-marie.fr\/Oloron\/histoire-et-patrimoine.php?id_page=18 \"target=\"_blank\" rel=\"noopener\">Oloron-Sainte-Marie<\/a> has 2,000 years of history and a rich heritage from the historic districts of Sainte-Marie, Sainte-Croix and Notre-Dame. There is nothing better than strolling through the streets of the city according to your desires, the places of the city <strong class=\"bold color2\">to visit<\/strong> :<\/p>\n<ul>\n<li>The <a href=\"https:\/\/pratique.tourisme64.com\/patrimoine-culturel\/oloron-sainte-marie\/cathedrale-sainte-marie-d-oloron-et-tresor\/PCUAQU064FS00061.html \"target=\"_blank\" rel=\"noopener\">Saint Mary&#8217;s Cathedral<\/a> listed as a UNESCO World Heritage Site, being one of the most remarkable buildings on the <a href=\"https:\/\/www.lepelerin.com\/chemins-pelerinages\/chemin-de-saint-jacques-de-compostelle\/la-voie-darles-vers-saint-jacques-de-compostelle\/oloron-sainte-marie-pyrenees-atlantiques\/\"target=\"_blank\" rel=\"noopener\">Roads to Santiago de Compostela<\/a>.<\/li>\n<li>The Villa of Art and History which shows all the facets of the culture and traditions of B\u00e9arn.<\/li>\n<\/ul>\n<p>See also: <a href=\"https:\/\/www.chemins-compostelle.com\/itineraires\" target=\"_blank\" rel=\"noopener\"\">The routes of the Routes of Santiago de Compostela<\/a>.<\/p>\n<ul>\n<li><strong class=\"bold color2\">Pau<\/strong><\/li>\n<\/ul>\n<p>Prefecture of the department of Pyr\u00e9n\u00e9es-Atlantiques and capital of B\u00e9arn, Pau is turned towards the Pyrenees. Rich of a history and a strong cultural identity. <a href=\"http:\/\/www.histoire-france.net\/biographie\/henri4 \"target=\"_blank\" rel=\"noopener\">Henri IV<\/a> who was born in Pau in 1553, was king of France from 1589 to 1610, is the most famous historical figure of B\u00e9arn. <a href=\"https:\/\/chateau-pau.fr\/le-chateau \"target=\"_blank\" rel=\"noopener\">The castle of Pau<\/a> was built on a rocky spur facing the Pyrenean chain in the 14th century and it is Gaston III called &#8220;Le Ph\u00e9bus&#8221; who made it a stronghold. This <strong class=\"bold color2\">castle of the Middle Ages<\/strong> is the most visited tourist site of the city. Pedestrian streets, stores, restaurants, visitors can stroll in peace and quiet according to their desires.<\/p>\n<\/div><\/div><\/div><\/div><\/section>\n\n<section id=\"section-gorupe\"\" class=\"section bg-color3 p-t-0 p-b-0\" \/><div class=\"container full\"><div class=\"colonnes-wrap valign-middle \"><div class=\"element colonne p-x-10 p-y-4\"><div class=\"element bloc-text justify \">\n\t<ul>\n<li><strong class=\"bold color2\">Sauveterre-de-B\u00e9arn<\/strong><\/li>\n<\/ul>\n<p><a href=\"https:\/\/www.sauveterre-de-bearn.fr\/tourisme-et-patrimoine\/patrimoine\/patrimoine-medieval\/\"target=\"_blank\" rel=\"noopener\">Sauveterre-de-B\u00e9arn<\/a>, this <strong class=\"bold color2\">charming medieval city<\/strong> with its impressive ramparts overlooking the Gave d&#8217;Oloron, will delight you with its softness and its soothing side. Not to be missed: The Legend Bridge, the Monr\u00e9al Tower, the Arsenal and the Sunarthe Chapel.<\/p>\n<ul>\n<li><strong class=\"bold color2\">Navarrenx<\/strong><\/li>\n<\/ul>\n<p><strong class=\"bold color2\">Bastide of the XIIth century<\/strong>, <a href=\"https:\/\/www.tourisme-bearn-gaves.com\/decouvrir\/culture-et-patrimoine\/les-cites-du-bearn-des-gaves\/navarrenx-cite-bastionnee\/\"target=\"_blank\" rel=\"noopener\">Navarrenx<\/a> is one of the &#8221; Most beautiful villages of France &#8221; and the capital of salmon fishing. Nearly 2 kilometers of ramparts fortify the town which seems impregnable !! <\/p>\n<p>On the way to Le Puy, Navarrenx is also a stopover town of the <a href=\"https:\/\/www.chemins-compostelle.com\/ville_adherente_base\/278\/navarrenx-pyr-n-es-atlantiques-nouvelle-aquitaine \"target=\"_blank\" rel=\"noopener\">paths of Santiago de Compostela<\/a>.<\/p>\n<ul>\n<li><strong class=\"bold color2\">Saint-Jean-Pied-de-Port<\/strong><\/li>\n<\/ul>\n<p>Capital of Lower Navarre in the Basque Country, <a href=\"https:\/\/www.en-pays-basque.fr\/territoires-et-destinations\/\" target=\"_blank\" rel=\"noopener\">Saint-Jean-Pied-de-Port<\/a> has an old town surrounded by fortifications where it is very pleasant to walk and stroll on its cobblestones. Very frequented by the pilgrims of Santiago de Compostela, the city is an unmissable crossroads where several roads converge towards the next stop: the abbey of Roncesvalles. The citadel, the Bishops&#8217; prison, the Saint-Jacques gate and the Chemin de Ronde are the major interests of the city.<\/p>\n<p>On the mountain slopes and planted in terraces, the <a href=\"https:\/\/www.irouleguy.net\/fr\/\"target=\"_blank\" rel=\"noopener\">vignoble d&#8217;Iroul\u00e9guy<\/a>, the only one in the Basque Country, will offer you ros\u00e9 and red wines of character.<\/p>\n<p>Take a moment to go and watch a game of Basque pelota at the trinquet or on the pediment of a village.<\/p>\n<\/div><\/div><div class=\"element colonne mozaique-img p-0\"><div class=\"element images\"><div class=\"image\"><img decoding=\"async\" src=\"https:\/\/www.camping-pyrenees.com\/wp-content\/uploads\/2020\/11\/saint-jean-pied-de-port-1-100x95.jpg\" data-src=\"https:\/\/www.camping-pyrenees.com\/wp-content\/uploads\/2020\/11\/saint-jean-pied-de-port-1.jpg\" alt=\"ville saint jean pied de port\" class=\"images_image\" \/><\/div><div class=\"image\"><img decoding=\"async\" src=\"https:\/\/www.camping-pyrenees.com\/wp-content\/uploads\/2020\/11\/ville-saint-jean-pied-de-port-100x95.jpg\" data-src=\"https:\/\/www.camping-pyrenees.com\/wp-content\/uploads\/2020\/11\/ville-saint-jean-pied-de-port.jpg\" alt=\"ville saint jean pied de port\" class=\"images_image\" \/><\/div><\/div><div class=\"element images\"><div class=\"image\"><img decoding=\"async\" src=\"https:\/\/www.camping-pyrenees.com\/wp-content\/uploads\/2020\/11\/chateau-navarrenx-100x95.jpg\" data-src=\"https:\/\/www.camping-pyrenees.com\/wp-content\/uploads\/2020\/11\/chateau-navarrenx.jpg\" alt=\"chateau navarrenx\" class=\"images_image\" \/><\/div><div class=\"image\"><img decoding=\"async\" src=\"https:\/\/www.camping-pyrenees.com\/wp-content\/uploads\/2020\/11\/vue-sauveterre-de-bearn-100x95.jpg\" data-src=\"https:\/\/www.camping-pyrenees.com\/wp-content\/uploads\/2020\/11\/vue-sauveterre-de-bearn.jpg\" alt=\"vue sauveterre de b\u00e9arn\" class=\"images_image\" \/><\/div><\/div><\/div><\/div><\/div><\/section>\n\n<section id=\"section-cta-bottom\"\" class=\"section bg-white\" \/><div class=\"container extralarge\"><div class=\"element section-title center title-cta\">Discover the surroundings<\/div><ul class=\"liste-de-page\"><li class=\"element call-to-action carre call-to-action--style-1 call-to-action--normal\"><a href=\"https:\/\/www.camping-pyrenees.com\/en\/sports-activities-pyrenees\/\"  class=\"call-to-action_link\" title=\"Learn more about sporting activities\"><div class=\"call-to-action_image\"><img decoding=\"async\" src=\"https:\/\/www.camping-pyrenees.com\/wp-content\/uploads\/2020\/10\/camping-baretous-cta-alentours-activites-sportives-100x57.jpg\" data-src=\"https:\/\/www.camping-pyrenees.com\/wp-content\/uploads\/2020\/10\/camping-baretous-cta-alentours-activites-sportives.jpg\" alt=\"\" class=\"normal\" \/><\/div><div class=\"call-to-action_contenu\"><div class=\"call-to-action_titre\">Sporting activities<\/div><\/div><\/a><\/li><li class=\"element call-to-action carre call-to-action--style-1 call-to-action--normal call-to-action--style-1 call-to-action--normal\"><a href=\"https:\/\/www.camping-pyrenees.com\/en\/pyrenees-activities\/\"  class=\"call-to-action_link\" title=\"Learn more about playful activities\"><div class=\"call-to-action_image\"><img decoding=\"async\" src=\"https:\/\/www.camping-pyrenees.com\/wp-content\/uploads\/2020\/10\/camping-baretous-cta-alentours-activites-ludiques-100x57.jpg\" data-src=\"https:\/\/www.camping-pyrenees.com\/wp-content\/uploads\/2020\/10\/camping-baretous-cta-alentours-activites-ludiques.jpg\" alt=\"\" class=\"normal\" \/><\/div><div class=\"call-to-action_contenu\"><div class=\"call-to-action_titre\">Playful activities<\/div><\/div><\/a><\/li><li class=\"element call-to-action carre call-to-action--style-1 call-to-action--normal call-to-action--style-1 call-to-action--normal call-to-action--style-1 call-to-action--normal\"><a href=\"https:\/\/www.camping-pyrenees.com\/en\/basque-bearnaise-gastronomy\/\"  class=\"call-to-action_link\" title=\"Learn more about basque-b\u00e9arnaise gastronomy\"><div class=\"call-to-action_image\"><img decoding=\"async\" src=\"https:\/\/www.camping-pyrenees.com\/wp-content\/uploads\/2020\/10\/camping-baretous-cta-alentours-gastronomie-100x57.jpg\" data-src=\"https:\/\/www.camping-pyrenees.com\/wp-content\/uploads\/2020\/10\/camping-baretous-cta-alentours-gastronomie.jpg\" alt=\"\" class=\"normal\" \/><\/div><div class=\"call-to-action_contenu\"><div class=\"call-to-action_titre\">Basque-B\u00e9arnaise gastronomy<\/div><\/div><\/a><\/li><\/ul><\/div><\/section>","protected":false},"excerpt":{"rendered":"","protected":false},"author":1,"featured_media":1820,"parent":0,"menu_order":0,"comment_status":"closed","ping_status":"closed","template":"","meta":{"_acf_changed":false,"footnotes":""},"class_list":["post-2859","page","type-page","status-publish","has-post-thumbnail","hentry"],"acf":[],"yoast_head":"<!-- This site is optimized with the Yoast SEO plugin v25.3 - https:\/\/yoast.com\/wordpress\/plugins\/seo\/ -->\n<title>Cities not to be missed B\u00e9arn | Towns and villages Pyrenees | Holidays (64)<\/title>\n<meta name=\"robots\" content=\"index, follow, max-snippet:-1, max-image-preview:large, max-video-preview:-1\" \/>\n<link rel=\"canonical\" href=\"https:\/\/www.camping-pyrenees.com\/en\/pyrenees-character-city\/\" \/>\n<meta property=\"og:locale\" content=\"en_US\" \/>\n<meta property=\"og:type\" content=\"article\" \/>\n<meta property=\"og:title\" content=\"Cities not to be missed B\u00e9arn | Towns and villages Pyrenees | Holidays (64)\" \/>\n<meta property=\"og:url\" content=\"https:\/\/www.camping-pyrenees.com\/en\/pyrenees-character-city\/\" \/>\n<meta property=\"og:site_name\" content=\"Camping Baretous PYRENEES\" \/>\n<meta property=\"article:modified_time\" content=\"2021-01-11T10:25:02+00:00\" \/>\n<meta property=\"og:image\" content=\"https:\/\/www.camping-pyrenees.com\/wp-content\/uploads\/2020\/11\/cite-medievale-sauveterre-de-bearn-1.jpg\" \/>\n\t<meta property=\"og:image:width\" content=\"1903\" \/>\n\t<meta property=\"og:image:height\" content=\"450\" \/>\n\t<meta property=\"og:image:type\" content=\"image\/jpeg\" \/>\n<meta name=\"twitter:card\" content=\"summary_large_image\" \/>\n<script type=\"application\/ld+json\" class=\"yoast-schema-graph\">{\"@context\":\"https:\/\/schema.org\",\"@graph\":[{\"@type\":\"WebPage\",\"@id\":\"https:\/\/www.camping-pyrenees.com\/en\/pyrenees-character-city\/\",\"url\":\"https:\/\/www.camping-pyrenees.com\/en\/pyrenees-character-city\/\",\"name\":\"Cities not to be missed B\u00e9arn | Towns and villages Pyrenees | Holidays (64)\",\"isPartOf\":{\"@id\":\"https:\/\/www.camping-pyrenees.com\/en\/#website\"},\"primaryImageOfPage\":{\"@id\":\"https:\/\/www.camping-pyrenees.com\/en\/pyrenees-character-city\/#primaryimage\"},\"image\":{\"@id\":\"https:\/\/www.camping-pyrenees.com\/en\/pyrenees-character-city\/#primaryimage\"},\"thumbnailUrl\":\"https:\/\/www.camping-pyrenees.com\/wp-content\/uploads\/2020\/11\/cite-medievale-sauveterre-de-bearn-1.jpg\",\"datePublished\":\"2020-10-29T04:30:00+00:00\",\"dateModified\":\"2021-01-11T10:25:02+00:00\",\"breadcrumb\":{\"@id\":\"https:\/\/www.camping-pyrenees.com\/en\/pyrenees-character-city\/#breadcrumb\"},\"inLanguage\":\"en-US\",\"potentialAction\":[{\"@type\":\"ReadAction\",\"target\":[\"https:\/\/www.camping-pyrenees.com\/en\/pyrenees-character-city\/\"]}]},{\"@type\":\"ImageObject\",\"inLanguage\":\"en-US\",\"@id\":\"https:\/\/www.camping-pyrenees.com\/en\/pyrenees-character-city\/#primaryimage\",\"url\":\"https:\/\/www.camping-pyrenees.com\/wp-content\/uploads\/2020\/11\/cite-medievale-sauveterre-de-bearn-1.jpg\",\"contentUrl\":\"https:\/\/www.camping-pyrenees.com\/wp-content\/uploads\/2020\/11\/cite-medievale-sauveterre-de-bearn-1.jpg\",\"width\":1903,\"height\":450},{\"@type\":\"BreadcrumbList\",\"@id\":\"https:\/\/www.camping-pyrenees.com\/en\/pyrenees-character-city\/#breadcrumb\",\"itemListElement\":[{\"@type\":\"ListItem\",\"position\":1,\"name\":\"Campsite Pyr\u00e9n\u00e9es\",\"item\":\"https:\/\/www.camping-pyrenees.com\/en\/\"},{\"@type\":\"ListItem\",\"position\":2,\"name\":\"Cities of character\"}]},{\"@type\":\"WebSite\",\"@id\":\"https:\/\/www.camping-pyrenees.com\/en\/#website\",\"url\":\"https:\/\/www.camping-pyrenees.com\/en\/\",\"name\":\"Camping Baretous PYRENEES\",\"description\":\"\",\"potentialAction\":[{\"@type\":\"SearchAction\",\"target\":{\"@type\":\"EntryPoint\",\"urlTemplate\":\"https:\/\/www.camping-pyrenees.com\/en\/?s={search_term_string}\"},\"query-input\":{\"@type\":\"PropertyValueSpecification\",\"valueRequired\":true,\"valueName\":\"search_term_string\"}}],\"inLanguage\":\"en-US\"}]}<\/script>\n<!-- \/ Yoast SEO plugin. -->","yoast_head_json":{"title":"Cities not to be missed B\u00e9arn | Towns and villages Pyrenees | Holidays (64)","robots":{"index":"index","follow":"follow","max-snippet":"max-snippet:-1","max-image-preview":"max-image-preview:large","max-video-preview":"max-video-preview:-1"},"canonical":"https:\/\/www.camping-pyrenees.com\/en\/pyrenees-character-city\/","og_locale":"en_US","og_type":"article","og_title":"Cities not to be missed B\u00e9arn | Towns and villages Pyrenees | Holidays (64)","og_url":"https:\/\/www.camping-pyrenees.com\/en\/pyrenees-character-city\/","og_site_name":"Camping Baretous PYRENEES","article_modified_time":"2021-01-11T10:25:02+00:00","og_image":[{"width":1903,"height":450,"url":"https:\/\/www.camping-pyrenees.com\/wp-content\/uploads\/2020\/11\/cite-medievale-sauveterre-de-bearn-1.jpg","type":"image\/jpeg"}],"twitter_card":"summary_large_image","schema":{"@context":"https:\/\/schema.org","@graph":[{"@type":"WebPage","@id":"https:\/\/www.camping-pyrenees.com\/en\/pyrenees-character-city\/","url":"https:\/\/www.camping-pyrenees.com\/en\/pyrenees-character-city\/","name":"Cities not to be missed B\u00e9arn | Towns and villages Pyrenees | Holidays (64)","isPartOf":{"@id":"https:\/\/www.camping-pyrenees.com\/en\/#website"},"primaryImageOfPage":{"@id":"https:\/\/www.camping-pyrenees.com\/en\/pyrenees-character-city\/#primaryimage"},"image":{"@id":"https:\/\/www.camping-pyrenees.com\/en\/pyrenees-character-city\/#primaryimage"},"thumbnailUrl":"https:\/\/www.camping-pyrenees.com\/wp-content\/uploads\/2020\/11\/cite-medievale-sauveterre-de-bearn-1.jpg","datePublished":"2020-10-29T04:30:00+00:00","dateModified":"2021-01-11T10:25:02+00:00","breadcrumb":{"@id":"https:\/\/www.camping-pyrenees.com\/en\/pyrenees-character-city\/#breadcrumb"},"inLanguage":"en-US","potentialAction":[{"@type":"ReadAction","target":["https:\/\/www.camping-pyrenees.com\/en\/pyrenees-character-city\/"]}]},{"@type":"ImageObject","inLanguage":"en-US","@id":"https:\/\/www.camping-pyrenees.com\/en\/pyrenees-character-city\/#primaryimage","url":"https:\/\/www.camping-pyrenees.com\/wp-content\/uploads\/2020\/11\/cite-medievale-sauveterre-de-bearn-1.jpg","contentUrl":"https:\/\/www.camping-pyrenees.com\/wp-content\/uploads\/2020\/11\/cite-medievale-sauveterre-de-bearn-1.jpg","width":1903,"height":450},{"@type":"BreadcrumbList","@id":"https:\/\/www.camping-pyrenees.com\/en\/pyrenees-character-city\/#breadcrumb","itemListElement":[{"@type":"ListItem","position":1,"name":"Campsite Pyr\u00e9n\u00e9es","item":"https:\/\/www.camping-pyrenees.com\/en\/"},{"@type":"ListItem","position":2,"name":"Cities of character"}]},{"@type":"WebSite","@id":"https:\/\/www.camping-pyrenees.com\/en\/#website","url":"https:\/\/www.camping-pyrenees.com\/en\/","name":"Camping Baretous PYRENEES","description":"","potentialAction":[{"@type":"SearchAction","target":{"@type":"EntryPoint","urlTemplate":"https:\/\/www.camping-pyrenees.com\/en\/?s={search_term_string}"},"query-input":{"@type":"PropertyValueSpecification","valueRequired":true,"valueName":"search_term_string"}}],"inLanguage":"en-US"}]}},"_links":{"self":[{"href":"https:\/\/www.camping-pyrenees.com\/en\/wp-json\/wp\/v2\/pages\/2859"}],"collection":[{"href":"https:\/\/www.camping-pyrenees.com\/en\/wp-json\/wp\/v2\/pages"}],"about":[{"href":"https:\/\/www.camping-pyrenees.com\/en\/wp-json\/wp\/v2\/types\/page"}],"author":[{"embeddable":true,"href":"https:\/\/www.camping-pyrenees.com\/en\/wp-json\/wp\/v2\/users\/1"}],"replies":[{"embeddable":true,"href":"https:\/\/www.camping-pyrenees.com\/en\/wp-json\/wp\/v2\/comments?post=2859"}],"version-history":[{"count":8,"href":"https:\/\/www.camping-pyrenees.com\/en\/wp-json\/wp\/v2\/pages\/2859\/revisions"}],"predecessor-version":[{"id":3136,"href":"https:\/\/www.camping-pyrenees.com\/en\/wp-json\/wp\/v2\/pages\/2859\/revisions\/3136"}],"wp:featuredmedia":[{"embeddable":true,"href":"https:\/\/www.camping-pyrenees.com\/en\/wp-json\/wp\/v2\/media\/1820"}],"wp:attachment":[{"href":"https:\/\/www.camping-pyrenees.com\/en\/wp-json\/wp\/v2\/media?parent=2859"}],"curies":[{"name":"wp","href":"https:\/\/api.w.org\/{rel}","templated":true}]}}