{"id":2822,"date":"2020-10-29T05:31:14","date_gmt":"2020-10-29T04:31:14","guid":{"rendered":"https:\/\/www.camping-pyrenees.com\/contact-acces\/"},"modified":"2025-03-31T16:15:09","modified_gmt":"2025-03-31T14:15:09","slug":"contacto-acceso","status":"publish","type":"page","link":"https:\/\/www.camping-pyrenees.com\/es\/contacto-acceso\/","title":{"rendered":"Contact"},"content":{"rendered":"<section id=\"section-5fb64de558c37\"\" class=\"section bg-white\" \/><div class=\"container\"><h1 class=\"element section-title center\">Contacto y acceso<\/h1><\/div><\/section>\n\n<section id=\"section-5fb64de558eb7\"\" class=\"section bg-color3 p-t-0 p-b-0\" \/><div class=\"container full\"><div class=\"colonnes-wrap valign-middle \"><div class=\"element colonne p-0\"><div class=\"carte\" data-src=\"https:\/\/www.google.com\/maps\/embed?pb=!1m23!1m12!1m3!1d13853.010308528694!2d-0.7407529493477947!3d43.12055404833376!2m3!1f0!2f0!3f0!3m2!1i1024!2i768!4f13.1!4m8!3e0!4m0!4m5!1s0xd570317008736c5%3A0xf75f4b61e364880f!2sCamping%20Bar%C3%A9tous-Pyr%C3%A9n%C3%A9es%2C%20Quartier%20Ripaude%2C%2064570%20Aramits!3m2!1d43.121210999999995!2d-0.7325699999999999!5e0!3m2!1sfr!2sfr!4v1605781717679!5m2!1sfr!2sfr\"><\/div><\/div><div class=\"element colonne p-x-10 p-y-4\"><div class=\"element bloc-text justify \">\n\t<p>\u00bfC\u00f3mo llegar a Aramits, en su campamento de 4 estrellas?<\/p>\n<p><strong class=\"bold color2\">Las coordenadas GPS<\/strong> : 43\u00b07&#8217;17&#8243;N 0\u00b043&#8217;56&#8243;W<\/p>\n<ul>\n<li><strong class=\"bold color2\">Por carretera<\/strong><\/li>\n<\/ul>\n<p>Viniendo de Oloron-Sainte-Marie, tome la D919 en direcci\u00f3n a la estaci\u00f3n de esqu\u00ed de La Pierre Saint-Martin. Al llegar a Aramits, tome la direcci\u00f3n de Tardets, y despu\u00e9s del puente tome la primera carretera a la derecha. Cuente 12 km \/ 15 minutos.<\/p>\n<p>Viniendo de Maul\u00e9on-Licharre, en direcci\u00f3n a Tardets, tome la D918. Al llegar a Aramits, tome la primera carretera a la izquierda. Cuenta 25 km \/ 30 minutos<br \/>\nViniendo de la estaci\u00f3n de esqu\u00ed de La Pierre Saint-Martin, tome la direcci\u00f3n de Arette por la D132. Cuenta 25 km \/ 35 minutos<\/p>\n<ul>\n<li><strong class=\"bold color2\">En tren<\/strong><\/li>\n<\/ul>\n<p>La estaci\u00f3n de tren de Oloron-Sainte-Marie a 12 km del camping (15 minutos). <\/p>\n<ul>\n<li><strong class=\"bold color2\">En avi\u00f3n<\/strong><\/li>\n<\/ul>\n<p>El aeropuerto de Pau est\u00e1 a 57 km del camping (1 hora).<\/p>\n<\/div><\/div><\/div><\/div><\/section>\n\n<section id=\"section-5fb64de559116\"\" class=\"section bg-white p-t-0 p-b-0\" \/><div class=\"container extralarge\"><div class=\"colonnes-wrap valign-middle \"><div class=\"element colonne \"><div class=\"element bloc-text justify \">\n\t<div class=\"emoji\">\n<div class=\"w-49\"><\/div>\n<div class=\"w-49\">\n<p>&nbsp;<\/p>\n<\/div>\n<\/div>\n<p>Para cualquier pregunta o informaci\u00f3n adicional, puede completar el formulario. Nuestro equipo le responder\u00e1 lo antes posible.<\/p>\n<p>Para conocer y ejercer sus derechos, en particular para retirar su consentimiento al uso de los datos recogidos a trav\u00e9s de este formulario, por favor consulte nuestra pol\u00edtica de privacidad.<\/p>\n<\/div><\/div><div class=\"element colonne \"><div class=\"formulaire-de-contact\">\n<div class=\"wpcf7 no-js\" id=\"wpcf7-f2509-o1\" lang=\"fr-FR\" dir=\"ltr\">\n<div class=\"screen-reader-response\"><p role=\"status\" aria-live=\"polite\" aria-atomic=\"true\"><\/p> <ul><\/ul><\/div>\n<form action=\"\/es\/wp-json\/wp\/v2\/pages\/2822#wpcf7-f2509-o1\" method=\"post\" class=\"wpcf7-form init\" aria-label=\"Formulaire de contact\" novalidate=\"novalidate\" data-status=\"init\">\n<div style=\"display: none;\">\n<input type=\"hidden\" name=\"_wpcf7\" value=\"2509\" \/>\n<input type=\"hidden\" name=\"_wpcf7_version\" value=\"5.9.8\" \/>\n<input type=\"hidden\" name=\"_wpcf7_locale\" value=\"fr_FR\" \/>\n<input type=\"hidden\" name=\"_wpcf7_unit_tag\" value=\"wpcf7-f2509-o1\" \/>\n<input type=\"hidden\" name=\"_wpcf7_container_post\" value=\"0\" \/>\n<input type=\"hidden\" name=\"_wpcf7_posted_data_hash\" value=\"\" \/>\n<input type=\"hidden\" name=\"_wpcf7_recaptcha_response\" value=\"\" \/>\n<\/div>\n<p><span class=\"wpcf7-form-control-wrap\" data-name=\"your-name\"><input size=\"40\" maxlength=\"400\" class=\"wpcf7-form-control wpcf7-text wpcf7-validates-as-required\" aria-required=\"true\" aria-invalid=\"false\" placeholder=\"Tu nombre...\" value=\"\" type=\"text\" name=\"your-name\" \/><\/span><span class=\"wpcf7-form-control-wrap\" data-name=\"your-email\"><input size=\"40\" maxlength=\"400\" class=\"wpcf7-form-control wpcf7-email wpcf7-validates-as-required wpcf7-text wpcf7-validates-as-email\" aria-required=\"true\" aria-invalid=\"false\" placeholder=\"Su direcci\u00f3n de correo electr\u00f3nico ...\" value=\"\" type=\"email\" name=\"your-email\" \/><\/span><span class=\"wpcf7-form-control-wrap\" data-name=\"your-subject\"><input size=\"40\" maxlength=\"400\" class=\"wpcf7-form-control wpcf7-text\" aria-invalid=\"false\" placeholder=\"Tema ...\" value=\"\" type=\"text\" name=\"your-subject\" \/><\/span><span class=\"wpcf7-form-control-wrap\" data-name=\"your-message\"><textarea cols=\"40\" rows=\"10\" maxlength=\"2000\" class=\"wpcf7-form-control wpcf7-textarea\" aria-invalid=\"false\" placeholder=\"Su mensaje ...\" name=\"your-message\"><\/textarea><\/span><span class=\"wpcf7-form-control-wrap\" data-name=\"acceptance-553\"><span class=\"wpcf7-form-control wpcf7-acceptance\"><span class=\"wpcf7-list-item\"><input type=\"checkbox\" name=\"acceptance-553\" value=\"1\" aria-invalid=\"false\" \/><\/span><\/span><\/span> Al marcar esta casilla, acepto la <a href=\"\/es\/politica-de-confidencialidad\/\" rel=\"noopener\" target=\"_blank\">pol\u00edtica de privacidad<\/a> de este sitio. <input class=\"wpcf7-form-control wpcf7-submit has-spinner\" type=\"submit\" value=\"Env\u00eda\" \/>\n<\/p><div class=\"wpcf7-response-output\" aria-hidden=\"true\"><\/div>\n<\/form>\n<\/div>\n<\/div><\/div><\/div><\/div><\/section>","protected":false},"excerpt":{"rendered":"","protected":false},"author":1,"featured_media":1264,"parent":0,"menu_order":0,"comment_status":"closed","ping_status":"closed","template":"","meta":{"_acf_changed":false,"footnotes":""},"class_list":["post-2822","page","type-page","status-publish","has-post-thumbnail","hentry"],"acf":[],"yoast_head":"<!-- This site is optimized with the Yoast SEO plugin v25.3 - https:\/\/yoast.com\/wordpress\/plugins\/seo\/ -->\n<title>Contacte con el camping de los Pirineos | C\u00f3mo llegar al camping en 64<\/title>\n<meta name=\"robots\" content=\"index, follow, max-snippet:-1, max-image-preview:large, max-video-preview:-1\" \/>\n<link rel=\"canonical\" href=\"https:\/\/www.camping-pyrenees.com\/es\/contacto-acceso\/\" \/>\n<meta property=\"og:locale\" content=\"es_ES\" \/>\n<meta property=\"og:type\" content=\"article\" \/>\n<meta property=\"og:title\" content=\"Contacte con el camping de los Pirineos | C\u00f3mo llegar al camping en 64\" \/>\n<meta property=\"og:url\" content=\"https:\/\/www.camping-pyrenees.com\/es\/contacto-acceso\/\" \/>\n<meta property=\"og:site_name\" content=\"Camping Baretous PYRENEES\" \/>\n<meta property=\"article:modified_time\" content=\"2025-03-31T14:15:09+00:00\" \/>\n<meta property=\"og:image\" content=\"https:\/\/www.camping-pyrenees.com\/wp-content\/uploads\/2020\/11\/village-chalet.jpg\" \/>\n\t<meta property=\"og:image:width\" content=\"1903\" \/>\n\t<meta property=\"og:image:height\" content=\"450\" \/>\n\t<meta property=\"og:image:type\" content=\"image\/jpeg\" \/>\n<meta name=\"twitter:card\" content=\"summary_large_image\" \/>\n<meta name=\"twitter:label1\" content=\"Tiempo de lectura\" \/>\n\t<meta name=\"twitter:data1\" content=\"1 minuto\" \/>\n<script type=\"application\/ld+json\" class=\"yoast-schema-graph\">{\"@context\":\"https:\/\/schema.org\",\"@graph\":[{\"@type\":\"WebPage\",\"@id\":\"https:\/\/www.camping-pyrenees.com\/es\/contacto-acceso\/\",\"url\":\"https:\/\/www.camping-pyrenees.com\/es\/contacto-acceso\/\",\"name\":\"Contacte con el camping de los Pirineos | C\u00f3mo llegar al camping en 64\",\"isPartOf\":{\"@id\":\"https:\/\/www.camping-pyrenees.com\/es\/#website\"},\"primaryImageOfPage\":{\"@id\":\"https:\/\/www.camping-pyrenees.com\/es\/contacto-acceso\/#primaryimage\"},\"image\":{\"@id\":\"https:\/\/www.camping-pyrenees.com\/es\/contacto-acceso\/#primaryimage\"},\"thumbnailUrl\":\"https:\/\/www.camping-pyrenees.com\/wp-content\/uploads\/2020\/11\/village-chalet.jpg\",\"datePublished\":\"2020-10-29T04:31:14+00:00\",\"dateModified\":\"2025-03-31T14:15:09+00:00\",\"breadcrumb\":{\"@id\":\"https:\/\/www.camping-pyrenees.com\/es\/contacto-acceso\/#breadcrumb\"},\"inLanguage\":\"es\",\"potentialAction\":[{\"@type\":\"ReadAction\",\"target\":[\"https:\/\/www.camping-pyrenees.com\/es\/contacto-acceso\/\"]}]},{\"@type\":\"ImageObject\",\"inLanguage\":\"es\",\"@id\":\"https:\/\/www.camping-pyrenees.com\/es\/contacto-acceso\/#primaryimage\",\"url\":\"https:\/\/www.camping-pyrenees.com\/wp-content\/uploads\/2020\/11\/village-chalet.jpg\",\"contentUrl\":\"https:\/\/www.camping-pyrenees.com\/wp-content\/uploads\/2020\/11\/village-chalet.jpg\",\"width\":1903,\"height\":450,\"caption\":\"village chalet\"},{\"@type\":\"BreadcrumbList\",\"@id\":\"https:\/\/www.camping-pyrenees.com\/es\/contacto-acceso\/#breadcrumb\",\"itemListElement\":[{\"@type\":\"ListItem\",\"position\":1,\"name\":\"Camping Pyr\u00e9n\u00e9es\",\"item\":\"https:\/\/www.camping-pyrenees.com\/es\/\"},{\"@type\":\"ListItem\",\"position\":2,\"name\":\"Contacto e itinerario\"}]},{\"@type\":\"WebSite\",\"@id\":\"https:\/\/www.camping-pyrenees.com\/es\/#website\",\"url\":\"https:\/\/www.camping-pyrenees.com\/es\/\",\"name\":\"Camping Baretous PYRENEES\",\"description\":\"\",\"potentialAction\":[{\"@type\":\"SearchAction\",\"target\":{\"@type\":\"EntryPoint\",\"urlTemplate\":\"https:\/\/www.camping-pyrenees.com\/es\/?s={search_term_string}\"},\"query-input\":{\"@type\":\"PropertyValueSpecification\",\"valueRequired\":true,\"valueName\":\"search_term_string\"}}],\"inLanguage\":\"es\"}]}<\/script>\n<!-- \/ Yoast SEO plugin. -->","yoast_head_json":{"title":"Contacte con el camping de los Pirineos | C\u00f3mo llegar al camping en 64","robots":{"index":"index","follow":"follow","max-snippet":"max-snippet:-1","max-image-preview":"max-image-preview:large","max-video-preview":"max-video-preview:-1"},"canonical":"https:\/\/www.camping-pyrenees.com\/es\/contacto-acceso\/","og_locale":"es_ES","og_type":"article","og_title":"Contacte con el camping de los Pirineos | C\u00f3mo llegar al camping en 64","og_url":"https:\/\/www.camping-pyrenees.com\/es\/contacto-acceso\/","og_site_name":"Camping Baretous PYRENEES","article_modified_time":"2025-03-31T14:15:09+00:00","og_image":[{"width":1903,"height":450,"url":"https:\/\/www.camping-pyrenees.com\/wp-content\/uploads\/2020\/11\/village-chalet.jpg","type":"image\/jpeg"}],"twitter_card":"summary_large_image","twitter_misc":{"Tiempo de lectura":"1 minuto"},"schema":{"@context":"https:\/\/schema.org","@graph":[{"@type":"WebPage","@id":"https:\/\/www.camping-pyrenees.com\/es\/contacto-acceso\/","url":"https:\/\/www.camping-pyrenees.com\/es\/contacto-acceso\/","name":"Contacte con el camping de los Pirineos | C\u00f3mo llegar al camping en 64","isPartOf":{"@id":"https:\/\/www.camping-pyrenees.com\/es\/#website"},"primaryImageOfPage":{"@id":"https:\/\/www.camping-pyrenees.com\/es\/contacto-acceso\/#primaryimage"},"image":{"@id":"https:\/\/www.camping-pyrenees.com\/es\/contacto-acceso\/#primaryimage"},"thumbnailUrl":"https:\/\/www.camping-pyrenees.com\/wp-content\/uploads\/2020\/11\/village-chalet.jpg","datePublished":"2020-10-29T04:31:14+00:00","dateModified":"2025-03-31T14:15:09+00:00","breadcrumb":{"@id":"https:\/\/www.camping-pyrenees.com\/es\/contacto-acceso\/#breadcrumb"},"inLanguage":"es","potentialAction":[{"@type":"ReadAction","target":["https:\/\/www.camping-pyrenees.com\/es\/contacto-acceso\/"]}]},{"@type":"ImageObject","inLanguage":"es","@id":"https:\/\/www.camping-pyrenees.com\/es\/contacto-acceso\/#primaryimage","url":"https:\/\/www.camping-pyrenees.com\/wp-content\/uploads\/2020\/11\/village-chalet.jpg","contentUrl":"https:\/\/www.camping-pyrenees.com\/wp-content\/uploads\/2020\/11\/village-chalet.jpg","width":1903,"height":450,"caption":"village chalet"},{"@type":"BreadcrumbList","@id":"https:\/\/www.camping-pyrenees.com\/es\/contacto-acceso\/#breadcrumb","itemListElement":[{"@type":"ListItem","position":1,"name":"Camping Pyr\u00e9n\u00e9es","item":"https:\/\/www.camping-pyrenees.com\/es\/"},{"@type":"ListItem","position":2,"name":"Contacto e itinerario"}]},{"@type":"WebSite","@id":"https:\/\/www.camping-pyrenees.com\/es\/#website","url":"https:\/\/www.camping-pyrenees.com\/es\/","name":"Camping Baretous PYRENEES","description":"","potentialAction":[{"@type":"SearchAction","target":{"@type":"EntryPoint","urlTemplate":"https:\/\/www.camping-pyrenees.com\/es\/?s={search_term_string}"},"query-input":{"@type":"PropertyValueSpecification","valueRequired":true,"valueName":"search_term_string"}}],"inLanguage":"es"}]}},"_links":{"self":[{"href":"https:\/\/www.camping-pyrenees.com\/es\/wp-json\/wp\/v2\/pages\/2822"}],"collection":[{"href":"https:\/\/www.camping-pyrenees.com\/es\/wp-json\/wp\/v2\/pages"}],"about":[{"href":"https:\/\/www.camping-pyrenees.com\/es\/wp-json\/wp\/v2\/types\/page"}],"author":[{"embeddable":true,"href":"https:\/\/www.camping-pyrenees.com\/es\/wp-json\/wp\/v2\/users\/1"}],"replies":[{"embeddable":true,"href":"https:\/\/www.camping-pyrenees.com\/es\/wp-json\/wp\/v2\/comments?post=2822"}],"version-history":[{"count":3,"href":"https:\/\/www.camping-pyrenees.com\/es\/wp-json\/wp\/v2\/pages\/2822\/revisions"}],"predecessor-version":[{"id":4885,"href":"https:\/\/www.camping-pyrenees.com\/es\/wp-json\/wp\/v2\/pages\/2822\/revisions\/4885"}],"wp:featuredmedia":[{"embeddable":true,"href":"https:\/\/www.camping-pyrenees.com\/es\/wp-json\/wp\/v2\/media\/1264"}],"wp:attachment":[{"href":"https:\/\/www.camping-pyrenees.com\/es\/wp-json\/wp\/v2\/media?parent=2822"}],"curies":[{"name":"wp","href":"https:\/\/api.w.org\/{rel}","templated":true}]}}