{"id":2845,"date":"2020-10-29T05:30:37","date_gmt":"2020-10-29T04:30:37","guid":{"rendered":"https:\/\/www.camping-pyrenees.com\/evenements-sportifs-pyrennees\/"},"modified":"2020-12-14T11:09:25","modified_gmt":"2020-12-14T10:09:25","slug":"eventos-deportivos-pirineos","status":"publish","type":"page","link":"https:\/\/www.camping-pyrenees.com\/es\/eventos-deportivos-pirineos\/","title":{"rendered":"Alentours : Les \u00e9v\u00e8nements sportifs"},"content":{"rendered":"<section id=\"section-5f85acbd70cfe\"\" class=\"section bg-white\" \/><div class=\"container extralarge\"><h1 class=\"element section-title center\">Eventos deportivos en los Pirineos<\/h1><\/div><\/section>\n\n<section id=\"section-5f85acbd710f2\"\" class=\"section bg-color3 p-t-0 p-b-0\" \/><div class=\"container full\"><div class=\"colonnes-wrap valign-middle \"><div class=\"element colonne p-x-10 p-y-4\"><h2 class=\"element section-title left\">Todos te hacen deportista<\/h2><div class=\"element bloc-text justify \">\n\t<p>Numerosos eventos deportivos tienen lugar en la regi\u00f3n a lo largo del a\u00f1o. Desde los senderos de monta\u00f1a hasta las carreras ciclistas o los deportes de motor, podr\u00e1 participar o admirar a estos campeones, apasionados por las haza\u00f1as o por superarse a s\u00ed mismos. Aqu\u00ed est\u00e1n los principales eventos imperdibles de la regi\u00f3n:<\/p>\n<ul>\n<li><a href=\"https:\/\/www.njuko.net\/trailblancissarbe2020\/select_competition\"target=\"_blank\" rel=\"noopener\">El rastro blanco de Issabe<\/a> (Febrero)<\/li>\n<li><a href=\"https:\/\/www.baretoustrail.com\/\"target=\"_blank\" rel=\"noopener\">Le trail du Bar\u00e9tous<\/a> (Abril)<\/li>\n<li><a href=\"https:\/\/grandprixdepau.fr\/\"target=\"_blank\" rel=\"noopener\">El Gran Premio de Pau<\/a> (Mayo)<\/li>\n<li><a href=\"https:\/\/www.rallyedubaretous.fr\/\"target=\"_blank\" rel=\"noopener\">El rally de Bar\u00e9tous<\/a> (Junio)<\/li>\n<li><a href=\"http:\/\/endorphinmag.fr\/detail_item.php?i=2060\"target=\"_blank\" rel=\"noopener\">El Transpyr Coast to Coast ATV<\/a> (Junio)<\/li>\n<li><a href=\"https:\/\/www.lapierrejacquesenbaretous.com\/\"target=\"_blank\" rel=\"noopener\">La Cyclosportive La Pierre Jacques en Bar\u00e9tous<\/a> (Julio)<\/li>\n<li><a href=\"https:\/\/www.agendaautomoto.fr\/championnat-de-france-de-montee-impossible-a-arette\/\"target=\"_blank\" rel=\"noopener\">La moto de escalada imposible<\/a> (Agosto)<\/li>\n<li><a href=\"http:\/\/www.ecuriedescimes.com\/WP\/\"target=\"_blank\" rel=\"noopener\">El Cimes Rally<\/a> (Septiembre)<\/li>\n<\/ul>\n<\/div><\/div><div class=\"element colonne mozaique-img p-0\"><div class=\"element images\"><div class=\"image\"><img decoding=\"async\" src=\"https:\/\/www.camping-pyrenees.com\/wp-content\/uploads\/2020\/11\/moto-cross-100x84.jpg\" data-src=\"https:\/\/www.camping-pyrenees.com\/wp-content\/uploads\/2020\/11\/moto-cross.jpg\" alt=\"moto cross\" class=\"images_image\" \/><\/div><div class=\"image\"><img decoding=\"async\" src=\"https:\/\/www.camping-pyrenees.com\/wp-content\/uploads\/2020\/11\/course-voiture-100x84.jpg\" data-src=\"https:\/\/www.camping-pyrenees.com\/wp-content\/uploads\/2020\/11\/course-voiture.jpg\" alt=\"course voiture\" class=\"images_image\" \/><\/div><\/div><div class=\"element images\"><div class=\"image\"><img decoding=\"async\" src=\"https:\/\/www.camping-pyrenees.com\/wp-content\/uploads\/2020\/11\/trail-course-100x84.jpg\" data-src=\"https:\/\/www.camping-pyrenees.com\/wp-content\/uploads\/2020\/11\/trail-course.jpg\" alt=\"trail course\" class=\"images_image\" \/><\/div><div class=\"image\"><img decoding=\"async\" src=\"https:\/\/www.camping-pyrenees.com\/wp-content\/uploads\/2020\/11\/course-vtt-100x84.jpg\" data-src=\"https:\/\/www.camping-pyrenees.com\/wp-content\/uploads\/2020\/11\/course-vtt.jpg\" alt=\"course vtt\" class=\"images_image\" \/><\/div><\/div><\/div><\/div><\/div><\/section>\n\n<section id=\"section-5f85a720bbf4a\"\" class=\"section bg-white p-t-0 p-b-0\" \/><div class=\"container full\"><div class=\"colonnes-wrap valign-middle \"><div class=\"element colonne mozaique-img p-0\"><div class=\"element images\"><div class=\"image\"><img decoding=\"async\" src=\"https:\/\/www.camping-pyrenees.com\/wp-content\/uploads\/2020\/11\/rugby-sport-100x84.jpg\" data-src=\"https:\/\/www.camping-pyrenees.com\/wp-content\/uploads\/2020\/11\/rugby-sport.jpg\" alt=\"rugby sport\" class=\"images_image\" \/><\/div><div class=\"image\"><img decoding=\"async\" src=\"https:\/\/www.camping-pyrenees.com\/wp-content\/uploads\/2020\/11\/escalade-sport-100x84.jpg\" data-src=\"https:\/\/www.camping-pyrenees.com\/wp-content\/uploads\/2020\/11\/escalade-sport.jpg\" alt=\"escalade sport\" class=\"images_image\" \/><\/div><\/div><div class=\"element images\"><div class=\"image\"><img decoding=\"async\" src=\"https:\/\/www.camping-pyrenees.com\/wp-content\/uploads\/2020\/11\/chien-traineau-100x84.jpg\" data-src=\"https:\/\/www.camping-pyrenees.com\/wp-content\/uploads\/2020\/11\/chien-traineau.jpg\" alt=\"chien traineau\" class=\"images_image\" \/><\/div><div class=\"image\"><img decoding=\"async\" src=\"https:\/\/www.camping-pyrenees.com\/wp-content\/uploads\/2020\/11\/raquette-sport-100x84.jpg\" data-src=\"https:\/\/www.camping-pyrenees.com\/wp-content\/uploads\/2020\/11\/raquette-sport.jpg\" alt=\"raquette sport\" class=\"images_image\" \/><\/div><\/div><\/div><div class=\"element colonne p-x-10 p-y-4\"><h2 class=\"element section-title left\">Eventos durante todo el a\u00f1o<\/h2><div class=\"element bloc-text justify \">\n\t<p>Muy famoso, el <strong class=\"bold color2\">Grand Prix de Pau<\/strong> es un deber. Aprovecha tu estancia en el campamento en mayo para asistir a una de las muchas carreras. Durante 3 d\u00edas, el espect\u00e1culo tiene lugar en el circuito de 2.760 km de largo en el centro de la ciudad de Pau. D\u00eda y noche, se sorprender\u00e1n de los senderos luminosos de estos coches excepcionales. Los m\u00e1s apasionados de ustedes, amantes de los coches, disfrutar\u00e1n de la exposici\u00f3n de coches de una docena de coleccionistas. Despu\u00e9s de un d\u00eda lleno de emociones, encontrar\u00e1 su alojamiento o su plaza en <a href=\"\/es\/\">camping Baretous<\/a>. Nuestra piscina le ofrecer\u00e1 un momento de relajaci\u00f3n. Podr\u00e1s terminar este hermoso d\u00eda comiendo algo en nuestra cafeter\u00eda.<\/p>\n<p>A lo largo del a\u00f1o, B\u00e9arn te ofrece <strong class=\"bold color2\"> eventos deportivos<\/strong> que no te puedes perder. Con sus numerosos entretenimientos, nuestra regi\u00f3n deleitar\u00e1 a toda su familia durante su estancia. <\/p>\n<p>B\u00e9arn es el patio de recreo so\u00f1ado por los deportistas confirmados o aficionados con multitud de actividades posibles. En invierno, es esqu\u00ed alpino, esqu\u00ed n\u00f3rdico, raquetas de nieve o trineos de perros&#8230; Las otras temporadas, es el senderismo, la bicicleta de monta\u00f1a, el ciclismo, el senderismo, el barranquismo, la pesca, la escalada&#8230; Por supuesto, los dos deportes insignia de la regi\u00f3n son el <strong class=\"bold color2\">rugby<\/strong> y el <strong class=\"bold color2\">pelota vasca<\/strong> !!! <\/p>\n<\/div><\/div><\/div><\/div><\/section>\n\n<section id=\"section-cta-bottom\"\" class=\"section bg-color3\" \/><div class=\"container extralarge\"><div class=\"element section-title center title-cta\">Actividades deportivas y recreativas<\/div><ul class=\"liste-de-page\"><li class=\"element call-to-action carre call-to-action--style-1 call-to-action--normal\"><a href=\"https:\/\/www.camping-pyrenees.com\/es\/visitas-pirineos\/\"  class=\"call-to-action_link\" title=\"Aprende m\u00e1s sobre los principales sitios tur\u00edsticos\"><div class=\"call-to-action_image\"><img decoding=\"async\" src=\"https:\/\/www.camping-pyrenees.com\/wp-content\/uploads\/2020\/10\/camping-baretous-cta-alentours-site-touristiques-majeurs-100x57.jpg\" data-src=\"https:\/\/www.camping-pyrenees.com\/wp-content\/uploads\/2020\/10\/camping-baretous-cta-alentours-site-touristiques-majeurs.jpg\" alt=\"\" class=\"normal\" \/><\/div><div class=\"call-to-action_contenu\"><div class=\"call-to-action_titre\">Los principales sitios tur\u00edsticos<\/div><\/div><\/a><\/li><li class=\"element call-to-action carre call-to-action--style-1 call-to-action--normal call-to-action--style-1 call-to-action--normal\"><a href=\"https:\/\/www.camping-pyrenees.com\/es\/cocina-vasca-bearnesa\/\"  class=\"call-to-action_link\" title=\"Aprende m\u00e1s sobre la cocina vasca-belarnesa\"><div class=\"call-to-action_image\"><img decoding=\"async\" src=\"https:\/\/www.camping-pyrenees.com\/wp-content\/uploads\/2020\/10\/camping-baretous-cta-alentours-gastronomie-100x57.jpg\" data-src=\"https:\/\/www.camping-pyrenees.com\/wp-content\/uploads\/2020\/10\/camping-baretous-cta-alentours-gastronomie.jpg\" alt=\"\" class=\"normal\" \/><\/div><div class=\"call-to-action_contenu\"><div class=\"call-to-action_titre\">La cocina vasca-belarnesa<\/div><\/div><\/a><\/li><li class=\"element call-to-action carre call-to-action--style-1 call-to-action--normal call-to-action--style-1 call-to-action--normal call-to-action--style-1 call-to-action--normal\"><a href=\"https:\/\/www.camping-pyrenees.com\/es\/cita-del-personaje-pirineos\/\"  class=\"call-to-action_link\" title=\"Aprende m\u00e1s sobre ciudades de car\u00e1cter\"><div class=\"call-to-action_image\"><img decoding=\"async\" src=\"https:\/\/www.camping-pyrenees.com\/wp-content\/uploads\/2020\/10\/camping-baretous-cta-alentours-cite-de-caractere-100x57.jpg\" data-src=\"https:\/\/www.camping-pyrenees.com\/wp-content\/uploads\/2020\/10\/camping-baretous-cta-alentours-cite-de-caractere.jpg\" alt=\"\" class=\"normal\" \/><\/div><div class=\"call-to-action_contenu\"><div class=\"call-to-action_titre\">Ciudades de car\u00e1cter<\/div><\/div><\/a><\/li><\/ul><\/div><\/section>","protected":false},"excerpt":{"rendered":"","protected":false},"author":1,"featured_media":2122,"parent":0,"menu_order":0,"comment_status":"closed","ping_status":"closed","template":"","meta":{"_acf_changed":false,"footnotes":""},"class_list":["post-2845","page","type-page","status-publish","has-post-thumbnail","hentry"],"acf":[],"yoast_head":"<!-- This site is optimized with the Yoast SEO plugin v25.3 - https:\/\/yoast.com\/wordpress\/plugins\/seo\/ -->\n<title>Eventos deportivos en los Pirineos | Hay que ver los eventos (64)<\/title>\n<meta name=\"robots\" content=\"index, follow, max-snippet:-1, max-image-preview:large, max-video-preview:-1\" \/>\n<link rel=\"canonical\" href=\"https:\/\/www.camping-pyrenees.com\/es\/eventos-deportivos-pirineos\/\" \/>\n<meta property=\"og:locale\" content=\"es_ES\" \/>\n<meta property=\"og:type\" content=\"article\" \/>\n<meta property=\"og:title\" content=\"Eventos deportivos en los Pirineos | Hay que ver los eventos (64)\" \/>\n<meta property=\"og:url\" content=\"https:\/\/www.camping-pyrenees.com\/es\/eventos-deportivos-pirineos\/\" \/>\n<meta property=\"og:site_name\" content=\"Camping Baretous PYRENEES\" \/>\n<meta property=\"article:modified_time\" content=\"2020-12-14T10:09:25+00:00\" \/>\n<meta property=\"og:image\" content=\"https:\/\/www.camping-pyrenees.com\/wp-content\/uploads\/2020\/11\/velo-cours.jpg\" \/>\n\t<meta property=\"og:image:width\" content=\"1903\" \/>\n\t<meta property=\"og:image:height\" content=\"450\" \/>\n\t<meta property=\"og:image:type\" content=\"image\/jpeg\" \/>\n<meta name=\"twitter:card\" content=\"summary_large_image\" \/>\n<script type=\"application\/ld+json\" class=\"yoast-schema-graph\">{\"@context\":\"https:\/\/schema.org\",\"@graph\":[{\"@type\":\"WebPage\",\"@id\":\"https:\/\/www.camping-pyrenees.com\/es\/eventos-deportivos-pirineos\/\",\"url\":\"https:\/\/www.camping-pyrenees.com\/es\/eventos-deportivos-pirineos\/\",\"name\":\"Eventos deportivos en los Pirineos | Hay que ver los eventos (64)\",\"isPartOf\":{\"@id\":\"https:\/\/www.camping-pyrenees.com\/es\/#website\"},\"primaryImageOfPage\":{\"@id\":\"https:\/\/www.camping-pyrenees.com\/es\/eventos-deportivos-pirineos\/#primaryimage\"},\"image\":{\"@id\":\"https:\/\/www.camping-pyrenees.com\/es\/eventos-deportivos-pirineos\/#primaryimage\"},\"thumbnailUrl\":\"https:\/\/www.camping-pyrenees.com\/wp-content\/uploads\/2020\/11\/velo-cours.jpg\",\"datePublished\":\"2020-10-29T04:30:37+00:00\",\"dateModified\":\"2020-12-14T10:09:25+00:00\",\"breadcrumb\":{\"@id\":\"https:\/\/www.camping-pyrenees.com\/es\/eventos-deportivos-pirineos\/#breadcrumb\"},\"inLanguage\":\"es\",\"potentialAction\":[{\"@type\":\"ReadAction\",\"target\":[\"https:\/\/www.camping-pyrenees.com\/es\/eventos-deportivos-pirineos\/\"]}]},{\"@type\":\"ImageObject\",\"inLanguage\":\"es\",\"@id\":\"https:\/\/www.camping-pyrenees.com\/es\/eventos-deportivos-pirineos\/#primaryimage\",\"url\":\"https:\/\/www.camping-pyrenees.com\/wp-content\/uploads\/2020\/11\/velo-cours.jpg\",\"contentUrl\":\"https:\/\/www.camping-pyrenees.com\/wp-content\/uploads\/2020\/11\/velo-cours.jpg\",\"width\":1903,\"height\":450,\"caption\":\"velo course\"},{\"@type\":\"BreadcrumbList\",\"@id\":\"https:\/\/www.camping-pyrenees.com\/es\/eventos-deportivos-pirineos\/#breadcrumb\",\"itemListElement\":[{\"@type\":\"ListItem\",\"position\":1,\"name\":\"Camping Pyr\u00e9n\u00e9es\",\"item\":\"https:\/\/www.camping-pyrenees.com\/es\/\"},{\"@type\":\"ListItem\",\"position\":2,\"name\":\"Eventos deportivos\"}]},{\"@type\":\"WebSite\",\"@id\":\"https:\/\/www.camping-pyrenees.com\/es\/#website\",\"url\":\"https:\/\/www.camping-pyrenees.com\/es\/\",\"name\":\"Camping Baretous PYRENEES\",\"description\":\"\",\"potentialAction\":[{\"@type\":\"SearchAction\",\"target\":{\"@type\":\"EntryPoint\",\"urlTemplate\":\"https:\/\/www.camping-pyrenees.com\/es\/?s={search_term_string}\"},\"query-input\":{\"@type\":\"PropertyValueSpecification\",\"valueRequired\":true,\"valueName\":\"search_term_string\"}}],\"inLanguage\":\"es\"}]}<\/script>\n<!-- \/ Yoast SEO plugin. -->","yoast_head_json":{"title":"Eventos deportivos en los Pirineos | Hay que ver los eventos (64)","robots":{"index":"index","follow":"follow","max-snippet":"max-snippet:-1","max-image-preview":"max-image-preview:large","max-video-preview":"max-video-preview:-1"},"canonical":"https:\/\/www.camping-pyrenees.com\/es\/eventos-deportivos-pirineos\/","og_locale":"es_ES","og_type":"article","og_title":"Eventos deportivos en los Pirineos | Hay que ver los eventos (64)","og_url":"https:\/\/www.camping-pyrenees.com\/es\/eventos-deportivos-pirineos\/","og_site_name":"Camping Baretous PYRENEES","article_modified_time":"2020-12-14T10:09:25+00:00","og_image":[{"width":1903,"height":450,"url":"https:\/\/www.camping-pyrenees.com\/wp-content\/uploads\/2020\/11\/velo-cours.jpg","type":"image\/jpeg"}],"twitter_card":"summary_large_image","schema":{"@context":"https:\/\/schema.org","@graph":[{"@type":"WebPage","@id":"https:\/\/www.camping-pyrenees.com\/es\/eventos-deportivos-pirineos\/","url":"https:\/\/www.camping-pyrenees.com\/es\/eventos-deportivos-pirineos\/","name":"Eventos deportivos en los Pirineos | Hay que ver los eventos (64)","isPartOf":{"@id":"https:\/\/www.camping-pyrenees.com\/es\/#website"},"primaryImageOfPage":{"@id":"https:\/\/www.camping-pyrenees.com\/es\/eventos-deportivos-pirineos\/#primaryimage"},"image":{"@id":"https:\/\/www.camping-pyrenees.com\/es\/eventos-deportivos-pirineos\/#primaryimage"},"thumbnailUrl":"https:\/\/www.camping-pyrenees.com\/wp-content\/uploads\/2020\/11\/velo-cours.jpg","datePublished":"2020-10-29T04:30:37+00:00","dateModified":"2020-12-14T10:09:25+00:00","breadcrumb":{"@id":"https:\/\/www.camping-pyrenees.com\/es\/eventos-deportivos-pirineos\/#breadcrumb"},"inLanguage":"es","potentialAction":[{"@type":"ReadAction","target":["https:\/\/www.camping-pyrenees.com\/es\/eventos-deportivos-pirineos\/"]}]},{"@type":"ImageObject","inLanguage":"es","@id":"https:\/\/www.camping-pyrenees.com\/es\/eventos-deportivos-pirineos\/#primaryimage","url":"https:\/\/www.camping-pyrenees.com\/wp-content\/uploads\/2020\/11\/velo-cours.jpg","contentUrl":"https:\/\/www.camping-pyrenees.com\/wp-content\/uploads\/2020\/11\/velo-cours.jpg","width":1903,"height":450,"caption":"velo course"},{"@type":"BreadcrumbList","@id":"https:\/\/www.camping-pyrenees.com\/es\/eventos-deportivos-pirineos\/#breadcrumb","itemListElement":[{"@type":"ListItem","position":1,"name":"Camping Pyr\u00e9n\u00e9es","item":"https:\/\/www.camping-pyrenees.com\/es\/"},{"@type":"ListItem","position":2,"name":"Eventos deportivos"}]},{"@type":"WebSite","@id":"https:\/\/www.camping-pyrenees.com\/es\/#website","url":"https:\/\/www.camping-pyrenees.com\/es\/","name":"Camping Baretous PYRENEES","description":"","potentialAction":[{"@type":"SearchAction","target":{"@type":"EntryPoint","urlTemplate":"https:\/\/www.camping-pyrenees.com\/es\/?s={search_term_string}"},"query-input":{"@type":"PropertyValueSpecification","valueRequired":true,"valueName":"search_term_string"}}],"inLanguage":"es"}]}},"_links":{"self":[{"href":"https:\/\/www.camping-pyrenees.com\/es\/wp-json\/wp\/v2\/pages\/2845"}],"collection":[{"href":"https:\/\/www.camping-pyrenees.com\/es\/wp-json\/wp\/v2\/pages"}],"about":[{"href":"https:\/\/www.camping-pyrenees.com\/es\/wp-json\/wp\/v2\/types\/page"}],"author":[{"embeddable":true,"href":"https:\/\/www.camping-pyrenees.com\/es\/wp-json\/wp\/v2\/users\/1"}],"replies":[{"embeddable":true,"href":"https:\/\/www.camping-pyrenees.com\/es\/wp-json\/wp\/v2\/comments?post=2845"}],"version-history":[{"count":5,"href":"https:\/\/www.camping-pyrenees.com\/es\/wp-json\/wp\/v2\/pages\/2845\/revisions"}],"predecessor-version":[{"id":3053,"href":"https:\/\/www.camping-pyrenees.com\/es\/wp-json\/wp\/v2\/pages\/2845\/revisions\/3053"}],"wp:featuredmedia":[{"embeddable":true,"href":"https:\/\/www.camping-pyrenees.com\/es\/wp-json\/wp\/v2\/media\/2122"}],"wp:attachment":[{"href":"https:\/\/www.camping-pyrenees.com\/es\/wp-json\/wp\/v2\/media?parent=2845"}],"curies":[{"name":"wp","href":"https:\/\/api.w.org\/{rel}","templated":true}]}}