{"id":2857,"date":"2020-10-29T05:30:07","date_gmt":"2020-10-29T04:30:07","guid":{"rendered":"https:\/\/www.camping-pyrenees.com\/gastronomie-basque-bearnaise\/"},"modified":"2020-12-14T11:07:45","modified_gmt":"2020-12-14T10:07:45","slug":"cocina-vasca-bearnesa","status":"publish","type":"page","link":"https:\/\/www.camping-pyrenees.com\/es\/cocina-vasca-bearnesa\/","title":{"rendered":"Alentours : La gastronomie Basco Bearnaise"},"content":{"rendered":"<section id=\"section-5f85acbd70cfe\"\" class=\"section bg-white\" \/><div class=\"container extralarge\"><h1 class=\"element section-title center\">La gastronom\u00eda de la Basco-B\u00e9arnaise<\/h1><\/div><\/section>\n\n<section id=\"section-5f85acbd710f2\"\" class=\"section bg-color3 p-t-0 p-b-0\" \/><div class=\"container full\"><div class=\"colonnes-wrap valign-middle \"><div class=\"element colonne p-x-10 p-y-4\"><h2 class=\"element section-title left\">Especialidades culinarias <\/h2><div class=\"element bloc-text justify \">\n\t<p>Los epic\u00fareos tambi\u00e9n encontrar\u00e1n su felicidad con la <strong class=\"bold color2\">tradicional gastronom\u00eda Basco-B\u00e9arnaise <\/strong> que est\u00e1 llena de tesoros culinarios como el queso de oveja Ossau Iraty, el jam\u00f3n de Bayona, la tradicional garbure, los pimientos de Espelette, el vino de Juran\u00e7on, el pastel vasco&#8230;<\/p>\n<p>La ventaja que tenemos en la regi\u00f3n es que tenemos una verdadera variedad culinaria Basco-Bearnais !! La tradicional garbure, jam\u00f3n de Bayona, axoa, ventresca, queso de oveja Ossau Iraty con un vaso de Juran\u00e7on, piperade, pimientos de Espelette, pastel vasco&#8230; Tenemos una gran elecci\u00f3n.<\/p>\n<ul>\n<li><strong class=\"bold color2\">El queso<\/strong> : oveja &#8211; Ossau Iraty<\/li>\n<li><strong class=\"bold color2\">Jam\u00f3n de Bayona<\/strong><\/li>\n<li><strong class=\"bold color2\">Pimientos de Espelta<\/strong><\/li>\n<li><strong class=\"bold color2\">Los vinos de Juran\u00e7on<\/strong><\/li>\n<li><strong class=\"bold color2\">Postres<\/strong>: El pastel vasco y el ruso<\/li>\n<li><strong class=\"bold color2\">Clase <\/strong> : Patxaran e Izarra<\/li>\n<li><strong class=\"bold color2\">Algunas recetas tradicionales<\/strong> : garbure, piperade, axoa de ternera, pollo vasco, pollo en maceta, etc.<\/li>\n<\/ul>\n<p>Qu\u00e9 variedad y diversidad gastron\u00f3mica en el departamento de Pirineos Atl\u00e1nticos.<\/p>\n<\/div><\/div><div class=\"element colonne mozaique-img p-0\"><div class=\"element images\"><div class=\"image\"><img decoding=\"async\" src=\"https:\/\/www.camping-pyrenees.com\/wp-content\/uploads\/2020\/11\/verre-vin-100x90.jpg\" data-src=\"https:\/\/www.camping-pyrenees.com\/wp-content\/uploads\/2020\/11\/verre-vin.jpg\" alt=\"verre vin\" class=\"images_image\" \/><\/div><div class=\"image\"><img decoding=\"async\" src=\"https:\/\/www.camping-pyrenees.com\/wp-content\/uploads\/2020\/11\/decoupe-fromage-100x90.jpg\" data-src=\"https:\/\/www.camping-pyrenees.com\/wp-content\/uploads\/2020\/11\/decoupe-fromage.jpg\" alt=\"d\u00e9coupe fromage\" class=\"images_image\" \/><\/div><\/div><div class=\"element images\"><div class=\"image\"><img decoding=\"async\" src=\"https:\/\/www.camping-pyrenees.com\/wp-content\/uploads\/2020\/11\/planche-charcuterie-100x90.jpg\" data-src=\"https:\/\/www.camping-pyrenees.com\/wp-content\/uploads\/2020\/11\/planche-charcuterie.jpg\" alt=\"planche charcuterie\" class=\"images_image\" \/><\/div><div class=\"image\"><img decoding=\"async\" src=\"https:\/\/www.camping-pyrenees.com\/wp-content\/uploads\/2020\/11\/piment-espelette-basque-100x90.jpg\" data-src=\"https:\/\/www.camping-pyrenees.com\/wp-content\/uploads\/2020\/11\/piment-espelette-basque.jpg\" alt=\"piment espelette basque\" class=\"images_image\" \/><\/div><\/div><\/div><\/div><\/div><\/section>\n\n<section id=\"section-5f85a720bbf4a\"\" class=\"section bg-white p-t-0 p-b-0\" \/><div class=\"container full\"><div class=\"colonnes-wrap valign-middle \"><div class=\"element colonne mozaique-img p-0\"><div class=\"element images\"><div class=\"image\"><img decoding=\"async\" src=\"https:\/\/www.camping-pyrenees.com\/wp-content\/uploads\/2020\/11\/piment-espelette-100x95.jpg\" data-src=\"https:\/\/www.camping-pyrenees.com\/wp-content\/uploads\/2020\/11\/piment-espelette.jpg\" alt=\"piment espelette\" class=\"images_image\" \/><\/div><div class=\"image\"><img decoding=\"async\" src=\"https:\/\/www.camping-pyrenees.com\/wp-content\/uploads\/2020\/11\/plateau-fromage-100x95.jpg\" data-src=\"https:\/\/www.camping-pyrenees.com\/wp-content\/uploads\/2020\/11\/plateau-fromage.jpg\" alt=\"plateau fromage\" class=\"images_image\" \/><\/div><\/div><div class=\"element images\"><div class=\"image\"><img decoding=\"async\" src=\"https:\/\/www.camping-pyrenees.com\/wp-content\/uploads\/2020\/11\/vignobles-vin-100x95.jpg\" data-src=\"https:\/\/www.camping-pyrenees.com\/wp-content\/uploads\/2020\/11\/vignobles-vin.jpg\" alt=\"vignobles vin\" class=\"images_image\" \/><\/div><div class=\"image\"><img decoding=\"async\" src=\"https:\/\/www.camping-pyrenees.com\/wp-content\/uploads\/2020\/11\/jambon-bayonne-tranches-100x95.jpg\" data-src=\"https:\/\/www.camping-pyrenees.com\/wp-content\/uploads\/2020\/11\/jambon-bayonne-tranches.jpg\" alt=\"jambon bayonne tranches\" class=\"images_image\" \/><\/div><\/div><\/div><div class=\"element colonne p-x-10 p-y-4\"><div class=\"element bloc-text justify \">\n\t<p>En el B\u00e9arn y el Pa\u00eds Vasco interior, el queso de oveja <strong class=\"bold color2\">Ossau Iraty<\/strong> es el orgullo y la culminaci\u00f3n del trabajo bien hecho de los pastores que conducen sus reba\u00f1os durante los largos meses de verano.<\/p>\n<p>El <strong class=\"bold color2\">Jam\u00f3n de Bayona<\/strong>, una especialidad del suroeste de la cr\u00eda de cerdos, es el resultado de un h\u00e1bil proceso de curaci\u00f3n. Servido en rodajas finas, este plato es muy apreciado por los amantes de la charcuter\u00eda.<\/p>\n<p>Para acompa\u00f1ar sus platos, no hay nada como la pimienta <strong class=\"bold color2\">Espelette<\/strong>, es uno de los emblemas del Pa\u00eds Vasco. Estimular\u00e1 sus papilas gustativas y deleitar\u00e1 sus preparaciones culinarias.<\/p>\n<p>Entre Oloron-Sainte-Marie y Pau, el <strong class=\"bold color2\">Vignoble du Juran\u00e7on<\/strong> puede verse en las laderas de la monta\u00f1a. Este vino blanco con variedades de uva \u00fanicas de \u00abmanseng\u00bb, es rico en aromas, ya sea seco para acompa\u00f1ar pescados y mariscos, o m\u00e1s afrutado como aperitivo ideal para acompa\u00f1ar el foie gras, el salm\u00f3n ahumado o el queso de oveja.<\/p>\n<p><a href=\"https:\/\/www.vigneronsdujurancon.fr\/histoire \"target=\"_blank\" rel=\"noopener\">La Ruta del Vino de Juran\u00e7on<\/a> es una excelente manera para los amantes del vino o los m\u00e1s iniciados de viajar por este excepcional territorio. Es la oportunidad perfecta para conocer a estos apasionados viticultores, enamorados de sus vi\u00f1as pirenaicas.<\/p>\n<p>Para el postre, est\u00e1 por supuesto el inevitable pastel vasco, una galleta redonda y suave rellena de natillas o cerezas negras. Tambi\u00e9n est\u00e1 el ruso, creado en 1925 por la familia Artigarr\u00e8de en Oloron-Sainte-Marie, una especie de milhojas a base de almendras.<\/p>\n<p>Despu\u00e9s de una buena comida, puedes disfrutar de un vaso de Patxaran hecho con bayas de endrino silvestre o Izarra hecho con varias plantas locales.<\/p>\n<p>Aqu\u00ed hay algunas recetas locales tradicionales: <a href=\"https:\/\/www.marmiton.org\/recettes\/recette_la-garbure_41669.aspx\"target=\"_blank\" rel=\"noopener\">la garbure<\/a>, <a href=\"https:\/\/www.marmiton.org\/recettes\/recette_piperade-basique_36243.aspx\"target=\"_blank\" rel=\"noopener\">la piperade<\/a>, <a href=\"https:\/\/www.marmiton.org\/recettes\/recette_axoa-de-veau-pays-basque_14140.aspx\"target=\"_blank\" rel=\"noopener\">l\u2019axoa de veau<\/a>, <a href=\"https:\/\/www.marmiton.org\/recettes\/recette_poulet-basquaise_16969.aspx\"target=\"_blank\" rel=\"noopener\">le poulet basquaise<\/a>, <a href=\"https:\/\/www.marmiton.org\/recettes\/recette_poule-au-pot-a-l-ancienne_21529.aspx\"target=\"_blank\" rel=\"noopener\"\">la poule au pot<\/a>.<\/p>\n<\/div><\/div><\/div><\/div><\/section>\n\n<section id=\"section-groupe1\"\" class=\"section bg-color3 p-t-0 p-b-0\" \/><div class=\"container full\"><div class=\"colonnes-wrap valign-middle \"><div class=\"element colonne p-x-10 p-y-4\"><h2 class=\"element section-title left\">Buenas direcciones<\/h2><div class=\"element bloc-text justify \">\n\t<p>\u00bfConoces un buen restaurante?<br \/>\nA menudo nos hacen esta pregunta. El inter\u00e9s de nuestros veraneantes es descubrir o redescubrir las especialidades culinarias locales.<\/p>\n<p>Las dos buenas direcciones cerca del <a href=\"\/es\/\">camping Bar\u00e9tous<\/a>, que proponemos m\u00e1s a menudo son :<\/p>\n<ul>\n<li><a href=\"https:\/\/barrestaurantgouaillardeu.wordpress.com\/\"target=\"_blank\" rel=\"noopener\">Gouillardeu<\/a> \u00e0 Arette (\u00e0 3 km \u2013 05.59.88.90.94) : posada tradicional con una cocina generosa y bien decorada<\/li>\n<li><a href=\"https:\/\/www.lespyrenees.net\/restaurants\/RESAQU064V56J4RE\/detail\/ance-feas\/chez-zelie\"target=\"_blank\" rel=\"noopener\">Chez Z\u00e9lie<\/a> \u00e0 F\u00e9as (\u00e0 5 km \u2013 05.24.35.55.62) : restaurante que ofrece cocina local en un establecimiento completamente renovado.<\/li>\n<\/ul>\n<p>Depende de ti hacer tu elecci\u00f3n, lo mejor es intentar ambas cosas.<\/p>\n<p>Para los amantes de la \u00abbuena comida\u00bb, la <a href=\"https:\/\/boucherie-bearn.com\/\"target=\"_blank\" rel=\"noopener\">boucherie Bozom<\/a> (05.59.88.90.81) en Arette, trabaja de padre a hijo y ofrece carne de calidad local. Carne de vaca, comidas preparadas, confites, foie gras, cofres&#8230; Sin duda encontrar\u00e1s tu felicidad all\u00ed.<\/p>\n<p>Entonces ven y descubre la <a href=\"https:\/\/www.ossau-iraty.fr\/etape\/fromagerie-du-pays-daramits \"target=\"_blank\" rel=\"noopener\">lecher\u00eda artesanal de Aramits<\/a> (05.59.34.63.03) y prueba sus deliciosos quesos Ossau Iraty DOP de sabor aut\u00e9ntico que son el orgullo de los pastores locales.<\/p>\n<\/div><\/div><div class=\"element colonne mozaique-img p-0\"><div class=\"element images\"><div class=\"image\"><img decoding=\"async\" src=\"https:\/\/www.camping-pyrenees.com\/wp-content\/uploads\/2020\/11\/coupe-jambon-bayonne-100x84.jpg\" data-src=\"https:\/\/www.camping-pyrenees.com\/wp-content\/uploads\/2020\/11\/coupe-jambon-bayonne.jpg\" alt=\"coupe jambon bayonne\" class=\"images_image\" \/><\/div><div class=\"image\"><img decoding=\"async\" src=\"https:\/\/www.camping-pyrenees.com\/wp-content\/uploads\/2020\/11\/foie-gras-1-100x84.jpg\" data-src=\"https:\/\/www.camping-pyrenees.com\/wp-content\/uploads\/2020\/11\/foie-gras-1.jpg\" alt=\"foie gras\" class=\"images_image\" \/><\/div><\/div><div class=\"element images\"><div class=\"image\"><img decoding=\"async\" src=\"https:\/\/www.camping-pyrenees.com\/wp-content\/uploads\/2020\/11\/plat-pate-boudin-100x84.jpg\" data-src=\"https:\/\/www.camping-pyrenees.com\/wp-content\/uploads\/2020\/11\/plat-pate-boudin.jpg\" alt=\"camping piscine chauff\u00e9e pyr\u00e9n\u00e9es\" class=\"images_image\" \/><\/div><div class=\"image\"><img decoding=\"async\" src=\"https:\/\/www.camping-pyrenees.com\/wp-content\/uploads\/2020\/11\/coupe-fromage-100x84.jpg\" data-src=\"https:\/\/www.camping-pyrenees.com\/wp-content\/uploads\/2020\/11\/coupe-fromage.jpg\" alt=\"coupe fromage\" class=\"images_image\" \/><\/div><\/div><\/div><\/div><\/div><\/section>\n\n<section id=\"section-cta-bottom\"\" class=\"section bg-white\" \/><div class=\"container extralarge\"><div class=\"element section-title center title-cta\">Nuestros otros servicios en el campamento<\/div><ul class=\"liste-de-page\"><li class=\"element call-to-action carre call-to-action--style-1 call-to-action--normal\"><a href=\"https:\/\/www.camping-pyrenees.com\/es\/eventos-deportivos-pirineos\/\"  class=\"call-to-action_link\" title=\"Aprende m\u00e1s sobre eventos deportivos\"><div class=\"call-to-action_image\"><img decoding=\"async\" src=\"https:\/\/www.camping-pyrenees.com\/wp-content\/uploads\/2020\/10\/camping-baretous-cta-alentours-evenements-sportifs-100x57.jpg\" data-src=\"https:\/\/www.camping-pyrenees.com\/wp-content\/uploads\/2020\/10\/camping-baretous-cta-alentours-evenements-sportifs.jpg\" alt=\"\" class=\"normal\" \/><\/div><div class=\"call-to-action_contenu\"><div class=\"call-to-action_titre\">Eventos deportivos<\/div><\/div><\/a><\/li><li class=\"element call-to-action carre call-to-action--style-1 call-to-action--normal call-to-action--style-1 call-to-action--normal\"><a href=\"https:\/\/www.camping-pyrenees.com\/es\/actividades-deportivas-pirenaicas\/\"  class=\"call-to-action_link\" title=\"Aprende m\u00e1s sobre actividades deportivas\"><div class=\"call-to-action_image\"><img decoding=\"async\" src=\"https:\/\/www.camping-pyrenees.com\/wp-content\/uploads\/2020\/10\/camping-baretous-cta-alentours-activites-sportives-100x57.jpg\" data-src=\"https:\/\/www.camping-pyrenees.com\/wp-content\/uploads\/2020\/10\/camping-baretous-cta-alentours-activites-sportives.jpg\" alt=\"\" class=\"normal\" \/><\/div><div class=\"call-to-action_contenu\"><div class=\"call-to-action_titre\">Actividades deportivas<\/div><\/div><\/a><\/li><li class=\"element call-to-action carre call-to-action--style-1 call-to-action--normal call-to-action--style-1 call-to-action--normal call-to-action--style-1 call-to-action--normal\"><a href=\"https:\/\/www.camping-pyrenees.com\/es\/actividades-pirenaicas\/\"  class=\"call-to-action_link\" title=\"Aprende m\u00e1s sobre actividades divertidas\"><div class=\"call-to-action_image\"><img decoding=\"async\" src=\"https:\/\/www.camping-pyrenees.com\/wp-content\/uploads\/2020\/10\/camping-baretous-cta-alentours-activites-ludiques-100x57.jpg\" data-src=\"https:\/\/www.camping-pyrenees.com\/wp-content\/uploads\/2020\/10\/camping-baretous-cta-alentours-activites-ludiques.jpg\" alt=\"\" class=\"normal\" \/><\/div><div class=\"call-to-action_contenu\"><div class=\"call-to-action_titre\">Actividades divertidas<\/div><\/div><\/a><\/li><\/ul><\/div><\/section>","protected":false},"excerpt":{"rendered":"","protected":false},"author":1,"featured_media":1925,"parent":0,"menu_order":0,"comment_status":"closed","ping_status":"closed","template":"","meta":{"_acf_changed":false,"footnotes":""},"class_list":["post-2857","page","type-page","status-publish","has-post-thumbnail","hentry"],"acf":[],"yoast_head":"<!-- This site is optimized with the Yoast SEO plugin v25.3 - https:\/\/yoast.com\/wordpress\/plugins\/seo\/ -->\n<title>Descubrir la gastronom\u00eda vasca-belarnesa | Especialidades culinarias de los Pirineos<\/title>\n<meta name=\"robots\" content=\"index, follow, max-snippet:-1, max-image-preview:large, max-video-preview:-1\" \/>\n<link rel=\"canonical\" href=\"https:\/\/www.camping-pyrenees.com\/es\/cocina-vasca-bearnesa\/\" \/>\n<meta property=\"og:locale\" content=\"es_ES\" \/>\n<meta property=\"og:type\" content=\"article\" \/>\n<meta property=\"og:title\" content=\"Descubrir la gastronom\u00eda vasca-belarnesa | Especialidades culinarias de los Pirineos\" \/>\n<meta property=\"og:url\" content=\"https:\/\/www.camping-pyrenees.com\/es\/cocina-vasca-bearnesa\/\" \/>\n<meta property=\"og:site_name\" content=\"Camping Baretous PYRENEES\" \/>\n<meta property=\"article:modified_time\" content=\"2020-12-14T10:07:45+00:00\" \/>\n<meta property=\"og:image\" content=\"https:\/\/www.camping-pyrenees.com\/wp-content\/uploads\/2020\/11\/jambon-bayonne.jpg\" \/>\n\t<meta property=\"og:image:width\" content=\"1903\" \/>\n\t<meta property=\"og:image:height\" content=\"450\" \/>\n\t<meta property=\"og:image:type\" content=\"image\/jpeg\" \/>\n<meta name=\"twitter:card\" content=\"summary_large_image\" \/>\n<script type=\"application\/ld+json\" class=\"yoast-schema-graph\">{\"@context\":\"https:\/\/schema.org\",\"@graph\":[{\"@type\":\"WebPage\",\"@id\":\"https:\/\/www.camping-pyrenees.com\/es\/cocina-vasca-bearnesa\/\",\"url\":\"https:\/\/www.camping-pyrenees.com\/es\/cocina-vasca-bearnesa\/\",\"name\":\"Descubrir la gastronom\u00eda vasca-belarnesa | Especialidades culinarias de los Pirineos\",\"isPartOf\":{\"@id\":\"https:\/\/www.camping-pyrenees.com\/es\/#website\"},\"primaryImageOfPage\":{\"@id\":\"https:\/\/www.camping-pyrenees.com\/es\/cocina-vasca-bearnesa\/#primaryimage\"},\"image\":{\"@id\":\"https:\/\/www.camping-pyrenees.com\/es\/cocina-vasca-bearnesa\/#primaryimage\"},\"thumbnailUrl\":\"https:\/\/www.camping-pyrenees.com\/wp-content\/uploads\/2020\/11\/jambon-bayonne.jpg\",\"datePublished\":\"2020-10-29T04:30:07+00:00\",\"dateModified\":\"2020-12-14T10:07:45+00:00\",\"breadcrumb\":{\"@id\":\"https:\/\/www.camping-pyrenees.com\/es\/cocina-vasca-bearnesa\/#breadcrumb\"},\"inLanguage\":\"es\",\"potentialAction\":[{\"@type\":\"ReadAction\",\"target\":[\"https:\/\/www.camping-pyrenees.com\/es\/cocina-vasca-bearnesa\/\"]}]},{\"@type\":\"ImageObject\",\"inLanguage\":\"es\",\"@id\":\"https:\/\/www.camping-pyrenees.com\/es\/cocina-vasca-bearnesa\/#primaryimage\",\"url\":\"https:\/\/www.camping-pyrenees.com\/wp-content\/uploads\/2020\/11\/jambon-bayonne.jpg\",\"contentUrl\":\"https:\/\/www.camping-pyrenees.com\/wp-content\/uploads\/2020\/11\/jambon-bayonne.jpg\",\"width\":1903,\"height\":450,\"caption\":\"jambon bayonne\"},{\"@type\":\"BreadcrumbList\",\"@id\":\"https:\/\/www.camping-pyrenees.com\/es\/cocina-vasca-bearnesa\/#breadcrumb\",\"itemListElement\":[{\"@type\":\"ListItem\",\"position\":1,\"name\":\"Camping Pyr\u00e9n\u00e9es\",\"item\":\"https:\/\/www.camping-pyrenees.com\/es\/\"},{\"@type\":\"ListItem\",\"position\":2,\"name\":\"Especialidades culinarias\"}]},{\"@type\":\"WebSite\",\"@id\":\"https:\/\/www.camping-pyrenees.com\/es\/#website\",\"url\":\"https:\/\/www.camping-pyrenees.com\/es\/\",\"name\":\"Camping Baretous PYRENEES\",\"description\":\"\",\"potentialAction\":[{\"@type\":\"SearchAction\",\"target\":{\"@type\":\"EntryPoint\",\"urlTemplate\":\"https:\/\/www.camping-pyrenees.com\/es\/?s={search_term_string}\"},\"query-input\":{\"@type\":\"PropertyValueSpecification\",\"valueRequired\":true,\"valueName\":\"search_term_string\"}}],\"inLanguage\":\"es\"}]}<\/script>\n<!-- \/ Yoast SEO plugin. -->","yoast_head_json":{"title":"Descubrir la gastronom\u00eda vasca-belarnesa | Especialidades culinarias de los Pirineos","robots":{"index":"index","follow":"follow","max-snippet":"max-snippet:-1","max-image-preview":"max-image-preview:large","max-video-preview":"max-video-preview:-1"},"canonical":"https:\/\/www.camping-pyrenees.com\/es\/cocina-vasca-bearnesa\/","og_locale":"es_ES","og_type":"article","og_title":"Descubrir la gastronom\u00eda vasca-belarnesa | Especialidades culinarias de los Pirineos","og_url":"https:\/\/www.camping-pyrenees.com\/es\/cocina-vasca-bearnesa\/","og_site_name":"Camping Baretous PYRENEES","article_modified_time":"2020-12-14T10:07:45+00:00","og_image":[{"width":1903,"height":450,"url":"https:\/\/www.camping-pyrenees.com\/wp-content\/uploads\/2020\/11\/jambon-bayonne.jpg","type":"image\/jpeg"}],"twitter_card":"summary_large_image","schema":{"@context":"https:\/\/schema.org","@graph":[{"@type":"WebPage","@id":"https:\/\/www.camping-pyrenees.com\/es\/cocina-vasca-bearnesa\/","url":"https:\/\/www.camping-pyrenees.com\/es\/cocina-vasca-bearnesa\/","name":"Descubrir la gastronom\u00eda vasca-belarnesa | Especialidades culinarias de los Pirineos","isPartOf":{"@id":"https:\/\/www.camping-pyrenees.com\/es\/#website"},"primaryImageOfPage":{"@id":"https:\/\/www.camping-pyrenees.com\/es\/cocina-vasca-bearnesa\/#primaryimage"},"image":{"@id":"https:\/\/www.camping-pyrenees.com\/es\/cocina-vasca-bearnesa\/#primaryimage"},"thumbnailUrl":"https:\/\/www.camping-pyrenees.com\/wp-content\/uploads\/2020\/11\/jambon-bayonne.jpg","datePublished":"2020-10-29T04:30:07+00:00","dateModified":"2020-12-14T10:07:45+00:00","breadcrumb":{"@id":"https:\/\/www.camping-pyrenees.com\/es\/cocina-vasca-bearnesa\/#breadcrumb"},"inLanguage":"es","potentialAction":[{"@type":"ReadAction","target":["https:\/\/www.camping-pyrenees.com\/es\/cocina-vasca-bearnesa\/"]}]},{"@type":"ImageObject","inLanguage":"es","@id":"https:\/\/www.camping-pyrenees.com\/es\/cocina-vasca-bearnesa\/#primaryimage","url":"https:\/\/www.camping-pyrenees.com\/wp-content\/uploads\/2020\/11\/jambon-bayonne.jpg","contentUrl":"https:\/\/www.camping-pyrenees.com\/wp-content\/uploads\/2020\/11\/jambon-bayonne.jpg","width":1903,"height":450,"caption":"jambon bayonne"},{"@type":"BreadcrumbList","@id":"https:\/\/www.camping-pyrenees.com\/es\/cocina-vasca-bearnesa\/#breadcrumb","itemListElement":[{"@type":"ListItem","position":1,"name":"Camping Pyr\u00e9n\u00e9es","item":"https:\/\/www.camping-pyrenees.com\/es\/"},{"@type":"ListItem","position":2,"name":"Especialidades culinarias"}]},{"@type":"WebSite","@id":"https:\/\/www.camping-pyrenees.com\/es\/#website","url":"https:\/\/www.camping-pyrenees.com\/es\/","name":"Camping Baretous PYRENEES","description":"","potentialAction":[{"@type":"SearchAction","target":{"@type":"EntryPoint","urlTemplate":"https:\/\/www.camping-pyrenees.com\/es\/?s={search_term_string}"},"query-input":{"@type":"PropertyValueSpecification","valueRequired":true,"valueName":"search_term_string"}}],"inLanguage":"es"}]}},"_links":{"self":[{"href":"https:\/\/www.camping-pyrenees.com\/es\/wp-json\/wp\/v2\/pages\/2857"}],"collection":[{"href":"https:\/\/www.camping-pyrenees.com\/es\/wp-json\/wp\/v2\/pages"}],"about":[{"href":"https:\/\/www.camping-pyrenees.com\/es\/wp-json\/wp\/v2\/types\/page"}],"author":[{"embeddable":true,"href":"https:\/\/www.camping-pyrenees.com\/es\/wp-json\/wp\/v2\/users\/1"}],"replies":[{"embeddable":true,"href":"https:\/\/www.camping-pyrenees.com\/es\/wp-json\/wp\/v2\/comments?post=2857"}],"version-history":[{"count":4,"href":"https:\/\/www.camping-pyrenees.com\/es\/wp-json\/wp\/v2\/pages\/2857\/revisions"}],"predecessor-version":[{"id":3045,"href":"https:\/\/www.camping-pyrenees.com\/es\/wp-json\/wp\/v2\/pages\/2857\/revisions\/3045"}],"wp:featuredmedia":[{"embeddable":true,"href":"https:\/\/www.camping-pyrenees.com\/es\/wp-json\/wp\/v2\/media\/1925"}],"wp:attachment":[{"href":"https:\/\/www.camping-pyrenees.com\/es\/wp-json\/wp\/v2\/media?parent=2857"}],"curies":[{"name":"wp","href":"https:\/\/api.w.org\/{rel}","templated":true}]}}