{"id":2865,"date":"2020-10-26T09:59:47","date_gmt":"2020-10-26T08:59:47","guid":{"rendered":"https:\/\/www.camping-pyrenees.com\/accueil\/"},"modified":"2024-04-03T11:41:58","modified_gmt":"2024-04-03T09:41:58","slug":"accueil","status":"publish","type":"page","link":"https:\/\/www.camping-pyrenees.com\/es\/","title":{"rendered":"Accueil"},"content":{"rendered":"<section id=\"section-5f9a841700e1e\"\" class=\"section home-first bg-white\" \/><div class=\"container large\"><div class=\"colonnes-wrap valign-middle \"><div class=\"element colonne p-0\"><h1 class=\"element section-title left\">Camping Bar\u00e9tous Pyr\u00e9n\u00e9es<\/h1><\/div><div class=\"element colonne p-0\"><h2 class=\"element section-title left m-0\">camping bar\u00e9tous pyr\u00e9n\u00e9es \u00e0 aramits, entre haut-b\u00e9arn, pa\u00eds vasco y espa\u00f1a<\/h2><div class=\"element bloc-text left \">\n\t<p>Idealmente situado en Aramits, en los Pirineos Atl\u00e1nticos, el camping Bar\u00e9tous Pyr\u00e9n\u00e9es**** le acoge en temporada baja y alta. Para las vacaciones en los Pirineos Atl\u00e1nticos, tenemos una amplia gama de parcelas para tiendas y caravanas y alquiler de casas de campa\u00f1a, chalets de madera, casas m\u00f3viles y bungalows. <\/p>\n<\/div><\/div><\/div><\/div><\/section>\n\n<section id=\"section-5f9a8417010af\"\" class=\"section home-second bg-color3 p-t-0 p-b-0\" \/><div class=\"container full\"><div class=\"colonnes-wrap valign-middle \"><div class=\"element colonne p-l-8\"><h2 class=\"element section-title left\">\u00a1A su servicio! <span>Los servicios del camping bar\u00e9tous Pyr\u00e9n\u00e9es<\/span><\/h2><div class=\"element bloc-text left \">\n\t<p>Su familia aprovechar\u00e1 nuestros servicios para pasar momentos de relax en nuestro parque infantil, la zona de bienestar, podr\u00e1 disfrutar de una merienda en el snack bar y utilizar la lavander\u00eda. Al estar a orillas de un r\u00edo tranquilo y silencioso, podr\u00e1 disfrutar de unas vacaciones en medio de la naturaleza.<\/p>\n<p>Navegue por el sitio para descubrir nuestros diferentes alojamientos o reserve su estancia ahora (reserva online).<\/p>\n<p>El Camping Bar\u00e9tous Pyr\u00e9n\u00e9es en Aramits, entre Haut-B\u00e9arn, Pa\u00eds Vasco y Espa\u00f1a.<\/p>\n<\/div><\/div><div class=\"element colonne \"><div class=\"element bloc-code\">\n\t<div id=\"services\" class=\"element\">\n<div class=\"container\">\n<div class=\"colonnes-wrap\">\n<div class=\"colonne\"><i class=\"icon-snack\"><\/i>\t<span>bar de bocadillos<\/span><\/div>\n<div class=\"colonne\"><i class=\"icon-velo\"><\/i><span>alquiler de bicicletas<\/span><\/div>\n<div class=\"colonne\"><i class=\"icon-epicerie\"><\/i><span>tienda de comestibles<\/span><\/div>\n<div class=\"colonne\"><i class=\"icon-bbq\"><\/i><span>alquileres<br \/>varios<\/span><\/div>\n<div class=\"colonne\"><i class=\"icon-wifi\"><\/i><span>wifi gratis<\/span><\/div>\n<div class=\"colonne\"><i class=\"icon-groupe\"><\/i><span>home<br \/>de grupos<\/span><\/div>\n<div class=\"colonne\"><i class=\"icon-marche\"><\/i><span>mercado local <br \/> en el camping<\/span><\/div>\n<\/p><\/div>\n<\/p><\/div>\n<\/div>\n<\/div><\/div><\/div><\/div><\/section>\n\n<section id=\"section-5f9a91a157a77\"\" class=\"section home-third bg-white\" \/><div class=\"container large\"><h2 class=\"element section-title center\">Alquileres laterales <span> los alojamientos del camping<\/span><\/h2><div class=\"colonnes-wrap valign-top \"><div class=\"element colonne \"><div class=\"element call-to-action  call-to-action--style-1 call-to-action--big\"><a href=\"https:\/\/www.camping-pyrenees.com\/es\/alquiler-chalet-pirineos\/\"  class=\"call-to-action_link\" title=\"Aprende m\u00e1s sobre los chalets\"><div class=\"call-to-action_image\"><img decoding=\"async\" src=\"https:\/\/www.camping-pyrenees.com\/wp-content\/uploads\/2020\/11\/village-chalet-camping-100x56.jpg\" data-src=\"https:\/\/www.camping-pyrenees.com\/wp-content\/uploads\/2020\/11\/village-chalet-camping.jpg\" alt=\"village chalet camping\" class=\"big\" \/><\/div><div class=\"call-to-action_contenu\"><div class=\"call-to-action_titre\">Los chalets<\/div><\/div><\/a><\/div><\/div><div class=\"element colonne \"><div class=\"element call-to-action  call-to-action--style-1 call-to-action--big\"><a href=\"https:\/\/www.camping-pyrenees.com\/es\/alquiler-lodge-pirineos\/\"  class=\"call-to-action_link\" title=\"Aprende m\u00e1s sobre tiendas de campa\u00f1a\"><div class=\"call-to-action_image\"><img decoding=\"async\" src=\"https:\/\/www.camping-pyrenees.com\/wp-content\/uploads\/2020\/10\/camping-baretous-cta-lodge-100x79.jpg\" data-src=\"https:\/\/www.camping-pyrenees.com\/wp-content\/uploads\/2020\/10\/camping-baretous-cta-lodge.jpg\" alt=\"\" class=\"big\" \/><\/div><div class=\"call-to-action_contenu\"><div class=\"call-to-action_titre\">tiendas de campa\u00f1a<\/div><\/div><\/a><\/div><\/div><div class=\"element colonne \"><div class=\"element call-to-action  call-to-action--style-1 call-to-action--big\"><a href=\"https:\/\/www.camping-pyrenees.com\/es\/alquiler-casas-moviles-pirineos\/\"  class=\"call-to-action_link\" title=\"Aprende m\u00e1s sobre casas m\u00f3viles\"><div class=\"call-to-action_image\"><img decoding=\"async\" src=\"https:\/\/www.camping-pyrenees.com\/wp-content\/uploads\/2020\/10\/camping-baretous-cta-mobil-home-100x79.jpg\" data-src=\"https:\/\/www.camping-pyrenees.com\/wp-content\/uploads\/2020\/10\/camping-baretous-cta-mobil-home.jpg\" alt=\"\" class=\"big\" \/><\/div><div class=\"call-to-action_contenu\"><div class=\"call-to-action_titre\">casas m\u00f3viles<\/div><\/div><\/a><\/div><\/div><\/div><div class=\"colonnes-wrap valign-middle \"><div class=\"element colonne w-33\"><div class=\"element call-to-action  call-to-action--style-1 call-to-action--big\"><a href=\"https:\/\/www.camping-pyrenees.com\/es\/alquiler-parcelas-pirineos\/\"  class=\"call-to-action_link\" title=\"Aprende m\u00e1s sobre los lanzamientos\"><div class=\"call-to-action_image\"><img decoding=\"async\" src=\"https:\/\/www.camping-pyrenees.com\/wp-content\/uploads\/2020\/10\/camping-baretous-cta-emplacements-100x79.jpg\" data-src=\"https:\/\/www.camping-pyrenees.com\/wp-content\/uploads\/2020\/10\/camping-baretous-cta-emplacements.jpg\" alt=\"\" class=\"big\" \/><\/div><div class=\"call-to-action_contenu\"><div class=\"call-to-action_titre\">Los lanzamientos<\/div><\/div><\/a><\/div><\/div><div class=\"element colonne w-66\"><div class=\"element bloc-text center \">\n\t<p>Si sue\u00f1as con unas vacaciones entre el campo y la monta\u00f1a, Laurette y Yohann te acoger\u00e1n en un camping familiar de calidad. En este espacio natural, encontrar\u00e1n su felicidad gracias a nuestras ofertas de <a href=\"\/es\/alquiler-casas-moviles-pirineos\/\">alquiler-mobil-homes<\/a>, <a href=\"\/es\/alquiler-lodge-pirineos\/\">tent lodges<\/a>, <a href=\"\/es\/alquiler-chalet-pirineos\/\">chalets<\/a> y nuestra <a href=\"\/es\/alquiler-parcelas-pirineos\/\">localizaci\u00f3n de parcelas<\/a> delimitadas para caravanas, autocaravanas y tiendas.<\/p>\n<\/div><\/div><\/div><\/div><\/section>\n\n<section id=\"section-5f9a91a157e06\"\" class=\"section home-fourth bg-color3 section--has-bg-img\" \/><img decoding=\"async\" src=\"https:\/\/www.camping-pyrenees.com\/wp-content\/uploads\/2020\/11\/camping-baretous-deco-bg-alentours-version-2-100x52.png\" data-src=\"https:\/\/www.camping-pyrenees.com\/wp-content\/uploads\/2020\/11\/camping-baretous-deco-bg-alentours-version-2.png\" alt=\"\" class=\"section_bg-img\" data-opacite=\"1\"\/><div class=\"container large\"><div class=\"colonnes-wrap valign-top \"><div class=\"element colonne p-l-5\"><h2 class=\"element section-title left\">La regi\u00f3n <span>descubrir los alrededores<\/span><\/h2><div class=\"element bloc-text left \">\n\t<p>Aprovechen la ubicaci\u00f3n ideal de nuestro camping para descubrir la riqueza cultural de nuestro territorio.<\/p>\n<p>Visitar\u00e1s las ciudades <a href=\"\/es\/cita-del-personaje-pirineos\/\">caracter\u00edsticas<\/a> y los <a href=\"\/es\/visitas-pirineos\/\">lugares tur\u00edsticos<\/a> de los Pirineos. Y, descubre la gastronom\u00eda local rica en sabores con la guindilla de Espelette, el jam\u00f3n de Bayona y tambi\u00e9n el famoso pastel vasco.<\/p>\n<p>Los eventos deportivos tienen lugar en nuestra regi\u00f3n durante todo el a\u00f1o. Asistir\u00e1s al Gran Premio de Pau, a las pistas y a muchos otros. En familia o con amigos, podr\u00e1s divertirte gracias a numerosas <a href=\"\/es\/actividades-pirenaicas\/\">actividades de ocio<\/a> y <a href=\"\/es\/actividades-deportivas-pirenaicas\/\">deportivas<\/a> cerca del camping.<\/p>\n<\/div><\/div><div class=\"element colonne relative\"><div class=\"bouton-carte\">Descubra nuestro mapa interactivo<\/div><div class=\"carte-pop\"><\/div><\/div><\/div><ul class=\"liste-de-page\"><li class=\"element call-to-action carre call-to-action--style-1 call-to-action--big\"><a href=\"https:\/\/www.camping-pyrenees.com\/es\/visitas-pirineos\/\"  class=\"call-to-action_link\" title=\"Aprende m\u00e1s sobre los principales sitios tur\u00edsticos\"><div class=\"call-to-action_image\"><img decoding=\"async\" src=\"https:\/\/www.camping-pyrenees.com\/wp-content\/uploads\/2020\/10\/camping-baretous-cta-alentours-site-touristiques-majeurs-100x57.jpg\" data-src=\"https:\/\/www.camping-pyrenees.com\/wp-content\/uploads\/2020\/10\/camping-baretous-cta-alentours-site-touristiques-majeurs.jpg\" alt=\"\" class=\"big\" \/><\/div><div class=\"call-to-action_contenu\"><div class=\"call-to-action_titre\">Los principales sitios tur\u00edsticos<\/div><\/div><\/a><\/li><li class=\"element call-to-action carre call-to-action--style-1 call-to-action--big call-to-action--style-1 call-to-action--big\"><a href=\"https:\/\/www.camping-pyrenees.com\/es\/eventos-deportivos-pirineos\/\"  class=\"call-to-action_link\" title=\"Aprende m\u00e1s sobre eventos deportivos\"><div class=\"call-to-action_image\"><img decoding=\"async\" src=\"https:\/\/www.camping-pyrenees.com\/wp-content\/uploads\/2020\/10\/camping-baretous-cta-alentours-evenements-sportifs-100x57.jpg\" data-src=\"https:\/\/www.camping-pyrenees.com\/wp-content\/uploads\/2020\/10\/camping-baretous-cta-alentours-evenements-sportifs.jpg\" alt=\"\" class=\"big\" \/><\/div><div class=\"call-to-action_contenu\"><div class=\"call-to-action_titre\">Eventos deportivos<\/div><\/div><\/a><\/li><li class=\"element call-to-action carre call-to-action--style-1 call-to-action--big call-to-action--style-1 call-to-action--big call-to-action--style-1 call-to-action--big\"><a href=\"https:\/\/www.camping-pyrenees.com\/es\/actividades-deportivas-pirenaicas\/\"  class=\"call-to-action_link\" title=\"Aprende m\u00e1s sobre actividades deportivas\"><div class=\"call-to-action_image\"><img decoding=\"async\" src=\"https:\/\/www.camping-pyrenees.com\/wp-content\/uploads\/2020\/10\/camping-baretous-cta-alentours-activites-sportives-100x57.jpg\" data-src=\"https:\/\/www.camping-pyrenees.com\/wp-content\/uploads\/2020\/10\/camping-baretous-cta-alentours-activites-sportives.jpg\" alt=\"\" class=\"big\" \/><\/div><div class=\"call-to-action_contenu\"><div class=\"call-to-action_titre\">Actividades deportivas<\/div><\/div><\/a><\/li><li class=\"element call-to-action carre call-to-action--style-1 call-to-action--big call-to-action--style-1 call-to-action--big call-to-action--style-1 call-to-action--big call-to-action--style-1 call-to-action--big\"><a href=\"https:\/\/www.camping-pyrenees.com\/es\/actividades-pirenaicas\/\"  class=\"call-to-action_link\" title=\"Aprende m\u00e1s sobre actividades divertidas\"><div class=\"call-to-action_image\"><img decoding=\"async\" src=\"https:\/\/www.camping-pyrenees.com\/wp-content\/uploads\/2020\/10\/camping-baretous-cta-alentours-activites-ludiques-100x57.jpg\" data-src=\"https:\/\/www.camping-pyrenees.com\/wp-content\/uploads\/2020\/10\/camping-baretous-cta-alentours-activites-ludiques.jpg\" alt=\"\" class=\"big\" \/><\/div><div class=\"call-to-action_contenu\"><div class=\"call-to-action_titre\">Actividades divertidas<\/div><\/div><\/a><\/li><li class=\"element call-to-action carre call-to-action--style-1 call-to-action--big call-to-action--style-1 call-to-action--big call-to-action--style-1 call-to-action--big call-to-action--style-1 call-to-action--big call-to-action--style-1 call-to-action--big\"><a href=\"https:\/\/www.camping-pyrenees.com\/es\/cocina-vasca-bearnesa\/\"  class=\"call-to-action_link\" title=\"Aprende m\u00e1s sobre la cocina vasca-belarnesa\"><div class=\"call-to-action_image\"><img decoding=\"async\" src=\"https:\/\/www.camping-pyrenees.com\/wp-content\/uploads\/2020\/10\/camping-baretous-cta-alentours-gastronomie-100x57.jpg\" data-src=\"https:\/\/www.camping-pyrenees.com\/wp-content\/uploads\/2020\/10\/camping-baretous-cta-alentours-gastronomie.jpg\" alt=\"\" class=\"big\" \/><\/div><div class=\"call-to-action_contenu\"><div class=\"call-to-action_titre\">La cocina vasca-belarnesa<\/div><\/div><\/a><\/li><li class=\"element call-to-action carre call-to-action--style-1 call-to-action--big call-to-action--style-1 call-to-action--big call-to-action--style-1 call-to-action--big call-to-action--style-1 call-to-action--big call-to-action--style-1 call-to-action--big call-to-action--style-1 call-to-action--big\"><a href=\"https:\/\/www.camping-pyrenees.com\/es\/cita-del-personaje-pirineos\/\"  class=\"call-to-action_link\" title=\"Aprende m\u00e1s sobre ciudades de car\u00e1cter\"><div class=\"call-to-action_image\"><img decoding=\"async\" src=\"https:\/\/www.camping-pyrenees.com\/wp-content\/uploads\/2020\/10\/camping-baretous-cta-alentours-cite-de-caractere-100x57.jpg\" data-src=\"https:\/\/www.camping-pyrenees.com\/wp-content\/uploads\/2020\/10\/camping-baretous-cta-alentours-cite-de-caractere.jpg\" alt=\"\" class=\"big\" \/><\/div><div class=\"call-to-action_contenu\"><div class=\"call-to-action_titre\">Ciudades de car\u00e1cter<\/div><\/div><\/a><\/li><\/ul><\/div><\/section>\n\n<section id=\"section-5f9a91a15803a\"\" class=\"section home-fifth bg-white\" \/><div class=\"container large\"><h2 class=\"element section-title center\">Las noticias <span>descubrir las \u00faltimas noticias<\/span><\/h2><ul class=\"liste-de-page articles\"><li class=\"element call-to-action carre call-to-action--style-1 call-to-action--have-description call-to-action--big\"><a href=\"https:\/\/www.camping-pyrenees.com\/es\/blog-es\/ciclismo-en-bearn-y-el-pais-vasco\/\"  class=\"call-to-action_link\" title=\"Aprende m\u00e1s sobre ciclismo en los pirineos\"><div class=\"call-to-action_image\"><img decoding=\"async\" src=\"https:\/\/www.camping-pyrenees.com\/wp-content\/uploads\/2020\/11\/velo-homme-2-100x56.jpg\" data-src=\"https:\/\/www.camping-pyrenees.com\/wp-content\/uploads\/2020\/11\/velo-homme-2.jpg\" alt=\"v\u00e9lo homme\" class=\"big\" \/><\/div><div class=\"call-to-action_contenu\"><div class=\"call-to-action_titre\">Ciclismo en los Pirineos<\/div><\/div><\/a><\/li><li class=\"element call-to-action carre call-to-action--style-1 call-to-action--have-description call-to-action--big call-to-action--style-1 call-to-action--have-description call-to-action--big\"><a href=\"https:\/\/www.camping-pyrenees.com\/es\/blog-es\/benat-un-atleta-fuera-de-estandar\/\"  class=\"call-to-action_link\" title=\"Aprende m\u00e1s sobre el atleta be\u00f1at\"><div class=\"call-to-action_image\"><img decoding=\"async\" src=\"https:\/\/www.camping-pyrenees.com\/wp-content\/uploads\/2020\/11\/course-athletisme-homme-100x56.jpg\" data-src=\"https:\/\/www.camping-pyrenees.com\/wp-content\/uploads\/2020\/11\/course-athletisme-homme.jpg\" alt=\"course-athletisme-homme\" class=\"big\" \/><\/div><div class=\"call-to-action_contenu\"><div class=\"call-to-action_titre\">El atleta Be\u00f1at<\/div><\/div><\/a><\/li><li class=\"element call-to-action carre call-to-action--style-1 call-to-action--have-description call-to-action--big call-to-action--style-1 call-to-action--have-description call-to-action--big call-to-action--style-1 call-to-action--have-description call-to-action--big\"><a href=\"https:\/\/www.camping-pyrenees.com\/es\/blog-es\/festival-pastores-aramida\/\"  class=\"call-to-action_link\" title=\"Aprende m\u00e1s sobre el d\u00eda del pastor\"><div class=\"call-to-action_image\"><img decoding=\"async\" src=\"https:\/\/www.camping-pyrenees.com\/wp-content\/uploads\/2020\/10\/troupeau-mouton-100x56.jpg\" data-src=\"https:\/\/www.camping-pyrenees.com\/wp-content\/uploads\/2020\/10\/troupeau-mouton.jpg\" alt=\"troupeau mouton\" class=\"big\" \/><\/div><div class=\"call-to-action_contenu\"><div class=\"call-to-action_titre\">El D\u00eda del Pastor<\/div><\/div><\/a><\/li><\/ul><\/div><\/section>","protected":false},"excerpt":{"rendered":"","protected":false},"author":1,"featured_media":0,"parent":0,"menu_order":0,"comment_status":"closed","ping_status":"closed","template":"","meta":{"_acf_changed":false,"footnotes":""},"class_list":["post-2865","page","type-page","status-publish","hentry"],"acf":[],"yoast_head":"<!-- This site is optimized with the Yoast SEO plugin v25.3 - https:\/\/yoast.com\/wordpress\/plugins\/seo\/ -->\n<title>Camping Pyrenees | Camping B\u00e9arn, Pyrenees (64) | Camping Bar\u00e9tous<\/title>\n<meta name=\"robots\" content=\"index, follow, max-snippet:-1, max-image-preview:large, max-video-preview:-1\" \/>\n<link rel=\"canonical\" href=\"https:\/\/www.camping-pyrenees.com\/es\/\" \/>\n<meta property=\"og:locale\" content=\"es_ES\" \/>\n<meta property=\"og:type\" content=\"article\" \/>\n<meta property=\"og:title\" content=\"Camping Pyrenees | Camping B\u00e9arn, Pyrenees (64) | Camping Bar\u00e9tous\" \/>\n<meta property=\"og:url\" content=\"https:\/\/www.camping-pyrenees.com\/es\/\" \/>\n<meta property=\"og:site_name\" content=\"Camping Baretous PYRENEES\" \/>\n<meta property=\"article:modified_time\" content=\"2024-04-03T09:41:58+00:00\" \/>\n<meta name=\"twitter:card\" content=\"summary_large_image\" \/>\n<script type=\"application\/ld+json\" class=\"yoast-schema-graph\">{\"@context\":\"https:\/\/schema.org\",\"@graph\":[{\"@type\":\"WebPage\",\"@id\":\"https:\/\/www.camping-pyrenees.com\/es\/\",\"url\":\"https:\/\/www.camping-pyrenees.com\/es\/\",\"name\":\"Camping Pyrenees | Camping B\u00e9arn, Pyrenees (64) | Camping Bar\u00e9tous\",\"isPartOf\":{\"@id\":\"https:\/\/www.camping-pyrenees.com\/es\/#website\"},\"datePublished\":\"2020-10-26T08:59:47+00:00\",\"dateModified\":\"2024-04-03T09:41:58+00:00\",\"breadcrumb\":{\"@id\":\"https:\/\/www.camping-pyrenees.com\/es\/#breadcrumb\"},\"inLanguage\":\"es\",\"potentialAction\":[{\"@type\":\"ReadAction\",\"target\":[\"https:\/\/www.camping-pyrenees.com\/es\/\"]}]},{\"@type\":\"BreadcrumbList\",\"@id\":\"https:\/\/www.camping-pyrenees.com\/es\/#breadcrumb\",\"itemListElement\":[{\"@type\":\"ListItem\",\"position\":1,\"name\":\"Camping Pyr\u00e9n\u00e9es\",\"item\":\"https:\/\/www.camping-pyrenees.com\/es\/\"},{\"@type\":\"ListItem\",\"position\":2,\"name\":\"Accueil\"}]},{\"@type\":\"WebSite\",\"@id\":\"https:\/\/www.camping-pyrenees.com\/es\/#website\",\"url\":\"https:\/\/www.camping-pyrenees.com\/es\/\",\"name\":\"Camping Baretous PYRENEES\",\"description\":\"\",\"potentialAction\":[{\"@type\":\"SearchAction\",\"target\":{\"@type\":\"EntryPoint\",\"urlTemplate\":\"https:\/\/www.camping-pyrenees.com\/es\/?s={search_term_string}\"},\"query-input\":{\"@type\":\"PropertyValueSpecification\",\"valueRequired\":true,\"valueName\":\"search_term_string\"}}],\"inLanguage\":\"es\"}]}<\/script>\n<!-- \/ Yoast SEO plugin. -->","yoast_head_json":{"title":"Camping Pyrenees | Camping B\u00e9arn, Pyrenees (64) | Camping Bar\u00e9tous","robots":{"index":"index","follow":"follow","max-snippet":"max-snippet:-1","max-image-preview":"max-image-preview:large","max-video-preview":"max-video-preview:-1"},"canonical":"https:\/\/www.camping-pyrenees.com\/es\/","og_locale":"es_ES","og_type":"article","og_title":"Camping Pyrenees | Camping B\u00e9arn, Pyrenees (64) | Camping Bar\u00e9tous","og_url":"https:\/\/www.camping-pyrenees.com\/es\/","og_site_name":"Camping Baretous PYRENEES","article_modified_time":"2024-04-03T09:41:58+00:00","twitter_card":"summary_large_image","schema":{"@context":"https:\/\/schema.org","@graph":[{"@type":"WebPage","@id":"https:\/\/www.camping-pyrenees.com\/es\/","url":"https:\/\/www.camping-pyrenees.com\/es\/","name":"Camping Pyrenees | Camping B\u00e9arn, Pyrenees (64) | Camping Bar\u00e9tous","isPartOf":{"@id":"https:\/\/www.camping-pyrenees.com\/es\/#website"},"datePublished":"2020-10-26T08:59:47+00:00","dateModified":"2024-04-03T09:41:58+00:00","breadcrumb":{"@id":"https:\/\/www.camping-pyrenees.com\/es\/#breadcrumb"},"inLanguage":"es","potentialAction":[{"@type":"ReadAction","target":["https:\/\/www.camping-pyrenees.com\/es\/"]}]},{"@type":"BreadcrumbList","@id":"https:\/\/www.camping-pyrenees.com\/es\/#breadcrumb","itemListElement":[{"@type":"ListItem","position":1,"name":"Camping Pyr\u00e9n\u00e9es","item":"https:\/\/www.camping-pyrenees.com\/es\/"},{"@type":"ListItem","position":2,"name":"Accueil"}]},{"@type":"WebSite","@id":"https:\/\/www.camping-pyrenees.com\/es\/#website","url":"https:\/\/www.camping-pyrenees.com\/es\/","name":"Camping Baretous PYRENEES","description":"","potentialAction":[{"@type":"SearchAction","target":{"@type":"EntryPoint","urlTemplate":"https:\/\/www.camping-pyrenees.com\/es\/?s={search_term_string}"},"query-input":{"@type":"PropertyValueSpecification","valueRequired":true,"valueName":"search_term_string"}}],"inLanguage":"es"}]}},"_links":{"self":[{"href":"https:\/\/www.camping-pyrenees.com\/es\/wp-json\/wp\/v2\/pages\/2865"}],"collection":[{"href":"https:\/\/www.camping-pyrenees.com\/es\/wp-json\/wp\/v2\/pages"}],"about":[{"href":"https:\/\/www.camping-pyrenees.com\/es\/wp-json\/wp\/v2\/types\/page"}],"author":[{"embeddable":true,"href":"https:\/\/www.camping-pyrenees.com\/es\/wp-json\/wp\/v2\/users\/1"}],"replies":[{"embeddable":true,"href":"https:\/\/www.camping-pyrenees.com\/es\/wp-json\/wp\/v2\/comments?post=2865"}],"version-history":[{"count":8,"href":"https:\/\/www.camping-pyrenees.com\/es\/wp-json\/wp\/v2\/pages\/2865\/revisions"}],"predecessor-version":[{"id":4814,"href":"https:\/\/www.camping-pyrenees.com\/es\/wp-json\/wp\/v2\/pages\/2865\/revisions\/4814"}],"wp:attachment":[{"href":"https:\/\/www.camping-pyrenees.com\/es\/wp-json\/wp\/v2\/media?parent=2865"}],"curies":[{"name":"wp","href":"https:\/\/api.w.org\/{rel}","templated":true}]}}